{"id":28,"date":"2025-06-05T07:22:07","date_gmt":"2025-06-05T07:22:07","guid":{"rendered":"https:\/\/factoria-agro.ua\/?page_id=28"},"modified":"2025-07-22T09:00:22","modified_gmt":"2025-07-22T09:00:22","slug":"legal-terms-conditions","status":"publish","type":"page","link":"https:\/\/factoria-agro.ua\/de\/legal-terms-conditions\/","title":{"rendered":"Legal &#8211; Terms &#038; Conditions"},"content":{"rendered":"<div data-elementor-type=\"wp-page\" data-elementor-id=\"28\" class=\"elementor elementor-28\" data-elementor-post-type=\"page\">\n\t\t\t\t<div class=\"elementor-element elementor-element-f30f80f e-flex e-con-boxed e-con e-parent\" data-id=\"f30f80f\" data-element_type=\"container\">\n\t\t\t\t\t<div class=\"e-con-inner\">\n\t\t<div class=\"elementor-element elementor-element-0e1980d e-con-full e-flex e-con e-child\" data-id=\"0e1980d\" data-element_type=\"container\">\n\t\t\t\t<div class=\"elementor-element elementor-element-c007be7 elementor-widget elementor-widget-heading\" data-id=\"c007be7\" data-element_type=\"widget\" data-widget_type=\"heading.default\">\n\t\t\t\t<div class=\"elementor-widget-container\">\n\t\t\t\t\t<h2 class=\"elementor-heading-title elementor-size-default\">Bedingungen und Konditionen<\/h2>\t\t\t\t<\/div>\n\t\t\t\t<\/div>\n\t\t\t\t<div class=\"elementor-element elementor-element-5ced712 elementor-widget elementor-widget-heading\" data-id=\"5ced712\" data-element_type=\"widget\" data-widget_type=\"heading.default\">\n\t\t\t\t<div class=\"elementor-widget-container\">\n\t\t\t\t\t<h2 class=\"elementor-heading-title elementor-size-default\">Einf\u00fchrung<\/h2>\t\t\t\t<\/div>\n\t\t\t\t<\/div>\n\t\t\t\t<div class=\"elementor-element elementor-element-92eac81 elementor-widget elementor-widget-text-editor\" data-id=\"92eac81\" data-element_type=\"widget\" data-widget_type=\"text-editor.default\">\n\t\t\t\t<div class=\"elementor-widget-container\">\n\t\t\t\t\t\t\t\t\t<p>Willkommen bei Factoria-Agro, einem f\u00fchrenden ukrainischen Hersteller von hochwertigen Senf-, Leinsamen- und Korianderzutaten. Diese Allgemeinen Gesch\u00e4ftsbedingungen regeln die Nutzung unserer Website (https:\/\/factoria-agro.ua\/en) und den Kauf oder die Lieferung unserer Produkte und Dienstleistungen. Indem Sie auf unsere Website zugreifen oder mit uns Gesch\u00e4fte machen, erkl\u00e4ren Sie sich mit diesen Bedingungen einverstanden. Wenn Sie nicht einverstanden sind, unterlassen Sie bitte die Nutzung unserer Website oder unserer Dienstleistungen.<\/p>\t\t\t\t\t\t\t\t<\/div>\n\t\t\t\t<\/div>\n\t\t\t\t<div class=\"elementor-element elementor-element-5dd6a12 elementor-widget elementor-widget-heading\" data-id=\"5dd6a12\" data-element_type=\"widget\" data-widget_type=\"heading.default\">\n\t\t\t\t<div class=\"elementor-widget-container\">\n\t\t\t\t\t<h2 class=\"elementor-heading-title elementor-size-default\">Definitionen<\/h2>\t\t\t\t<\/div>\n\t\t\t\t<\/div>\n\t\t\t\t<div class=\"elementor-element elementor-element-d26a403 elementor-widget elementor-widget-text-editor\" data-id=\"d26a403\" data-element_type=\"widget\" data-widget_type=\"text-editor.default\">\n\t\t\t\t<div class=\"elementor-widget-container\">\n\t\t\t\t\t\t\t\t\t<p>\"Factoria-Agro\", \"wir\", \"uns\" oder \"unser\" bezieht sich auf Factoria-Agro, ein in der Ukraine registriertes Unternehmen.<\/p><p>\"Sie\" oder \"Kunde\" bezieht sich auf jede Person, Firma oder Einrichtung, die unsere Website nutzt oder unsere Produkte kauft.<\/p><p>\"Produkte\" bezieht sich auf Senfk\u00f6rner, Senfpulver, Senf\u00f6l, Leinsamen\u00f6l, Lein\u00f6lkuchen, Koriandersamen, gemahlenen Koriander und verwandte Zutaten.<\/p>\t\t\t\t\t\t\t\t<\/div>\n\t\t\t\t<\/div>\n\t\t\t\t<div class=\"elementor-element elementor-element-d7b262b elementor-widget elementor-widget-heading\" data-id=\"d7b262b\" data-element_type=\"widget\" data-widget_type=\"heading.default\">\n\t\t\t\t<div class=\"elementor-widget-container\">\n\t\t\t\t\t<h2 class=\"elementor-heading-title elementor-size-default\">Umfang der Dienstleistungen<\/h2>\t\t\t\t<\/div>\n\t\t\t\t<\/div>\n\t\t\t\t<div class=\"elementor-element elementor-element-0918b21 elementor-widget elementor-widget-text-editor\" data-id=\"0918b21\" data-element_type=\"widget\" data-widget_type=\"text-editor.default\">\n\t\t\t\t<div class=\"elementor-widget-container\">\n\t\t\t\t\t\t\t\t\t<p>Factoria-Agro bietet qualitativ hochwertige landwirtschaftliche Produkte und damit verbundene Dienstleistungen an, einschlie\u00dflich Produktlieferung, Logistik und ma\u00dfgeschneiderte L\u00f6sungen f\u00fcr Unternehmen. Alle Transaktionen unterliegen diesen Allgemeinen Gesch\u00e4ftsbedingungen, sofern in einem unterzeichneten Vertrag nichts anderes vereinbart wurde.<\/p>\t\t\t\t\t\t\t\t<\/div>\n\t\t\t\t<\/div>\n\t\t\t\t<div class=\"elementor-element elementor-element-d654801 elementor-widget elementor-widget-heading\" data-id=\"d654801\" data-element_type=\"widget\" data-widget_type=\"heading.default\">\n\t\t\t\t<div class=\"elementor-widget-container\">\n\t\t\t\t\t<h2 class=\"elementor-heading-title elementor-size-default\">Auftr\u00e4ge und Vertr\u00e4ge<\/h2>\t\t\t\t<\/div>\n\t\t\t\t<\/div>\n\t\t\t\t<div class=\"elementor-element elementor-element-b9bcc6c elementor-widget elementor-widget-text-editor\" data-id=\"b9bcc6c\" data-element_type=\"widget\" data-widget_type=\"text-editor.default\">\n\t\t\t\t<div class=\"elementor-widget-container\">\n\t\t\t\t\t\t\t\t\t<p>Auftragserteilung: Bestellungen k\u00f6nnen \u00fcber unser Kontaktformular auf der Website, per E-Mail oder durch direkte Kommunikation mit unserem Vertriebsteam aufgegeben werden. Alle Bestellungen sind vorbehaltlich der Annahme und Verf\u00fcgbarkeit.<\/p><p>Vertragsabschluss: Ein verbindlicher Vertrag kommt mit unserer schriftlichen Auftragsbest\u00e4tigung zustande, die die beiderseitig vereinbarten Bedingungen, Preise und Lieferfristen enth\u00e4lt.<\/p><p>Individuelle Anpassung: Wir bieten ma\u00dfgeschneiderte Produktspezifikationen und Verpackungen auf der Grundlage von Kundenanforderungen, die w\u00e4hrend des Beratungsprozesses vereinbart werden.<\/p>\t\t\t\t\t\t\t\t<\/div>\n\t\t\t\t<\/div>\n\t\t\t\t<div class=\"elementor-element elementor-element-15e30cf elementor-widget elementor-widget-heading\" data-id=\"15e30cf\" data-element_type=\"widget\" data-widget_type=\"heading.default\">\n\t\t\t\t<div class=\"elementor-widget-container\">\n\t\t\t\t\t<h2 class=\"elementor-heading-title elementor-size-default\">Preisgestaltung und Bezahlung<\/h2>\t\t\t\t<\/div>\n\t\t\t\t<\/div>\n\t\t\t\t<div class=\"elementor-element elementor-element-50a35ff elementor-widget elementor-widget-text-editor\" data-id=\"50a35ff\" data-element_type=\"widget\" data-widget_type=\"text-editor.default\">\n\t\t\t\t<div class=\"elementor-widget-container\">\n\t\t\t\t\t\t\t\t\t<p>Preisgestaltung: Die Preise werden in schriftlichen Angeboten angegeben und sind f\u00fcr den angegebenen Zeitraum g\u00fcltig. Die Preise verstehen sich ohne Steuern, Z\u00f6lle oder zus\u00e4tzliche Logistikkosten, sofern nicht anders angegeben.<\/p><p>Zahlungsbedingungen: Die Zahlungen m\u00fcssen gem\u00e4\u00df den in der Auftragsbest\u00e4tigung oder im Vertrag festgelegten Bedingungen erfolgen, in der Regel per Bank\u00fcberweisung. Bei versp\u00e4teten Zahlungen k\u00f6nnen Verzugszinsen in H\u00f6he des ukrainischen Rechts anfallen.<\/p><p>W\u00e4hrung: Sofern nicht anders vereinbart, erfolgen alle Transaktionen in ukrainischen Griwna (UAH) oder in einer gemeinsam vereinbarten W\u00e4hrung (z.B. USD oder EUR).<\/p>\t\t\t\t\t\t\t\t<\/div>\n\t\t\t\t<\/div>\n\t\t\t\t<div class=\"elementor-element elementor-element-55bcca2 elementor-widget elementor-widget-heading\" data-id=\"55bcca2\" data-element_type=\"widget\" data-widget_type=\"heading.default\">\n\t\t\t\t<div class=\"elementor-widget-container\">\n\t\t\t\t\t<h2 class=\"elementor-heading-title elementor-size-default\">Lieferung und Logistik<\/h2>\t\t\t\t<\/div>\n\t\t\t\t<\/div>\n\t\t\t\t<div class=\"elementor-element elementor-element-6b8126d elementor-widget elementor-widget-text-editor\" data-id=\"6b8126d\" data-element_type=\"widget\" data-widget_type=\"text-editor.default\">\n\t\t\t\t<div class=\"elementor-widget-container\">\n\t\t\t\t\t\t\t\t\t<p>Lieferung: Wir liefern unsere Produkte in \u00fcber 100 L\u00e4nder mit Hilfe unserer internen Logistik oder vertrauensw\u00fcrdiger Drittanbieter. Die Lieferbedingungen (z. B. FOB, CIF) werden im Vertrag festgelegt.<\/p><p>Risiko und Eigentum: Das Verlustrisiko geht bei Lieferung gem\u00e4\u00df den vereinbarten Incoterms auf den Kunden \u00fcber. Das Eigentum geht bei vollst\u00e4ndiger Bezahlung \u00fcber.<\/p><p>Versp\u00e4tungen: Factoria-Agro haftet nicht f\u00fcr Versp\u00e4tungen, die durch h\u00f6here Gewalt, einschlie\u00dflich Naturkatastrophen, Streiks oder beh\u00f6rdliche Beschr\u00e4nkungen, verursacht werden, wird den Kunden jedoch umgehend informieren.<\/p>\t\t\t\t\t\t\t\t<\/div>\n\t\t\t\t<\/div>\n\t\t\t\t<div class=\"elementor-element elementor-element-b7fb631 elementor-widget elementor-widget-heading\" data-id=\"b7fb631\" data-element_type=\"widget\" data-widget_type=\"heading.default\">\n\t\t\t\t<div class=\"elementor-widget-container\">\n\t\t\t\t\t<h2 class=\"elementor-heading-title elementor-size-default\">Produktqualit\u00e4t und Garantien<\/h2>\t\t\t\t<\/div>\n\t\t\t\t<\/div>\n\t\t\t\t<div class=\"elementor-element elementor-element-7365115 elementor-widget elementor-widget-text-editor\" data-id=\"7365115\" data-element_type=\"widget\" data-widget_type=\"text-editor.default\">\n\t\t\t\t<div class=\"elementor-widget-container\">\n\t\t\t\t\t\t\t\t\t<p>Qualit\u00e4tsstandards: Unsere Produkte entsprechen den FSSC22000-, Kosher- und Halal-Zertifizierungen und gew\u00e4hrleisten somit hohe Qualit\u00e4t und R\u00fcckverfolgbarkeit.<\/p><p>Garantien: Wir garantieren, dass die Produkte zum Zeitpunkt der Lieferung den vereinbarten Spezifikationen entsprechen. Beanstandungen von M\u00e4ngeln m\u00fcssen innerhalb von 7 Tagen nach Erhalt der Ware unter Beif\u00fcgung von Belegen gemeldet werden.<\/p><p>R\u00fcckgabe: Defekte Produkte k\u00f6nnen nach unserem Ermessen zur\u00fcckgegeben oder ersetzt werden, vorbehaltlich einer Inspektion und \u00dcberpr\u00fcfung.<\/p>\t\t\t\t\t\t\t\t<\/div>\n\t\t\t\t<\/div>\n\t\t\t\t<div class=\"elementor-element elementor-element-2795dfc elementor-widget elementor-widget-heading\" data-id=\"2795dfc\" data-element_type=\"widget\" data-widget_type=\"heading.default\">\n\t\t\t\t<div class=\"elementor-widget-container\">\n\t\t\t\t\t<h2 class=\"elementor-heading-title elementor-size-default\">Geistiges Eigentum<\/h2>\t\t\t\t<\/div>\n\t\t\t\t<\/div>\n\t\t\t\t<div class=\"elementor-element elementor-element-479b902 elementor-widget elementor-widget-text-editor\" data-id=\"479b902\" data-element_type=\"widget\" data-widget_type=\"text-editor.default\">\n\t\t\t\t<div class=\"elementor-widget-container\">\n\t\t\t\t\t\t\t\t\t<p>Der gesamte Inhalt unserer Website, einschlie\u00dflich Logos, Produktbeschreibungen und Bilder, ist Eigentum von Factoria-Agro oder seiner Lizenzgeber. Die unbefugte Nutzung ist ohne vorherige schriftliche Zustimmung verboten.<\/p>\t\t\t\t\t\t\t\t<\/div>\n\t\t\t\t<\/div>\n\t\t\t\t<div class=\"elementor-element elementor-element-d1eccb6 elementor-widget elementor-widget-heading\" data-id=\"d1eccb6\" data-element_type=\"widget\" data-widget_type=\"heading.default\">\n\t\t\t\t<div class=\"elementor-widget-container\">\n\t\t\t\t\t<h2 class=\"elementor-heading-title elementor-size-default\">Beschr\u00e4nkung der Haftung<\/h2>\t\t\t\t<\/div>\n\t\t\t\t<\/div>\n\t\t\t\t<div class=\"elementor-element elementor-element-74735bc elementor-widget elementor-widget-text-editor\" data-id=\"74735bc\" data-element_type=\"widget\" data-widget_type=\"text-editor.default\">\n\t\t\t\t<div class=\"elementor-widget-container\">\n\t\t\t\t\t\t\t\t\t<p>Factoria-Agro haftet nicht f\u00fcr indirekte, zuf\u00e4llige oder Folgesch\u00e4den, die sich aus der Nutzung unserer Produkte oder Dienstleistungen ergeben, es sei denn, dies ist gesetzlich verboten.<\/p><p>Unsere Haftung ist auf den Wert der im Rahmen des betreffenden Vertrags gelieferten Produkte oder Dienstleistungen beschr\u00e4nkt.<\/p><p>Die Kunden sind daf\u00fcr verantwortlich, dass unsere Produkte ihren lokalen gesetzlichen Anforderungen entsprechen.<\/p>\t\t\t\t\t\t\t\t<\/div>\n\t\t\t\t<\/div>\n\t\t\t\t<div class=\"elementor-element elementor-element-08df8b5 elementor-widget elementor-widget-heading\" data-id=\"08df8b5\" data-element_type=\"widget\" data-widget_type=\"heading.default\">\n\t\t\t\t<div class=\"elementor-widget-container\">\n\t\t\t\t\t<h2 class=\"elementor-heading-title elementor-size-default\">Vertraulichkeit<\/h2>\t\t\t\t<\/div>\n\t\t\t\t<\/div>\n\t\t\t\t<div class=\"elementor-element elementor-element-7b5ba70 elementor-widget elementor-widget-text-editor\" data-id=\"7b5ba70\" data-element_type=\"widget\" data-widget_type=\"text-editor.default\">\n\t\t\t\t<div class=\"elementor-widget-container\">\n\t\t\t\t\t\t\t\t\t<p dir=\"ltr\" data-pm-slice=\"1 1 []\">Alle vertraulichen Informationen, die im Rahmen von Gesch\u00e4ftsbeziehungen weitergegeben werden (z. B. Preise, Spezifikationen), d\u00fcrfen ohne schriftliche Zustimmung nicht an Dritte weitergegeben werden, es sei denn, dies ist gesetzlich vorgeschrieben.<\/p>\t\t\t\t\t\t\t\t<\/div>\n\t\t\t\t<\/div>\n\t\t\t\t<div class=\"elementor-element elementor-element-332ac63 elementor-widget elementor-widget-heading\" data-id=\"332ac63\" data-element_type=\"widget\" data-widget_type=\"heading.default\">\n\t\t\t\t<div class=\"elementor-widget-container\">\n\t\t\t\t\t<h2 class=\"elementor-heading-title elementor-size-default\">Geltendes Recht und Streitbeilegung<\/h2>\t\t\t\t<\/div>\n\t\t\t\t<\/div>\n\t\t\t\t<div class=\"elementor-element elementor-element-a5dcafb elementor-widget elementor-widget-text-editor\" data-id=\"a5dcafb\" data-element_type=\"widget\" data-widget_type=\"text-editor.default\">\n\t\t\t\t<div class=\"elementor-widget-container\">\n\t\t\t\t\t\t\t\t\t<p>Geltendes Recht: Diese Allgemeinen Gesch\u00e4ftsbedingungen unterliegen den Gesetzen der Ukraine.<\/p><p>Meinungsverschiedenheiten: Alle Streitigkeiten, die sich aus diesen Bedingungen oder damit zusammenh\u00e4ngenden Vertr\u00e4gen ergeben, werden auf dem Verhandlungsweg beigelegt. Falls keine L\u00f6sung gefunden wird, werden die Streitigkeiten den zust\u00e4ndigen Gerichten in Kiew, Ukraine, vorgelegt, sofern nichts anderes vereinbart wurde.<\/p>\t\t\t\t\t\t\t\t<\/div>\n\t\t\t\t<\/div>\n\t\t\t\t<div class=\"elementor-element elementor-element-ea32d19 elementor-widget elementor-widget-heading\" data-id=\"ea32d19\" data-element_type=\"widget\" data-widget_type=\"heading.default\">\n\t\t\t\t<div class=\"elementor-widget-container\">\n\t\t\t\t\t<h2 class=\"elementor-heading-title elementor-size-default\">H\u00f6here Gewalt<\/h2>\t\t\t\t<\/div>\n\t\t\t\t<\/div>\n\t\t\t\t<div class=\"elementor-element elementor-element-40fc275 elementor-widget elementor-widget-text-editor\" data-id=\"40fc275\" data-element_type=\"widget\" data-widget_type=\"text-editor.default\">\n\t\t\t\t<div class=\"elementor-widget-container\">\n\t\t\t\t\t\t\t\t\t<p dir=\"ltr\" data-pm-slice=\"1 1 []\">Factoria-Agro haftet nicht f\u00fcr die Nichterf\u00fcllung von Verpflichtungen aufgrund von unvorhergesehenen Ereignissen, die au\u00dferhalb unserer Kontrolle liegen, einschlie\u00dflich, aber nicht beschr\u00e4nkt auf Krieg, Naturkatastrophen oder beh\u00f6rdliche Einschr\u00e4nkungen.<\/p>\t\t\t\t\t\t\t\t<\/div>\n\t\t\t\t<\/div>\n\t\t\t\t<div class=\"elementor-element elementor-element-8d8ebe7 elementor-widget elementor-widget-heading\" data-id=\"8d8ebe7\" data-element_type=\"widget\" data-widget_type=\"heading.default\">\n\t\t\t\t<div class=\"elementor-widget-container\">\n\t\t\t\t\t<h2 class=\"elementor-heading-title elementor-size-default\">Terminierung<\/h2>\t\t\t\t<\/div>\n\t\t\t\t<\/div>\n\t\t\t\t<div class=\"elementor-element elementor-element-9bf675e elementor-widget elementor-widget-text-editor\" data-id=\"9bf675e\" data-element_type=\"widget\" data-widget_type=\"text-editor.default\">\n\t\t\t\t<div class=\"elementor-widget-container\">\n\t\t\t\t\t\t\t\t\t<p dir=\"ltr\" data-pm-slice=\"1 1 []\">Wir behalten uns das Recht vor, die Dienste zu beenden oder auszusetzen, wenn ein Kunde gegen diese Bedingungen verst\u00f6\u00dft, seine Zahlungen nicht leistet oder sich rechtswidrig verh\u00e4lt. Die Beendigung entbindet den Kunden nicht von seinen ausstehenden Zahlungsverpflichtungen.<\/p>\t\t\t\t\t\t\t\t<\/div>\n\t\t\t\t<\/div>\n\t\t\t\t<div class=\"elementor-element elementor-element-5853489 elementor-widget elementor-widget-heading\" data-id=\"5853489\" data-element_type=\"widget\" data-widget_type=\"heading.default\">\n\t\t\t\t<div class=\"elementor-widget-container\">\n\t\t\t\t\t<h2 class=\"elementor-heading-title elementor-size-default\">\u00c4nderungsantr\u00e4ge<\/h2>\t\t\t\t<\/div>\n\t\t\t\t<\/div>\n\t\t\t\t<div class=\"elementor-element elementor-element-f7beadd elementor-widget elementor-widget-text-editor\" data-id=\"f7beadd\" data-element_type=\"widget\" data-widget_type=\"text-editor.default\">\n\t\t\t\t<div class=\"elementor-widget-container\">\n\t\t\t\t\t\t\t\t\t<p dir=\"ltr\" data-pm-slice=\"1 1 []\">Wir k\u00f6nnen diese Allgemeinen Gesch\u00e4ftsbedingungen jederzeit aktualisieren. Die neueste Version wird auf unserer Website ver\u00f6ffentlicht, und die fortgesetzte Nutzung unserer Dienste bedeutet die Annahme der aktualisierten Bedingungen. Wesentliche \u00c4nderungen werden den bestehenden Kunden per E-Mail mitgeteilt.<\/p>\t\t\t\t\t\t\t\t<\/div>\n\t\t\t\t<\/div>\n\t\t\t\t<div class=\"elementor-element elementor-element-48757fc elementor-widget elementor-widget-heading\" data-id=\"48757fc\" data-element_type=\"widget\" data-widget_type=\"heading.default\">\n\t\t\t\t<div class=\"elementor-widget-container\">\n\t\t\t\t\t<h2 class=\"elementor-heading-title elementor-size-default\">Kontaktinformationen<\/h2>\t\t\t\t<\/div>\n\t\t\t\t<\/div>\n\t\t\t\t<div class=\"elementor-element elementor-element-ef002a0 elementor-widget elementor-widget-text-editor\" data-id=\"ef002a0\" data-element_type=\"widget\" data-widget_type=\"text-editor.default\">\n\t\t\t\t<div class=\"elementor-widget-container\">\n\t\t\t\t\t\t\t\t\t<p>Wenn Sie Fragen oder Bedenken bez\u00fcglich dieser Allgemeinen Gesch\u00e4ftsbedingungen haben, wenden Sie sich bitte an uns:<br \/>Factoria-Agro<br \/>info@factoria-agro.ua<br \/>Factoria-Agro, Vyshgorod, st.Novopromyslova,1., Region Kyiv 07301 Ukraine<\/p><p>Zuletzt aktualisiert: 22. Juli 2025<\/p>\t\t\t\t\t\t\t\t<\/div>\n\t\t\t\t<\/div>\n\t\t\t\t<\/div>\n\t\t\t\t\t<\/div>\n\t\t\t\t<\/div>\n\t\t\t\t<\/div>","protected":false},"excerpt":{"rendered":"<p>Terms &amp; Conditions Introduction Welcome to Factoria-Agro, a leading Ukrainian producer of premium mustard, flaxseed, and coriander ingredients. These Terms and Conditions govern the use of our website (https:\/\/factoria-agro.ua\/en) and the purchase or supply of our products and services. By accessing our website or engaging in business with us, you agree to these terms. If [&hellip;]<\/p>","protected":false},"author":4,"featured_media":0,"parent":0,"menu_order":0,"comment_status":"closed","ping_status":"closed","template":"","meta":{"_acf_changed":false,"footnotes":""},"class_list":["post-28","page","type-page","status-publish","hentry"],"acf":[],"_links":{"self":[{"href":"https:\/\/factoria-agro.ua\/de\/wp-json\/wp\/v2\/pages\/28","targetHints":{"allow":["GET"]}}],"collection":[{"href":"https:\/\/factoria-agro.ua\/de\/wp-json\/wp\/v2\/pages"}],"about":[{"href":"https:\/\/factoria-agro.ua\/de\/wp-json\/wp\/v2\/types\/page"}],"author":[{"embeddable":true,"href":"https:\/\/factoria-agro.ua\/de\/wp-json\/wp\/v2\/users\/4"}],"replies":[{"embeddable":true,"href":"https:\/\/factoria-agro.ua\/de\/wp-json\/wp\/v2\/comments?post=28"}],"version-history":[{"count":3,"href":"https:\/\/factoria-agro.ua\/de\/wp-json\/wp\/v2\/pages\/28\/revisions"}],"predecessor-version":[{"id":2024,"href":"https:\/\/factoria-agro.ua\/de\/wp-json\/wp\/v2\/pages\/28\/revisions\/2024"}],"wp:attachment":[{"href":"https:\/\/factoria-agro.ua\/de\/wp-json\/wp\/v2\/media?parent=28"}],"curies":[{"name":"wp","href":"https:\/\/api.w.org\/{rel}","templated":true}]}}