{"id":30,"date":"2025-06-05T07:22:24","date_gmt":"2025-06-05T07:22:24","guid":{"rendered":"https:\/\/factoria-agro.ua\/?page_id=30"},"modified":"2025-07-22T08:54:04","modified_gmt":"2025-07-22T08:54:04","slug":"legal-privacy-policy","status":"publish","type":"page","link":"https:\/\/factoria-agro.ua\/de\/legal-privacy-policy\/","title":{"rendered":"Legal &#8211; Privacy Policy"},"content":{"rendered":"<div data-elementor-type=\"wp-page\" data-elementor-id=\"30\" class=\"elementor elementor-30\" data-elementor-post-type=\"page\">\n\t\t\t\t<div class=\"elementor-element elementor-element-2427e3a e-flex e-con-boxed e-con e-parent\" data-id=\"2427e3a\" data-element_type=\"container\">\n\t\t\t\t\t<div class=\"e-con-inner\">\n\t\t<div class=\"elementor-element elementor-element-68da33d e-con-full e-flex e-con e-child\" data-id=\"68da33d\" data-element_type=\"container\">\n\t\t\t\t<div class=\"elementor-element elementor-element-7b393aa elementor-widget elementor-widget-heading\" data-id=\"7b393aa\" data-element_type=\"widget\" data-widget_type=\"heading.default\">\n\t\t\t\t<div class=\"elementor-widget-container\">\n\t\t\t\t\t<h2 class=\"elementor-heading-title elementor-size-default\">Datenschutzbestimmungen<\/h2>\t\t\t\t<\/div>\n\t\t\t\t<\/div>\n\t\t\t\t<div class=\"elementor-element elementor-element-653c81e elementor-widget elementor-widget-heading\" data-id=\"653c81e\" data-element_type=\"widget\" data-widget_type=\"heading.default\">\n\t\t\t\t<div class=\"elementor-widget-container\">\n\t\t\t\t\t<h2 class=\"elementor-heading-title elementor-size-default\">Wer wir sind<\/h2>\t\t\t\t<\/div>\n\t\t\t\t<\/div>\n\t\t\t\t<div class=\"elementor-element elementor-element-7f43441 elementor-widget elementor-widget-text-editor\" data-id=\"7f43441\" data-element_type=\"widget\" data-widget_type=\"text-editor.default\">\n\t\t\t\t<div class=\"elementor-widget-container\">\n\t\t\t\t\t\t\t\t\t<p>Factoria-Agro ist ein f\u00fchrender ukrainischer Hersteller von hochwertigen Senf-, Leinsamen- und Korianderzutaten und exportiert in \u00fcber 100 L\u00e4nder. Unsere Website-Adresse lautet: https:\/\/factoria-agro.ua\/en.<\/p>\t\t\t\t\t\t\t\t<\/div>\n\t\t\t\t<\/div>\n\t\t\t\t<div class=\"elementor-element elementor-element-d9e8677 elementor-widget elementor-widget-heading\" data-id=\"d9e8677\" data-element_type=\"widget\" data-widget_type=\"heading.default\">\n\t\t\t\t<div class=\"elementor-widget-container\">\n\t\t\t\t\t<h2 class=\"elementor-heading-title elementor-size-default\">Welche pers\u00f6nlichen Daten wir sammeln und warum<\/h2>\t\t\t\t<\/div>\n\t\t\t\t<\/div>\n\t\t\t\t<div class=\"elementor-element elementor-element-47aff39 elementor-widget elementor-widget-text-editor\" data-id=\"47aff39\" data-element_type=\"widget\" data-widget_type=\"text-editor.default\">\n\t\t\t\t<div class=\"elementor-widget-container\">\n\t\t\t\t\t\t\t\t\t<p>Wenn Sie mit unserer Website interagieren, z. B. ein Kontaktformular ausf\u00fcllen oder Produktinformationen anfordern, k\u00f6nnen wir personenbezogene Daten wie Ihren Namen, Ihre E-Mail-Adresse, Unternehmensangaben und Telefonnummer erfassen. Diese Daten werden erfasst, um Ihre Anfragen zu beantworten, Produktmuster bereitzustellen, Vertr\u00e4ge auszuhandeln oder Gesch\u00e4ftspartnerschaften zu erleichtern. Wir erheben diese Daten auf der Grundlage Ihrer Zustimmung oder zur Erf\u00fcllung unserer vertraglichen Verpflichtungen.<\/p><p>Wir k\u00f6nnen auch technische Daten wie Ihre IP-Adresse und die Zeichenfolge des Browser-Benutzers erheben, um die Funktionalit\u00e4t und Sicherheit der Website zu gew\u00e4hrleisten, einschlie\u00dflich der Erkennung von Spam. Diese Daten werden zum Schutz unserer berechtigten Interessen an der Aufrechterhaltung einer sicheren und effizienten Online-Pr\u00e4senz verarbeitet.<\/p>\t\t\t\t\t\t\t\t<\/div>\n\t\t\t\t<\/div>\n\t\t\t\t<div class=\"elementor-element elementor-element-e71d374 elementor-widget elementor-widget-heading\" data-id=\"e71d374\" data-element_type=\"widget\" data-widget_type=\"heading.default\">\n\t\t\t\t<div class=\"elementor-widget-container\">\n\t\t\t\t\t<h2 class=\"elementor-heading-title elementor-size-default\">Cookies<\/h2>\t\t\t\t<\/div>\n\t\t\t\t<\/div>\n\t\t\t\t<div class=\"elementor-element elementor-element-133bfeb elementor-widget elementor-widget-text-editor\" data-id=\"133bfeb\" data-element_type=\"widget\" data-widget_type=\"text-editor.default\">\n\t\t\t\t<div class=\"elementor-widget-container\">\n\t\t\t\t\t\t\t\t\t<p>Wir verwenden Cookies, um Ihre Erfahrung auf unserer Website zu verbessern. Dazu geh\u00f6ren:<\/p><p>Wesentliche Cookies: Tempor\u00e4re Cookies, um die Funktionalit\u00e4t der Website zu gew\u00e4hrleisten, z. B. um festzustellen, ob Ihr Browser Cookies annimmt. Sie enthalten keine personenbezogenen Daten und werden gel\u00f6scht, wenn Sie Ihren Browser schlie\u00dfen.<\/p><p>Analyse-Cookies: Wir k\u00f6nnen Cookies verwenden, um anonymisierte Daten \u00fcber die Nutzung der Website zu sammeln und unsere Dienste zu verbessern. Sie k\u00f6nnen diese Cookies \u00fcber Ihre Browsereinstellungen deaktivieren.<\/p><p>Weitere Einzelheiten finden Sie in unserem Cookie-Vermerk auf unserer Website.<\/p>\t\t\t\t\t\t\t\t<\/div>\n\t\t\t\t<\/div>\n\t\t\t\t<div class=\"elementor-element elementor-element-f9f2630 elementor-widget elementor-widget-heading\" data-id=\"f9f2630\" data-element_type=\"widget\" data-widget_type=\"heading.default\">\n\t\t\t\t<div class=\"elementor-widget-container\">\n\t\t\t\t\t<h2 class=\"elementor-heading-title elementor-size-default\">Gemeinsame Nutzung von Daten durch Dritte<\/h2>\t\t\t\t<\/div>\n\t\t\t\t<\/div>\n\t\t\t\t<div class=\"elementor-element elementor-element-5057401 elementor-widget elementor-widget-text-editor\" data-id=\"5057401\" data-element_type=\"widget\" data-widget_type=\"text-editor.default\">\n\t\t\t\t<div class=\"elementor-widget-container\">\n\t\t\t\t\t\t\t\t\t<p>Wir k\u00f6nnen Ihre pers\u00f6nlichen Daten weitergeben an:<\/p><p>Logistik-Partner: Zur Erleichterung der Produktlieferung geben wir notwendige Daten (z. B. Firmenname, Lieferadresse) an unsere vertrauensw\u00fcrdigen Logistikanbieter weiter, die vertraglich zum Schutz Ihrer Daten verpflichtet sind.<\/p><p>Gesetzliche Beh\u00f6rden: Wir k\u00f6nnen Daten weitergeben, wenn dies gesetzlich vorgeschrieben ist, z. B. zur Einhaltung von Zollvorschriften oder gesetzlichen Verpflichtungen in den L\u00e4ndern, in denen wir t\u00e4tig sind.<\/p><p>Wir verkaufen Ihre pers\u00f6nlichen Daten nicht und geben sie nicht zu Marketingzwecken oder an Dritte weiter, wenn dies nicht f\u00fcr den Gesch\u00e4ftsbetrieb erforderlich ist.<\/p>\t\t\t\t\t\t\t\t<\/div>\n\t\t\t\t<\/div>\n\t\t\t\t<div class=\"elementor-element elementor-element-a40e1a2 elementor-widget elementor-widget-heading\" data-id=\"a40e1a2\" data-element_type=\"widget\" data-widget_type=\"heading.default\">\n\t\t\t\t<div class=\"elementor-widget-container\">\n\t\t\t\t\t<h2 class=\"elementor-heading-title elementor-size-default\">Eingebettete Inhalte von anderen Websites<\/h2>\t\t\t\t<\/div>\n\t\t\t\t<\/div>\n\t\t\t\t<div class=\"elementor-element elementor-element-fec4f78 elementor-widget elementor-widget-text-editor\" data-id=\"fec4f78\" data-element_type=\"widget\" data-widget_type=\"text-editor.default\">\n\t\t\t\t<div class=\"elementor-widget-container\">\n\t\t\t\t\t\t\t\t\t<p>Unsere Website kann eingebettete Inhalte (z. B. Karten oder Videos) von Drittanbietern enthalten. Diese Anbieter k\u00f6nnen Daten sammeln, Cookies verwenden oder Interaktionen verfolgen, als ob Sie ihre Website direkt besuchen w\u00fcrden. Wir empfehlen, die Datenschutzrichtlinien dieser Drittanbieter zu lesen.<\/p>\t\t\t\t\t\t\t\t<\/div>\n\t\t\t\t<\/div>\n\t\t\t\t<div class=\"elementor-element elementor-element-4313883 elementor-widget elementor-widget-heading\" data-id=\"4313883\" data-element_type=\"widget\" data-widget_type=\"heading.default\">\n\t\t\t\t<div class=\"elementor-widget-container\">\n\t\t\t\t\t<h2 class=\"elementor-heading-title elementor-size-default\">Wie lange wir Ihre Daten aufbewahren<\/h2>\t\t\t\t<\/div>\n\t\t\t\t<\/div>\n\t\t\t\t<div class=\"elementor-element elementor-element-45906d8 elementor-widget elementor-widget-text-editor\" data-id=\"45906d8\" data-element_type=\"widget\" data-widget_type=\"text-editor.default\">\n\t\t\t\t<div class=\"elementor-widget-container\">\n\t\t\t\t\t\t\t\t\t<p>Wir speichern personenbezogene Daten, die \u00fcber Kontaktformulare oder gesch\u00e4ftliche Interaktionen erhoben wurden, nur so lange, wie es zur Erf\u00fcllung des Erhebungszwecks (z. B. Beantwortung von Anfragen, Erf\u00fcllung von Vertr\u00e4gen) oder zur Einhaltung gesetzlicher Verpflichtungen erforderlich ist. Nicht mehr ben\u00f6tigte Daten werden sicher gel\u00f6scht oder anonymisiert.<\/p>\t\t\t\t\t\t\t\t<\/div>\n\t\t\t\t<\/div>\n\t\t\t\t<div class=\"elementor-element elementor-element-3b21ac8 elementor-widget elementor-widget-heading\" data-id=\"3b21ac8\" data-element_type=\"widget\" data-widget_type=\"heading.default\">\n\t\t\t\t<div class=\"elementor-widget-container\">\n\t\t\t\t\t<h2 class=\"elementor-heading-title elementor-size-default\">Ihre Datenschutzrechte<\/h2>\t\t\t\t<\/div>\n\t\t\t\t<\/div>\n\t\t\t\t<div class=\"elementor-element elementor-element-039266e elementor-widget elementor-widget-text-editor\" data-id=\"039266e\" data-element_type=\"widget\" data-widget_type=\"text-editor.default\">\n\t\t\t\t<div class=\"elementor-widget-container\">\n\t\t\t\t\t\t\t\t\t<p>Nach den geltenden Datenschutzgesetzen, wie z. B. der DSGVO, haben Sie m\u00f6glicherweise die folgenden Rechte:<\/p><p>Zugang: Fordern Sie eine Kopie der personenbezogenen Daten an, die wir \u00fcber Sie gespeichert haben.<\/p><p>Richtigstellung: Antrag auf Berichtigung unrichtiger Daten.<\/p><p>L\u00f6schung: Beantragen Sie die L\u00f6schung Ihrer Daten, es sei denn, wir sind aus rechtlichen oder verwaltungstechnischen Gr\u00fcnden verpflichtet, sie aufzubewahren.<\/p><p>Einspruch: Widerspruch gegen die Verarbeitung Ihrer Daten f\u00fcr bestimmte Zwecke.<\/p><p>Daten\u00fcbertragbarkeit: Fordern Sie Ihre Daten in einem strukturierten, maschinenlesbaren Format an.<\/p><p>Verarbeitung einschr\u00e4nken: Beantragen Sie eine Einschr\u00e4nkung der Verarbeitung Ihrer Daten.<\/p><p>Um diese Rechte auszu\u00fcben, wenden Sie sich an unseren Datenschutzbeauftragten unter privacy@factoria-agro.ua. Wir werden innerhalb des gesetzlich vorgeschriebenen Zeitrahmens antworten (in der Regel 30 Tage gem\u00e4\u00df GDPR).<\/p>\t\t\t\t\t\t\t\t<\/div>\n\t\t\t\t<\/div>\n\t\t\t\t<div class=\"elementor-element elementor-element-338b3c7 elementor-widget elementor-widget-heading\" data-id=\"338b3c7\" data-element_type=\"widget\" data-widget_type=\"heading.default\">\n\t\t\t\t<div class=\"elementor-widget-container\">\n\t\t\t\t\t<h2 class=\"elementor-heading-title elementor-size-default\">Wohin Ihre Daten gesendet werden\n<\/h2>\t\t\t\t<\/div>\n\t\t\t\t<\/div>\n\t\t\t\t<div class=\"elementor-element elementor-element-0b54b88 elementor-widget elementor-widget-text-editor\" data-id=\"0b54b88\" data-element_type=\"widget\" data-widget_type=\"text-editor.default\">\n\t\t\t\t<div class=\"elementor-widget-container\">\n\t\t\t\t\t\t\t\t\t<p>Ihre Daten k\u00f6nnen auf Servern in der Ukraine, in der EU oder in anderen L\u00e4ndern, in denen unsere Logistikpartner t\u00e4tig sind, unter Einhaltung der geltenden Datenschutzgesetze verarbeitet oder gespeichert werden. Wir verwenden Standardvertragsklauseln oder andere rechtliche Mechanismen, um eine sichere internationale Daten\u00fcbermittlung zu gew\u00e4hrleisten.<\/p>\t\t\t\t\t\t\t\t<\/div>\n\t\t\t\t<\/div>\n\t\t\t\t<div class=\"elementor-element elementor-element-3de9153 elementor-widget elementor-widget-heading\" data-id=\"3de9153\" data-element_type=\"widget\" data-widget_type=\"heading.default\">\n\t\t\t\t<div class=\"elementor-widget-container\">\n\t\t\t\t\t<h2 class=\"elementor-heading-title elementor-size-default\">Datensicherheit<\/h2>\t\t\t\t<\/div>\n\t\t\t\t<\/div>\n\t\t\t\t<div class=\"elementor-element elementor-element-c3245ca elementor-widget elementor-widget-text-editor\" data-id=\"c3245ca\" data-element_type=\"widget\" data-widget_type=\"text-editor.default\">\n\t\t\t\t<div class=\"elementor-widget-container\">\n\t\t\t\t\t\t\t\t\t<p>Wir setzen robuste technische und organisatorische Ma\u00dfnahmen wie Verschl\u00fcsselung und Zugangskontrollen ein, um Ihre Daten vor unberechtigtem Zugriff, Verlust oder Missbrauch zu sch\u00fctzen. Unsere Einrichtungen entsprechen den Branchenstandards, um die Datensicherheit zu gew\u00e4hrleisten.<\/p>\t\t\t\t\t\t\t\t<\/div>\n\t\t\t\t<\/div>\n\t\t\t\t<div class=\"elementor-element elementor-element-e24bb3b elementor-widget elementor-widget-heading\" data-id=\"e24bb3b\" data-element_type=\"widget\" data-widget_type=\"heading.default\">\n\t\t\t\t<div class=\"elementor-widget-container\">\n\t\t\t\t\t<h2 class=\"elementor-heading-title elementor-size-default\">Aktualisierungen dieser Richtlinie<\/h2>\t\t\t\t<\/div>\n\t\t\t\t<\/div>\n\t\t\t\t<div class=\"elementor-element elementor-element-e024183 elementor-widget elementor-widget-text-editor\" data-id=\"e024183\" data-element_type=\"widget\" data-widget_type=\"text-editor.default\">\n\t\t\t\t<div class=\"elementor-widget-container\">\n\t\t\t\t\t\t\t\t\t<p>Wir behalten uns vor, diese Datenschutzerkl\u00e4rung zu aktualisieren, um \u00c4nderungen unserer Praktiken oder rechtlicher Anforderungen zu ber\u00fccksichtigen. Aktualisierungen werden auf unserer Website ver\u00f6ffentlicht, und wir werden Sie \u00fcber wesentliche \u00c4nderungen per E-Mail oder \u00fcber einen Hinweis auf der Website informieren. Diese Richtlinie wurde zuletzt am 22. Juli 2025 aktualisiert.<\/p>\t\t\t\t\t\t\t\t<\/div>\n\t\t\t\t<\/div>\n\t\t\t\t<div class=\"elementor-element elementor-element-b3e77f3 elementor-widget elementor-widget-heading\" data-id=\"b3e77f3\" data-element_type=\"widget\" data-widget_type=\"heading.default\">\n\t\t\t\t<div class=\"elementor-widget-container\">\n\t\t\t\t\t<h2 class=\"elementor-heading-title elementor-size-default\">Kontakt<\/h2>\t\t\t\t<\/div>\n\t\t\t\t<\/div>\n\t\t\t\t<div class=\"elementor-element elementor-element-a0a15d0 elementor-widget elementor-widget-text-editor\" data-id=\"a0a15d0\" data-element_type=\"widget\" data-widget_type=\"text-editor.default\">\n\t\t\t\t<div class=\"elementor-widget-container\">\n\t\t\t\t\t\t\t\t\t<p>Wenn Sie Fragen oder Bedenken zu dieser Datenschutzerkl\u00e4rung oder Ihren Daten haben, wenden Sie sich bitte an unseren Datenschutzbeauftragten unter privacy@factoria-agro.ua oder an unseren eingetragenen Firmensitz: Factoria-Agro, Vyshgorod, st.Novopromyslova,1., Kyiv region 07301 Ukraine<\/p>\t\t\t\t\t\t\t\t<\/div>\n\t\t\t\t<\/div>\n\t\t\t\t<\/div>\n\t\t\t\t\t<\/div>\n\t\t\t\t<\/div>\n\t\t\t\t<\/div>","protected":false},"excerpt":{"rendered":"<p>Privacy Policy Who we are Factoria-Agro is a leading Ukrainian producer of premium mustard, flaxseed, and coriander ingredients, exporting to over 100 countries. Our website address is: https:\/\/factoria-agro.ua\/en. What Personal Data We Collect and Why When you interact with our website, such as submitting a contact form or requesting product information, we may collect personal [&hellip;]<\/p>","protected":false},"author":4,"featured_media":0,"parent":0,"menu_order":0,"comment_status":"closed","ping_status":"closed","template":"","meta":{"_acf_changed":false,"footnotes":""},"class_list":["post-30","page","type-page","status-publish","hentry"],"acf":[],"_links":{"self":[{"href":"https:\/\/factoria-agro.ua\/de\/wp-json\/wp\/v2\/pages\/30","targetHints":{"allow":["GET"]}}],"collection":[{"href":"https:\/\/factoria-agro.ua\/de\/wp-json\/wp\/v2\/pages"}],"about":[{"href":"https:\/\/factoria-agro.ua\/de\/wp-json\/wp\/v2\/types\/page"}],"author":[{"embeddable":true,"href":"https:\/\/factoria-agro.ua\/de\/wp-json\/wp\/v2\/users\/4"}],"replies":[{"embeddable":true,"href":"https:\/\/factoria-agro.ua\/de\/wp-json\/wp\/v2\/comments?post=30"}],"version-history":[{"count":6,"href":"https:\/\/factoria-agro.ua\/de\/wp-json\/wp\/v2\/pages\/30\/revisions"}],"predecessor-version":[{"id":2021,"href":"https:\/\/factoria-agro.ua\/de\/wp-json\/wp\/v2\/pages\/30\/revisions\/2021"}],"wp:attachment":[{"href":"https:\/\/factoria-agro.ua\/de\/wp-json\/wp\/v2\/media?parent=30"}],"curies":[{"name":"wp","href":"https:\/\/api.w.org\/{rel}","templated":true}]}}