{"id":32,"date":"2025-06-05T07:22:40","date_gmt":"2025-06-05T07:22:40","guid":{"rendered":"https:\/\/factoria-agro.ua\/?page_id=32"},"modified":"2025-06-25T18:38:18","modified_gmt":"2025-06-25T18:38:18","slug":"legal-cookie-policy","status":"publish","type":"page","link":"https:\/\/factoria-agro.ua\/de\/legal-cookie-policy\/","title":{"rendered":"Legal &#8211; Cookie Policy"},"content":{"rendered":"<div data-elementor-type=\"wp-page\" data-elementor-id=\"32\" class=\"elementor elementor-32\" data-elementor-post-type=\"page\">\n\t\t\t\t<div class=\"elementor-element elementor-element-c2f80b4 e-flex e-con-boxed e-con e-parent\" data-id=\"c2f80b4\" data-element_type=\"container\">\n\t\t\t\t\t<div class=\"e-con-inner\">\n\t\t<div class=\"elementor-element elementor-element-4115b2f e-con-full e-flex e-con e-child\" data-id=\"4115b2f\" data-element_type=\"container\">\n\t\t\t\t<div class=\"elementor-element elementor-element-4ba3059 elementor-widget elementor-widget-heading\" data-id=\"4ba3059\" data-element_type=\"widget\" data-widget_type=\"heading.default\">\n\t\t\t\t<div class=\"elementor-widget-container\">\n\t\t\t\t\t<h2 class=\"elementor-heading-title elementor-size-default\">Rechtliches - Cookie-Richtlinie<\/h2>\t\t\t\t<\/div>\n\t\t\t\t<\/div>\n\t\t\t\t<div class=\"elementor-element elementor-element-3548307 elementor-widget elementor-widget-heading\" data-id=\"3548307\" data-element_type=\"widget\" data-widget_type=\"heading.default\">\n\t\t\t\t<div class=\"elementor-widget-container\">\n\t\t\t\t\t<h2 class=\"elementor-heading-title elementor-size-default\">Was sind Cookies?<\/h2>\t\t\t\t<\/div>\n\t\t\t\t<\/div>\n\t\t\t\t<div class=\"elementor-element elementor-element-096356e elementor-widget elementor-widget-text-editor\" data-id=\"096356e\" data-element_type=\"widget\" data-widget_type=\"text-editor.default\">\n\t\t\t\t<div class=\"elementor-widget-container\">\n\t\t\t\t\t\t\t\t\t<p>Cookies sind kleine Textdateien, die auf Ihrem Ger\u00e4t platziert werden, um das Funktionieren von Websites zu unterst\u00fctzen und dem Website-Betreiber Informationen zu liefern. Sie werden h\u00e4ufig verwendet, damit Websites funktionieren oder effizienter arbeiten.<\/p>\t\t\t\t\t\t\t\t<\/div>\n\t\t\t\t<\/div>\n\t\t\t\t<div class=\"elementor-element elementor-element-e2baadb elementor-widget elementor-widget-heading\" data-id=\"e2baadb\" data-element_type=\"widget\" data-widget_type=\"heading.default\">\n\t\t\t\t<div class=\"elementor-widget-container\">\n\t\t\t\t\t<h2 class=\"elementor-heading-title elementor-size-default\">Wie wir Cookies verwenden<\/h2>\t\t\t\t<\/div>\n\t\t\t\t<\/div>\n\t\t\t\t<div class=\"elementor-element elementor-element-193f73e elementor-widget elementor-widget-text-editor\" data-id=\"193f73e\" data-element_type=\"widget\" data-widget_type=\"text-editor.default\">\n\t\t\t\t<div class=\"elementor-widget-container\">\n\t\t\t\t\t\t\t\t\t<p data-start=\"2115\" data-end=\"2133\">Wir verwenden Cookies um:<\/p><ul data-start=\"2134\" data-end=\"2305\"><li data-start=\"2134\" data-end=\"2178\"><p data-start=\"2136\" data-end=\"2178\">Verbesserung der Funktionalit\u00e4t und Leistung der Website<\/p><\/li><li data-start=\"2179\" data-end=\"2220\"><p data-start=\"2181\" data-end=\"2220\">Analysieren Sie Website-Verkehr und Nutzungsmuster<\/p><\/li><li data-start=\"2221\" data-end=\"2266\"><p data-start=\"2223\" data-end=\"2266\">Merken Sie sich Ihre Pr\u00e4ferenzen und Anmeldedaten<\/p><\/li><li data-start=\"2267\" data-end=\"2305\"><p data-start=\"2269\" data-end=\"2305\">Bereitstellung relevanter Werbeinhalte<\/p><\/li><\/ul>\t\t\t\t\t\t\t\t<\/div>\n\t\t\t\t<\/div>\n\t\t\t\t<div class=\"elementor-element elementor-element-a937c2a elementor-widget elementor-widget-heading\" data-id=\"a937c2a\" data-element_type=\"widget\" data-widget_type=\"heading.default\">\n\t\t\t\t<div class=\"elementor-widget-container\">\n\t\t\t\t\t<h2 class=\"elementor-heading-title elementor-size-default\">Arten von Cookies, die wir verwenden<\/h2>\t\t\t\t<\/div>\n\t\t\t\t<\/div>\n\t\t\t\t<div class=\"elementor-element elementor-element-d25896c elementor-widget elementor-widget-text-editor\" data-id=\"d25896c\" data-element_type=\"widget\" data-widget_type=\"text-editor.default\">\n\t\t\t\t<div class=\"elementor-widget-container\">\n\t\t\t\t\t\t\t\t\t<ul><li data-start=\"2342\" data-end=\"2399\"><p data-start=\"2344\" data-end=\"2399\"><strong data-start=\"2344\" data-end=\"2365\">Unverzichtbare Cookies<\/strong>: Erforderlich f\u00fcr den Betrieb der Website.<\/p><\/li><li data-start=\"2400\" data-end=\"2482\"><p data-start=\"2402\" data-end=\"2482\"><strong data-start=\"2402\" data-end=\"2425\">Leistung Cookies<\/strong>: Sie helfen uns zu verstehen, wie Besucher mit der Website interagieren.<\/p><\/li><li data-start=\"2483\" data-end=\"2555\"><p data-start=\"2485\" data-end=\"2555\"><strong data-start=\"2485\" data-end=\"2510\">Funktionalit\u00e4t Cookies<\/strong>: Erinnern Sie sich an Entscheidungen, die Sie treffen (z. B. Sprache).<\/p><\/li><li data-start=\"2556\" data-end=\"2630\"><p data-start=\"2558\" data-end=\"2630\"><strong data-start=\"2558\" data-end=\"2581\">Werbung Cookies<\/strong>: Schalten Sie Werbung, die f\u00fcr Sie und Ihre Interessen relevant ist.<\/p><\/li><\/ul>\t\t\t\t\t\t\t\t<\/div>\n\t\t\t\t<\/div>\n\t\t\t\t<div class=\"elementor-element elementor-element-f3191d1 elementor-widget elementor-widget-heading\" data-id=\"f3191d1\" data-element_type=\"widget\" data-widget_type=\"heading.default\">\n\t\t\t\t<div class=\"elementor-widget-container\">\n\t\t\t\t\t<h2 class=\"elementor-heading-title elementor-size-default\">Verwaltung von Cookies<\/h2>\t\t\t\t<\/div>\n\t\t\t\t<\/div>\n\t\t\t\t<div class=\"elementor-element elementor-element-f08f61a elementor-widget elementor-widget-text-editor\" data-id=\"f08f61a\" data-element_type=\"widget\" data-widget_type=\"text-editor.default\">\n\t\t\t\t<div class=\"elementor-widget-container\">\n\t\t\t\t\t\t\t\t\t<p>Sie k\u00f6nnen Cookies jederzeit \u00fcber Ihre Browsereinstellungen verwalten oder l\u00f6schen. Die Deaktivierung bestimmter Cookies kann Ihre Erfahrung auf unserer Website beeintr\u00e4chtigen.<\/p>\t\t\t\t\t\t\t\t<\/div>\n\t\t\t\t<\/div>\n\t\t\t\t<div class=\"elementor-element elementor-element-3afd4e7 elementor-widget elementor-widget-heading\" data-id=\"3afd4e7\" data-element_type=\"widget\" data-widget_type=\"heading.default\">\n\t\t\t\t<div class=\"elementor-widget-container\">\n\t\t\t\t\t<h2 class=\"elementor-heading-title elementor-size-default\">Cookies von Drittanbietern<\/h2>\t\t\t\t<\/div>\n\t\t\t\t<\/div>\n\t\t\t\t<div class=\"elementor-element elementor-element-6ab1934 elementor-widget elementor-widget-text-editor\" data-id=\"6ab1934\" data-element_type=\"widget\" data-widget_type=\"text-editor.default\">\n\t\t\t\t<div class=\"elementor-widget-container\">\n\t\t\t\t\t\t\t\t\t<p>Wir k\u00f6nnen Drittanbietern (z. B. Analyse- oder Werbeanbietern) erlauben, Cookies zu setzen. Diese Anbieter sind f\u00fcr ihre eigenen Cookie-Richtlinien verantwortlich.<\/p>\t\t\t\t\t\t\t\t<\/div>\n\t\t\t\t<\/div>\n\t\t\t\t<div class=\"elementor-element elementor-element-5b87ee1 elementor-widget elementor-widget-heading\" data-id=\"5b87ee1\" data-element_type=\"widget\" data-widget_type=\"heading.default\">\n\t\t\t\t<div class=\"elementor-widget-container\">\n\t\t\t\t\t<h2 class=\"elementor-heading-title elementor-size-default\">Aktualisierungen dieser Richtlinie<\/h2>\t\t\t\t<\/div>\n\t\t\t\t<\/div>\n\t\t\t\t<div class=\"elementor-element elementor-element-1a5fac5 elementor-widget elementor-widget-text-editor\" data-id=\"1a5fac5\" data-element_type=\"widget\" data-widget_type=\"text-editor.default\">\n\t\t\t\t<div class=\"elementor-widget-container\">\n\t\t\t\t\t\t\t\t\t<p>Wir k\u00f6nnen diese Cookie-Richtlinie von Zeit zu Zeit aktualisieren. Alle \u00c4nderungen werden auf dieser Seite mit einem aktualisierten \u00c4nderungsdatum ver\u00f6ffentlicht.<\/p>\t\t\t\t\t\t\t\t<\/div>\n\t\t\t\t<\/div>\n\t\t\t\t<\/div>\n\t\t\t\t\t<\/div>\n\t\t\t\t<\/div>\n\t\t\t\t<\/div>","protected":false},"excerpt":{"rendered":"<p>Legal \u2013 Cookie Policy What Are Cookies? Cookies are small text files that are placed on your device to help websites function effectively and provide information to the site owner. They are widely used to make websites work, or work more efficiently. How We Use Cookies We use cookies to: Improve site functionality and performance [&hellip;]<\/p>","protected":false},"author":4,"featured_media":0,"parent":0,"menu_order":0,"comment_status":"closed","ping_status":"closed","template":"","meta":{"_acf_changed":false,"footnotes":""},"class_list":["post-32","page","type-page","status-publish","hentry"],"acf":[],"_links":{"self":[{"href":"https:\/\/factoria-agro.ua\/de\/wp-json\/wp\/v2\/pages\/32","targetHints":{"allow":["GET"]}}],"collection":[{"href":"https:\/\/factoria-agro.ua\/de\/wp-json\/wp\/v2\/pages"}],"about":[{"href":"https:\/\/factoria-agro.ua\/de\/wp-json\/wp\/v2\/types\/page"}],"author":[{"embeddable":true,"href":"https:\/\/factoria-agro.ua\/de\/wp-json\/wp\/v2\/users\/4"}],"replies":[{"embeddable":true,"href":"https:\/\/factoria-agro.ua\/de\/wp-json\/wp\/v2\/comments?post=32"}],"version-history":[{"count":0,"href":"https:\/\/factoria-agro.ua\/de\/wp-json\/wp\/v2\/pages\/32\/revisions"}],"wp:attachment":[{"href":"https:\/\/factoria-agro.ua\/de\/wp-json\/wp\/v2\/media?parent=32"}],"curies":[{"name":"wp","href":"https:\/\/api.w.org\/{rel}","templated":true}]}}