{"id":3555,"date":"2025-11-28T13:43:31","date_gmt":"2025-11-28T13:43:31","guid":{"rendered":"https:\/\/factoria-agro.ua\/?page_id=3555"},"modified":"2025-11-28T14:05:35","modified_gmt":"2025-11-28T14:05:35","slug":"mustard","status":"publish","type":"page","link":"https:\/\/factoria-agro.ua\/de\/application\/mustard\/","title":{"rendered":"Senf"},"content":{"rendered":"<div data-elementor-type=\"wp-page\" data-elementor-id=\"3555\" class=\"elementor elementor-3555\" data-elementor-post-type=\"page\">\n\t\t\t\t<div class=\"elementor-element elementor-element-e83532d e-flex e-con-boxed e-con e-parent\" data-id=\"e83532d\" data-element_type=\"container\" data-settings=\"{&quot;background_background&quot;:&quot;classic&quot;}\">\n\t\t\t\t\t<div class=\"e-con-inner\">\n\t\t<div class=\"elementor-element elementor-element-30d6a2e e-con-full e-flex e-con e-child\" data-id=\"30d6a2e\" data-element_type=\"container\">\n\t\t\t\t<div class=\"elementor-element elementor-element-4e33832 elementor-widget elementor-widget-heading\" data-id=\"4e33832\" data-element_type=\"widget\" data-widget_type=\"heading.default\">\n\t\t\t\t<div class=\"elementor-widget-container\">\n\t\t\t\t\t<h1 class=\"elementor-heading-title elementor-size-default\">Senf<\/h1>\t\t\t\t<\/div>\n\t\t\t\t<\/div>\n\t\t\t\t<\/div>\n\t\t\t\t\t<\/div>\n\t\t\t\t<\/div>\n\t\t<div class=\"elementor-element elementor-element-a7b77fc e-flex e-con-boxed e-con e-parent\" data-id=\"a7b77fc\" data-element_type=\"container\">\n\t\t\t\t\t<div class=\"e-con-inner\">\n\t\t\t\t<div class=\"elementor-element elementor-element-f69eb3c elementor-widget elementor-widget-heading\" data-id=\"f69eb3c\" data-element_type=\"widget\" data-widget_type=\"heading.default\">\n\t\t\t\t<div class=\"elementor-widget-container\">\n\t\t\t\t\t<h2 class=\"elementor-heading-title elementor-size-default\">Senf - eine einzigartige multifunktionale Zutat<\/h2>\t\t\t\t<\/div>\n\t\t\t\t<\/div>\n\t\t\t\t<div class=\"elementor-element elementor-element-fc25437 elementor-widget elementor-widget-text-editor\" data-id=\"fc25437\" data-element_type=\"widget\" data-widget_type=\"text-editor.default\">\n\t\t\t\t<div class=\"elementor-widget-container\">\n\t\t\t\t\t\t\t\t\t<p>Senf ist eines der anpassungsf\u00e4higsten und vielseitigsten Gew\u00fcrze, die es gibt. Abgesehen von seinem unverwechselbaren Geschmack und seinen ern\u00e4hrungsphysiologischen Vorteilen erf\u00fcllt er mehrere wichtige Funktionen in der Lebensmittelherstellung: Er wirkt als Emulgator, Antioxidationsmittel, Stabilisator, Konservierungsmittel, Bindemittel und ist sogar eine wertvolle Proteinquelle. Er ist eine wichtige Zutat, die sowohl den Geschmack als auch die Konsistenz vieler allt\u00e4glicher Lebensmittel verbessert.<\/p><p>Je nach Anwendung und Form kann Senf die Farbe, den Geschmack und die Stabilit\u00e4t einer Emulsion verbessern. Die verschiedenen Senfsorten - gelber, orientalischer und brauner Senf - bieten Geschmacksprofile, die von mild bis scharf reichen, und eignen sich daher f\u00fcr eine Vielzahl von kulinarischen Anwendungen und K\u00fcchen weltweit.<\/p><p>Dar\u00fcber hinaus bietet Senf bemerkenswerte gesundheitliche und ern\u00e4hrungsphysiologische Vorteile, da er kalorien- und fettarm ist und gleichzeitig Antioxidantien und wichtige Mikron\u00e4hrstoffe enth\u00e4lt.<\/p>\t\t\t\t\t\t\t\t<\/div>\n\t\t\t\t<\/div>\n\t\t\t\t\t<\/div>\n\t\t\t\t<\/div>\n\t\t<div class=\"elementor-element elementor-element-8df6cad e-flex e-con-boxed elementor-invisible e-con e-parent\" data-id=\"8df6cad\" data-element_type=\"container\" data-settings=\"{&quot;background_background&quot;:&quot;classic&quot;,&quot;animation&quot;:&quot;fadeInLeft&quot;}\">\n\t\t\t\t\t<div class=\"e-con-inner\">\n\t\t<div class=\"elementor-element elementor-element-392c04e e-con-full e-flex e-con e-child\" data-id=\"392c04e\" data-element_type=\"container\">\n\t\t\t\t<div class=\"elementor-element elementor-element-ca5349b elementor-widget__width-initial elementor-widget elementor-widget-heading\" data-id=\"ca5349b\" data-element_type=\"widget\" data-widget_type=\"heading.default\">\n\t\t\t\t<div class=\"elementor-widget-container\">\n\t\t\t\t\t<h3 class=\"elementor-heading-title elementor-size-default\">Optimieren Sie die Textur mit Senf<\/h3>\t\t\t\t<\/div>\n\t\t\t\t<\/div>\n\t\t\t\t<\/div>\n\t\t<div class=\"elementor-element elementor-element-8a6bd4d e-con-full e-flex e-con e-child\" data-id=\"8a6bd4d\" data-element_type=\"container\">\n\t\t\t\t<div class=\"elementor-element elementor-element-7541b86 elementor-widget elementor-widget-text-editor\" data-id=\"7541b86\" data-element_type=\"widget\" data-widget_type=\"text-editor.default\">\n\t\t\t\t<div class=\"elementor-widget-container\">\n\t\t\t\t\t\t\t\t\t<p data-olk-copy-source=\"MessageBody\">Senf bringt eine verbesserte Textur in Ihre Rezepturen. Ganze oder gebrochene Senfk\u00f6rner verleihen Dressings und So\u00dfen einen angenehmen Knackpunkt, w\u00e4hrend unser fein gemahlenes Senfmehl samtige, weiche Marinaden und W\u00fcrzmittel erzeugt. Mit seiner nat\u00fcrlichen F\u00e4higkeit, Feuchtigkeit zu binden und zu binden, unterst\u00fctzt Senf auch die Saftigkeit und verhindert das Austrocknen von Fleisch- und K\u00e4seprodukten.<\/p>\t\t\t\t\t\t\t\t<\/div>\n\t\t\t\t<\/div>\n\t\t\t\t<div class=\"elementor-element elementor-element-7f8ebbf elementor-align-right elementor-widget elementor-widget-button\" data-id=\"7f8ebbf\" data-element_type=\"widget\" data-widget_type=\"button.default\">\n\t\t\t\t<div class=\"elementor-widget-container\">\n\t\t\t\t\t\t\t\t\t<div class=\"elementor-button-wrapper\">\n\t\t\t\t\t<a class=\"elementor-button elementor-button-link elementor-size-sm\" href=\"https:\/\/factoria-agro.ua\/de\/produkt-kategorie\/mustard\/\">\n\t\t\t\t\t\t<span class=\"elementor-button-content-wrapper\">\n\t\t\t\t\t\t\t\t\t<span class=\"elementor-button-text\">Entdecken Sie unsere L\u00f6sungen<\/span>\n\t\t\t\t\t<\/span>\n\t\t\t\t\t<\/a>\n\t\t\t\t<\/div>\n\t\t\t\t\t\t\t\t<\/div>\n\t\t\t\t<\/div>\n\t\t\t\t<\/div>\n\t\t\t\t\t<\/div>\n\t\t\t\t<\/div>\n\t\t<div class=\"elementor-element elementor-element-45cb62c e-flex e-con-boxed elementor-invisible e-con e-parent\" data-id=\"45cb62c\" data-element_type=\"container\" data-settings=\"{&quot;background_background&quot;:&quot;classic&quot;,&quot;animation&quot;:&quot;fadeInRight&quot;}\">\n\t\t\t\t\t<div class=\"e-con-inner\">\n\t\t<div class=\"elementor-element elementor-element-f82cd93 e-con-full e-flex e-con e-child\" data-id=\"f82cd93\" data-element_type=\"container\">\n\t\t\t\t<div class=\"elementor-element elementor-element-251d3e4 elementor-widget__width-initial elementor-widget elementor-widget-heading\" data-id=\"251d3e4\" data-element_type=\"widget\" data-widget_type=\"heading.default\">\n\t\t\t\t<div class=\"elementor-widget-container\">\n\t\t\t\t\t<h3 class=\"elementor-heading-title elementor-size-default\">Faserinhalte m\u00fchelos aufwerten<\/h3>\t\t\t\t<\/div>\n\t\t\t\t<\/div>\n\t\t\t\t<\/div>\n\t\t<div class=\"elementor-element elementor-element-e3d5d03 e-con-full e-flex e-con e-child\" data-id=\"e3d5d03\" data-element_type=\"container\">\n\t\t\t\t<div class=\"elementor-element elementor-element-486dd49 elementor-widget elementor-widget-text-editor\" data-id=\"486dd49\" data-element_type=\"widget\" data-widget_type=\"text-editor.default\">\n\t\t\t\t<div class=\"elementor-widget-container\">\n\t\t\t\t\t\t\t\t\t<p data-olk-copy-source=\"MessageBody\">Mit unseren Senfzutaten k\u00f6nnen Sie den Ballaststoffgehalt Ihrer Produkte auf nat\u00fcrliche Weise erh\u00f6hen, ohne dass ihr urspr\u00fcnglicher Geschmack und ihr Mundgef\u00fchl beeintr\u00e4chtigt werden. Es ist ein einfacher Weg, Produkte zu entwickeln, die besser f\u00fcr Sie sind, ohne die Qualit\u00e4t und den Geschmack zu beeintr\u00e4chtigen, auf die sich Ihre Kunden verlassen.<\/p>\t\t\t\t\t\t\t\t<\/div>\n\t\t\t\t<\/div>\n\t\t\t\t<div class=\"elementor-element elementor-element-28ee091 elementor-align-right elementor-widget elementor-widget-button\" data-id=\"28ee091\" data-element_type=\"widget\" data-widget_type=\"button.default\">\n\t\t\t\t<div class=\"elementor-widget-container\">\n\t\t\t\t\t\t\t\t\t<div class=\"elementor-button-wrapper\">\n\t\t\t\t\t<a class=\"elementor-button elementor-button-link elementor-size-sm\" href=\"https:\/\/factoria-agro.ua\/de\/produkt-kategorie\/mustard\/\">\n\t\t\t\t\t\t<span class=\"elementor-button-content-wrapper\">\n\t\t\t\t\t\t\t\t\t<span class=\"elementor-button-text\">Entdecken Sie unsere L\u00f6sungen<\/span>\n\t\t\t\t\t<\/span>\n\t\t\t\t\t<\/a>\n\t\t\t\t<\/div>\n\t\t\t\t\t\t\t\t<\/div>\n\t\t\t\t<\/div>\n\t\t\t\t<\/div>\n\t\t\t\t\t<\/div>\n\t\t\t\t<\/div>\n\t\t<div class=\"elementor-element elementor-element-243e0d0 e-flex e-con-boxed elementor-invisible e-con e-parent\" data-id=\"243e0d0\" data-element_type=\"container\" data-settings=\"{&quot;background_background&quot;:&quot;classic&quot;,&quot;animation&quot;:&quot;fadeInLeft&quot;}\">\n\t\t\t\t\t<div class=\"e-con-inner\">\n\t\t<div class=\"elementor-element elementor-element-7668626 e-con-full e-flex e-con e-child\" data-id=\"7668626\" data-element_type=\"container\">\n\t\t\t\t<div class=\"elementor-element elementor-element-ddba971 elementor-widget__width-initial elementor-widget elementor-widget-heading\" data-id=\"ddba971\" data-element_type=\"widget\" data-widget_type=\"heading.default\">\n\t\t\t\t<div class=\"elementor-widget-container\">\n\t\t\t\t\t<h3 class=\"elementor-heading-title elementor-size-default\">Geschmack und visuelle Funktionalit\u00e4t\n<\/h3>\t\t\t\t<\/div>\n\t\t\t\t<\/div>\n\t\t\t\t<\/div>\n\t\t<div class=\"elementor-element elementor-element-76f479b e-con-full e-flex e-con e-child\" data-id=\"76f479b\" data-element_type=\"container\">\n\t\t\t\t<div class=\"elementor-element elementor-element-78777ba elementor-widget elementor-widget-text-editor\" data-id=\"78777ba\" data-element_type=\"widget\" data-widget_type=\"text-editor.default\">\n\t\t\t\t<div class=\"elementor-widget-container\">\n\t\t\t\t\t\t\t\t\t<p data-olk-copy-source=\"MessageBody\">Senfmehl tr\u00e4gt sowohl zum Geschmack als auch zur visuellen Funktionalit\u00e4t von Senfzubereitungen und So\u00dfen bei, wobei die Verwendungsmengen und Senfarten je nach Produktspezifikation variieren. Senf ist bekannt f\u00fcr seine starken geschmacksmodulierenden Eigenschaften, die den Gesamtgeschmack durch Hinzuf\u00fcgen von S\u00e4ure, Sch\u00e4rfe oder Tiefe verbessern und gleichzeitig helfen, komplexe Geschmackssysteme auszugleichen. Ob er nun pikante Noten bereichert, Saucen eine gewisse Sch\u00e4rfe verleiht oder ausgewogene Profile in Dressings und Marinaden unterst\u00fctzt, Senf kann kalibriert werden, um pr\u00e4zise sensorische Ergebnisse zu erzielen. Unsere Senfl\u00f6sungen erm\u00f6glichen eine kontrollierte Einstellung von Sch\u00e4rfe, S\u00e4ure und Geschmacksintensit\u00e4t, um exakte Rezepturanforderungen zu erf\u00fcllen.<\/p>\t\t\t\t\t\t\t\t<\/div>\n\t\t\t\t<\/div>\n\t\t\t\t<div class=\"elementor-element elementor-element-b33fe37 elementor-align-right elementor-widget elementor-widget-button\" data-id=\"b33fe37\" data-element_type=\"widget\" data-widget_type=\"button.default\">\n\t\t\t\t<div class=\"elementor-widget-container\">\n\t\t\t\t\t\t\t\t\t<div class=\"elementor-button-wrapper\">\n\t\t\t\t\t<a class=\"elementor-button elementor-button-link elementor-size-sm\" href=\"https:\/\/factoria-agro.ua\/de\/produkt-kategorie\/mustard\/\">\n\t\t\t\t\t\t<span class=\"elementor-button-content-wrapper\">\n\t\t\t\t\t\t\t\t\t<span class=\"elementor-button-text\">Entdecken Sie unsere L\u00f6sungen<\/span>\n\t\t\t\t\t<\/span>\n\t\t\t\t\t<\/a>\n\t\t\t\t<\/div>\n\t\t\t\t\t\t\t\t<\/div>\n\t\t\t\t<\/div>\n\t\t\t\t<\/div>\n\t\t\t\t\t<\/div>\n\t\t\t\t<\/div>\n\t\t<div class=\"elementor-element elementor-element-4ef21cb e-flex e-con-boxed elementor-invisible e-con e-parent\" data-id=\"4ef21cb\" data-element_type=\"container\" data-settings=\"{&quot;background_background&quot;:&quot;classic&quot;,&quot;animation&quot;:&quot;fadeInRight&quot;}\">\n\t\t\t\t\t<div class=\"e-con-inner\">\n\t\t<div class=\"elementor-element elementor-element-2893658 e-con-full e-flex e-con e-child\" data-id=\"2893658\" data-element_type=\"container\">\n\t\t\t\t<div class=\"elementor-element elementor-element-97899de elementor-widget__width-initial elementor-widget elementor-widget-heading\" data-id=\"97899de\" data-element_type=\"widget\" data-widget_type=\"heading.default\">\n\t\t\t\t<div class=\"elementor-widget-container\">\n\t\t\t\t\t<h3 class=\"elementor-heading-title elementor-size-default\">Senf - Ihre Quelle f\u00fcr funktionelles Pflanzeneiwei\u00df\n\n<\/h3>\t\t\t\t<\/div>\n\t\t\t\t<\/div>\n\t\t\t\t<\/div>\n\t\t<div class=\"elementor-element elementor-element-c4140ef e-con-full e-flex e-con e-child\" data-id=\"c4140ef\" data-element_type=\"container\">\n\t\t\t\t<div class=\"elementor-element elementor-element-e512ff6 elementor-widget elementor-widget-text-editor\" data-id=\"e512ff6\" data-element_type=\"widget\" data-widget_type=\"text-editor.default\">\n\t\t\t\t<div class=\"elementor-widget-container\">\n\t\t\t\t\t\t\t\t\t<p data-olk-copy-source=\"MessageBody\">Heute wird Senf wegen seiner wertvollen funktionellen Eigenschaften in der Fleischproduktion eingesetzt. Deaktivierter (entw\u00e4rmter) gelber Senf ist eine geschmacksneutrale Quelle f\u00fcr pflanzliches Protein, das in einigen F\u00e4llen teurere Fleischproteine ersetzen kann. Sein nat\u00fcrlicher Gummigehalt, der in der Kleieschicht des Samens zu finden ist, bietet eine kosteng\u00fcnstige, hervorragende Wasserbindungsleistung, die mit vielen kommerziellen Gummis in Formulierungen vergleichbar ist.<\/p>\t\t\t\t\t\t\t\t<\/div>\n\t\t\t\t<\/div>\n\t\t\t\t<div class=\"elementor-element elementor-element-3b465a3 elementor-align-right elementor-widget elementor-widget-button\" data-id=\"3b465a3\" data-element_type=\"widget\" data-widget_type=\"button.default\">\n\t\t\t\t<div class=\"elementor-widget-container\">\n\t\t\t\t\t\t\t\t\t<div class=\"elementor-button-wrapper\">\n\t\t\t\t\t<a class=\"elementor-button elementor-button-link elementor-size-sm\" href=\"https:\/\/factoria-agro.ua\/de\/produkt\/deheated-mustard-flour\/\">\n\t\t\t\t\t\t<span class=\"elementor-button-content-wrapper\">\n\t\t\t\t\t\t\t\t\t<span class=\"elementor-button-text\">Entdecken Sie unsere L\u00f6sungen<\/span>\n\t\t\t\t\t<\/span>\n\t\t\t\t\t<\/a>\n\t\t\t\t<\/div>\n\t\t\t\t\t\t\t\t<\/div>\n\t\t\t\t<\/div>\n\t\t\t\t<\/div>\n\t\t\t\t\t<\/div>\n\t\t\t\t<\/div>\n\t\t<div class=\"elementor-element elementor-element-796b0ae elementor-hidden-desktop elementor-hidden-laptop elementor-hidden-tablet_extra elementor-hidden-tablet elementor-hidden-mobile_extra elementor-hidden-mobile e-flex e-con-boxed e-con e-parent\" data-id=\"796b0ae\" data-element_type=\"container\">\n\t\t\t\t\t<div class=\"e-con-inner\">\n\t\t<div class=\"elementor-element elementor-element-b073b47 e-con-full e-flex e-con e-child\" data-id=\"b073b47\" data-element_type=\"container\" data-settings=\"{&quot;background_background&quot;:&quot;classic&quot;}\">\n\t\t\t\t<\/div>\n\t\t\t\t\t<\/div>\n\t\t\t\t<\/div>\n\t\t<div class=\"elementor-element elementor-element-9e8ad52 e-flex e-con-boxed elementor-invisible e-con e-parent\" data-id=\"9e8ad52\" data-element_type=\"container\" data-settings=\"{&quot;background_background&quot;:&quot;classic&quot;,&quot;animation&quot;:&quot;fadeInLeft&quot;}\">\n\t\t\t\t\t<div class=\"e-con-inner\">\n\t\t<div class=\"elementor-element elementor-element-92b5c49 e-con-full e-flex e-con e-child\" data-id=\"92b5c49\" data-element_type=\"container\">\n\t\t\t\t<div class=\"elementor-element elementor-element-ec5f5d7 elementor-widget__width-initial elementor-widget elementor-widget-heading\" data-id=\"ec5f5d7\" data-element_type=\"widget\" data-widget_type=\"heading.default\">\n\t\t\t\t<div class=\"elementor-widget-container\">\n\t\t\t\t\t<h3 class=\"elementor-heading-title elementor-size-default\">Hier zum Zusammenarbeiten\n\n<\/h3>\t\t\t\t<\/div>\n\t\t\t\t<\/div>\n\t\t\t\t<\/div>\n\t\t<div class=\"elementor-element elementor-element-ec70418 e-con-full e-flex e-con e-child\" data-id=\"ec70418\" data-element_type=\"container\">\n\t\t\t\t<div class=\"elementor-element elementor-element-6463dac elementor-widget elementor-widget-text-editor\" data-id=\"6463dac\" data-element_type=\"widget\" data-widget_type=\"text-editor.default\">\n\t\t\t\t<div class=\"elementor-widget-container\">\n\t\t\t\t\t\t\t\t\t<p>Unser Team kann unsere Zutaten an Ihre Bed\u00fcrfnisse anpassen, von der Verfeinerung der Textur bis hin zur Geschmacksverbesserung oder einem zus\u00e4tzlichen N\u00e4hrwert.<\/p>\t\t\t\t\t\t\t\t<\/div>\n\t\t\t\t<\/div>\n\t\t\t\t<div class=\"elementor-element elementor-element-eb382a2 custom-button elementor-widget elementor-widget-button\" data-id=\"eb382a2\" data-element_type=\"widget\" data-widget_type=\"button.default\">\n\t\t\t\t<div class=\"elementor-widget-container\">\n\t\t\t\t\t\t\t\t\t<div class=\"elementor-button-wrapper\">\n\t\t\t\t\t<a class=\"elementor-button elementor-button-link elementor-size-sm\" href=\"https:\/\/factoria-agro.ua\/de\/contact\/\">\n\t\t\t\t\t\t<span class=\"elementor-button-content-wrapper\">\n\t\t\t\t\t\t<span class=\"elementor-button-icon\">\n\t\t\t\t<svg xmlns=\"http:\/\/www.w3.org\/2000\/svg\" width=\"25\" height=\"25\" viewbox=\"0 0 25 25\" fill=\"none\"><path d=\"M12.8093 2.75C10.881 2.75 8.9959 3.32183 7.39252 4.39317C5.78914 5.46452 4.53946 6.98726 3.80151 8.76884C3.06355 10.5504 2.87047 12.5108 3.24667 14.4021C3.62288 16.2934 4.55148 18.0307 5.91504 19.3943C7.2786 20.7579 9.01589 21.6865 10.9072 22.0627C12.7985 22.4389 14.7589 22.2458 16.5405 21.5078C18.3221 20.7699 19.8448 19.5202 20.9162 17.9168C21.9875 16.3134 22.5593 14.4284 22.5593 12.5C22.5566 9.91498 21.5285 7.43661 19.7006 5.60872C17.8727 3.78084 15.3944 2.75273 12.8093 2.75ZM17.09 13.0306L14.09 16.0306C13.9492 16.1714 13.7584 16.2504 13.5593 16.2504C13.3603 16.2504 13.1694 16.1714 13.0287 16.0306C12.888 15.8899 12.8089 15.699 12.8089 15.5C12.8089 15.301 12.888 15.1101 13.0287 14.9694L14.749 13.25H9.05933C8.86042 13.25 8.66965 13.171 8.529 13.0303C8.38835 12.8897 8.30933 12.6989 8.30933 12.5C8.30933 12.3011 8.38835 12.1103 8.529 11.9697C8.66965 11.829 8.86042 11.75 9.05933 11.75H14.749L13.0287 10.0306C12.888 9.88989 12.8089 9.69902 12.8089 9.5C12.8089 9.30098 12.888 9.11011 13.0287 8.96937C13.1694 8.82864 13.3603 8.74958 13.5593 8.74958C13.7584 8.74958 13.9492 8.82864 14.09 8.96937L17.09 11.9694C17.1597 12.039 17.215 12.1217 17.2528 12.2128C17.2905 12.3038 17.3099 12.4014 17.3099 12.5C17.3099 12.5986 17.2905 12.6962 17.2528 12.7872C17.215 12.8783 17.1597 12.961 17.09 13.0306Z\" fill=\"#FBC91A\"><\/path><\/svg>\t\t\t<\/span>\n\t\t\t\t\t\t\t\t\t<span class=\"elementor-button-text\">Sprechen Sie unser Team an<\/span>\n\t\t\t\t\t<\/span>\n\t\t\t\t\t<\/a>\n\t\t\t\t<\/div>\n\t\t\t\t\t\t\t\t<\/div>\n\t\t\t\t<\/div>\n\t\t\t\t<\/div>\n\t\t\t\t\t<\/div>\n\t\t\t\t<\/div>\n\t\t\t\t<\/div>","protected":false},"excerpt":{"rendered":"<p>Mustard Mustard \u2013 A Unique Multifunctional Ingredient Mustard is one of the most adaptable and multifunctional spices available. Beyond its distinctive flavour and nutritional benefits, it fulfils several essential roles in food production, acting as an emulsifier, antioxidant, stabiliser, preservative, binder, and even a valuable source of protein. It is a key ingredient that enhances [&hellip;]<\/p>","protected":false},"author":4,"featured_media":0,"parent":1014,"menu_order":0,"comment_status":"closed","ping_status":"closed","template":"","meta":{"_acf_changed":false,"footnotes":""},"class_list":["post-3555","page","type-page","status-publish","hentry"],"acf":[],"_links":{"self":[{"href":"https:\/\/factoria-agro.ua\/de\/wp-json\/wp\/v2\/pages\/3555","targetHints":{"allow":["GET"]}}],"collection":[{"href":"https:\/\/factoria-agro.ua\/de\/wp-json\/wp\/v2\/pages"}],"about":[{"href":"https:\/\/factoria-agro.ua\/de\/wp-json\/wp\/v2\/types\/page"}],"author":[{"embeddable":true,"href":"https:\/\/factoria-agro.ua\/de\/wp-json\/wp\/v2\/users\/4"}],"replies":[{"embeddable":true,"href":"https:\/\/factoria-agro.ua\/de\/wp-json\/wp\/v2\/comments?post=3555"}],"version-history":[{"count":7,"href":"https:\/\/factoria-agro.ua\/de\/wp-json\/wp\/v2\/pages\/3555\/revisions"}],"predecessor-version":[{"id":3565,"href":"https:\/\/factoria-agro.ua\/de\/wp-json\/wp\/v2\/pages\/3555\/revisions\/3565"}],"up":[{"embeddable":true,"href":"https:\/\/factoria-agro.ua\/de\/wp-json\/wp\/v2\/pages\/1014"}],"wp:attachment":[{"href":"https:\/\/factoria-agro.ua\/de\/wp-json\/wp\/v2\/media?parent=3555"}],"curies":[{"name":"wp","href":"https:\/\/api.w.org\/{rel}","templated":true}]}}