{"id":30,"date":"2025-06-05T07:22:24","date_gmt":"2025-06-05T07:22:24","guid":{"rendered":"https:\/\/factoria-agro.ua\/?page_id=30"},"modified":"2025-07-22T08:54:04","modified_gmt":"2025-07-22T08:54:04","slug":"legal-privacy-policy","status":"publish","type":"page","link":"https:\/\/factoria-agro.ua\/es\/legal-privacy-policy\/","title":{"rendered":"Legal &#8211; Privacy Policy"},"content":{"rendered":"<div data-elementor-type=\"wp-page\" data-elementor-id=\"30\" class=\"elementor elementor-30\" data-elementor-post-type=\"page\">\n\t\t\t\t<div class=\"elementor-element elementor-element-2427e3a e-flex e-con-boxed e-con e-parent\" data-id=\"2427e3a\" data-element_type=\"container\">\n\t\t\t\t\t<div class=\"e-con-inner\">\n\t\t<div class=\"elementor-element elementor-element-68da33d e-con-full e-flex e-con e-child\" data-id=\"68da33d\" data-element_type=\"container\">\n\t\t\t\t<div class=\"elementor-element elementor-element-7b393aa elementor-widget elementor-widget-heading\" data-id=\"7b393aa\" data-element_type=\"widget\" data-widget_type=\"heading.default\">\n\t\t\t\t<div class=\"elementor-widget-container\">\n\t\t\t\t\t<h2 class=\"elementor-heading-title elementor-size-default\">Pol\u00edtica de privacidad<\/h2>\t\t\t\t<\/div>\n\t\t\t\t<\/div>\n\t\t\t\t<div class=\"elementor-element elementor-element-653c81e elementor-widget elementor-widget-heading\" data-id=\"653c81e\" data-element_type=\"widget\" data-widget_type=\"heading.default\">\n\t\t\t\t<div class=\"elementor-widget-container\">\n\t\t\t\t\t<h2 class=\"elementor-heading-title elementor-size-default\">Qui\u00e9nes somos<\/h2>\t\t\t\t<\/div>\n\t\t\t\t<\/div>\n\t\t\t\t<div class=\"elementor-element elementor-element-7f43441 elementor-widget elementor-widget-text-editor\" data-id=\"7f43441\" data-element_type=\"widget\" data-widget_type=\"text-editor.default\">\n\t\t\t\t<div class=\"elementor-widget-container\">\n\t\t\t\t\t\t\t\t\t<p>Factoria-Agro es uno de los principales productores ucranianos de ingredientes de primera calidad de mostaza, linaza y cilantro, y exporta a m\u00e1s de 100 pa\u00edses. La direcci\u00f3n de nuestro sitio web es: https:\/\/factoria-agro.ua\/en.<\/p>\t\t\t\t\t\t\t\t<\/div>\n\t\t\t\t<\/div>\n\t\t\t\t<div class=\"elementor-element elementor-element-d9e8677 elementor-widget elementor-widget-heading\" data-id=\"d9e8677\" data-element_type=\"widget\" data-widget_type=\"heading.default\">\n\t\t\t\t<div class=\"elementor-widget-container\">\n\t\t\t\t\t<h2 class=\"elementor-heading-title elementor-size-default\">Qu\u00e9 datos personales recopilamos y por qu\u00e9<\/h2>\t\t\t\t<\/div>\n\t\t\t\t<\/div>\n\t\t\t\t<div class=\"elementor-element elementor-element-47aff39 elementor-widget elementor-widget-text-editor\" data-id=\"47aff39\" data-element_type=\"widget\" data-widget_type=\"text-editor.default\">\n\t\t\t\t<div class=\"elementor-widget-container\">\n\t\t\t\t\t\t\t\t\t<p>Cuando usted interact\u00faa con nuestro sitio web, por ejemplo enviando un formulario de contacto o solicitando informaci\u00f3n sobre un producto, podemos recoger datos personales como su nombre, direcci\u00f3n de correo electr\u00f3nico, datos de su empresa y n\u00famero de tel\u00e9fono. Estos datos se recogen para responder a sus consultas, proporcionar muestras de productos, negociar contratos o facilitar asociaciones comerciales. Recogemos esta informaci\u00f3n bas\u00e1ndonos en su consentimiento o para cumplir nuestras obligaciones contractuales.<\/p><p>Tambi\u00e9n podemos recopilar datos t\u00e9cnicos, como su direcci\u00f3n IP y la cadena de agente de usuario de su navegador, para garantizar la funcionalidad y seguridad del sitio web, incluida la detecci\u00f3n de spam. Estos datos se procesan para proteger nuestros intereses leg\u00edtimos de mantener una presencia en l\u00ednea segura y eficiente.<\/p>\t\t\t\t\t\t\t\t<\/div>\n\t\t\t\t<\/div>\n\t\t\t\t<div class=\"elementor-element elementor-element-e71d374 elementor-widget elementor-widget-heading\" data-id=\"e71d374\" data-element_type=\"widget\" data-widget_type=\"heading.default\">\n\t\t\t\t<div class=\"elementor-widget-container\">\n\t\t\t\t\t<h2 class=\"elementor-heading-title elementor-size-default\">Cookies<\/h2>\t\t\t\t<\/div>\n\t\t\t\t<\/div>\n\t\t\t\t<div class=\"elementor-element elementor-element-133bfeb elementor-widget elementor-widget-text-editor\" data-id=\"133bfeb\" data-element_type=\"widget\" data-widget_type=\"text-editor.default\">\n\t\t\t\t<div class=\"elementor-widget-container\">\n\t\t\t\t\t\t\t\t\t<p>Utilizamos cookies para mejorar su experiencia en nuestro sitio web. Entre ellas se incluyen:<\/p><p>Cookies esenciales: Cookies temporales para garantizar la funcionalidad del sitio web, como determinar si su navegador acepta cookies. No contienen datos personales y se eliminan al cerrar el navegador.<\/p><p>Cookies anal\u00edticas: Podemos utilizar cookies para recopilar datos an\u00f3nimos sobre el uso del sitio web para mejorar nuestros servicios. Puede desactivar estas cookies a trav\u00e9s de la configuraci\u00f3n de su navegador.<\/p><p>Para obtener m\u00e1s informaci\u00f3n, consulte nuestro Aviso sobre cookies en nuestro sitio web.<\/p>\t\t\t\t\t\t\t\t<\/div>\n\t\t\t\t<\/div>\n\t\t\t\t<div class=\"elementor-element elementor-element-f9f2630 elementor-widget elementor-widget-heading\" data-id=\"f9f2630\" data-element_type=\"widget\" data-widget_type=\"heading.default\">\n\t\t\t\t<div class=\"elementor-widget-container\">\n\t\t\t\t\t<h2 class=\"elementor-heading-title elementor-size-default\">Intercambio de datos con terceros<\/h2>\t\t\t\t<\/div>\n\t\t\t\t<\/div>\n\t\t\t\t<div class=\"elementor-element elementor-element-5057401 elementor-widget elementor-widget-text-editor\" data-id=\"5057401\" data-element_type=\"widget\" data-widget_type=\"text-editor.default\">\n\t\t\t\t<div class=\"elementor-widget-container\">\n\t\t\t\t\t\t\t\t\t<p>Podemos compartir sus datos personales con<\/p><p>Socios log\u00edsticos: Para facilitar la entrega de productos, compartimos los datos necesarios (por ejemplo, nombre de la empresa, direcci\u00f3n de entrega) con nuestros proveedores log\u00edsticos de confianza, que est\u00e1n obligados contractualmente a proteger sus datos.<\/p><p>Autoridades legales: Podemos revelar datos si as\u00ed lo exige la ley, como por ejemplo para el cumplimiento de normativas aduaneras u obligaciones legales en las jurisdicciones en las que operamos.<\/p><p>No vendemos ni compartimos sus datos personales con fines de marketing ni con terceros m\u00e1s all\u00e1 de lo necesario para las operaciones comerciales.<\/p>\t\t\t\t\t\t\t\t<\/div>\n\t\t\t\t<\/div>\n\t\t\t\t<div class=\"elementor-element elementor-element-a40e1a2 elementor-widget elementor-widget-heading\" data-id=\"a40e1a2\" data-element_type=\"widget\" data-widget_type=\"heading.default\">\n\t\t\t\t<div class=\"elementor-widget-container\">\n\t\t\t\t\t<h2 class=\"elementor-heading-title elementor-size-default\">Contenido incrustado de otros sitios web<\/h2>\t\t\t\t<\/div>\n\t\t\t\t<\/div>\n\t\t\t\t<div class=\"elementor-element elementor-element-fec4f78 elementor-widget elementor-widget-text-editor\" data-id=\"fec4f78\" data-element_type=\"widget\" data-widget_type=\"text-editor.default\">\n\t\t\t\t<div class=\"elementor-widget-container\">\n\t\t\t\t\t\t\t\t\t<p>Nuestro sitio web puede incluir contenido incrustado (por ejemplo, mapas o v\u00eddeos) de terceros proveedores. Estos proveedores pueden recopilar datos, utilizar cookies o rastrear interacciones como si usted visitara su sitio web directamente. Le recomendamos que consulte las pol\u00edticas de privacidad de estos terceros.<\/p>\t\t\t\t\t\t\t\t<\/div>\n\t\t\t\t<\/div>\n\t\t\t\t<div class=\"elementor-element elementor-element-4313883 elementor-widget elementor-widget-heading\" data-id=\"4313883\" data-element_type=\"widget\" data-widget_type=\"heading.default\">\n\t\t\t\t<div class=\"elementor-widget-container\">\n\t\t\t\t\t<h2 class=\"elementor-heading-title elementor-size-default\">Cu\u00e1nto tiempo conservamos sus datos<\/h2>\t\t\t\t<\/div>\n\t\t\t\t<\/div>\n\t\t\t\t<div class=\"elementor-element elementor-element-45906d8 elementor-widget elementor-widget-text-editor\" data-id=\"45906d8\" data-element_type=\"widget\" data-widget_type=\"text-editor.default\">\n\t\t\t\t<div class=\"elementor-widget-container\">\n\t\t\t\t\t\t\t\t\t<p>Conservamos los datos personales recogidos a trav\u00e9s de formularios de contacto o interacciones comerciales s\u00f3lo durante el tiempo necesario para cumplir la finalidad de la recogida (por ejemplo, responder a consultas, cumplir contratos) o para cumplir obligaciones legales. Los datos que ya no son necesarios se eliminan de forma segura o se convierten en an\u00f3nimos.<\/p>\t\t\t\t\t\t\t\t<\/div>\n\t\t\t\t<\/div>\n\t\t\t\t<div class=\"elementor-element elementor-element-3b21ac8 elementor-widget elementor-widget-heading\" data-id=\"3b21ac8\" data-element_type=\"widget\" data-widget_type=\"heading.default\">\n\t\t\t\t<div class=\"elementor-widget-container\">\n\t\t\t\t\t<h2 class=\"elementor-heading-title elementor-size-default\">Sus derechos de protecci\u00f3n de datos<\/h2>\t\t\t\t<\/div>\n\t\t\t\t<\/div>\n\t\t\t\t<div class=\"elementor-element elementor-element-039266e elementor-widget elementor-widget-text-editor\" data-id=\"039266e\" data-element_type=\"widget\" data-widget_type=\"text-editor.default\">\n\t\t\t\t<div class=\"elementor-widget-container\">\n\t\t\t\t\t\t\t\t\t<p>En virtud de las leyes de protecci\u00f3n de datos aplicables, como el GDPR, puede tener los siguientes derechos:<\/p><p>Acceso: Solicitar una copia de los datos personales que tenemos sobre usted.<\/p><p>Rectificaci\u00f3n: Solicitar la correcci\u00f3n de datos inexactos.<\/p><p>Supresi\u00f3n: Solicitar la supresi\u00f3n de sus datos, excepto cuando estemos obligados a conservarlos por motivos legales o administrativos.<\/p><p>Oposici\u00f3n: Oponerse al tratamiento de sus datos para fines espec\u00edficos.<\/p><p>Portabilidad de datos: Solicite sus datos en un formato estructurado y legible por m\u00e1quina.<\/p><p>Limitar el tratamiento: Solicitar la limitaci\u00f3n de la forma en que tratamos sus datos.<\/p><p>Para ejercer estos derechos, p\u00f3ngase en contacto con nuestro responsable de protecci\u00f3n de datos en privacy@factoria-agro.ua. Le responderemos en los plazos exigidos por la ley (normalmente 30 d\u00edas seg\u00fan el GDPR).<\/p>\t\t\t\t\t\t\t\t<\/div>\n\t\t\t\t<\/div>\n\t\t\t\t<div class=\"elementor-element elementor-element-338b3c7 elementor-widget elementor-widget-heading\" data-id=\"338b3c7\" data-element_type=\"widget\" data-widget_type=\"heading.default\">\n\t\t\t\t<div class=\"elementor-widget-container\">\n\t\t\t\t\t<h2 class=\"elementor-heading-title elementor-size-default\">D\u00f3nde se env\u00edan sus datos\n<\/h2>\t\t\t\t<\/div>\n\t\t\t\t<\/div>\n\t\t\t\t<div class=\"elementor-element elementor-element-0b54b88 elementor-widget elementor-widget-text-editor\" data-id=\"0b54b88\" data-element_type=\"widget\" data-widget_type=\"text-editor.default\">\n\t\t\t\t<div class=\"elementor-widget-container\">\n\t\t\t\t\t\t\t\t\t<p>Sus datos pueden procesarse o almacenarse en servidores de Ucrania, la UE u otras jurisdicciones en las que operen nuestros socios log\u00edsticos, en cumplimiento de la legislaci\u00f3n aplicable en materia de protecci\u00f3n de datos. Utilizamos cl\u00e1usulas contractuales est\u00e1ndar u otros mecanismos legales para garantizar la seguridad de las transferencias internacionales de datos.<\/p>\t\t\t\t\t\t\t\t<\/div>\n\t\t\t\t<\/div>\n\t\t\t\t<div class=\"elementor-element elementor-element-3de9153 elementor-widget elementor-widget-heading\" data-id=\"3de9153\" data-element_type=\"widget\" data-widget_type=\"heading.default\">\n\t\t\t\t<div class=\"elementor-widget-container\">\n\t\t\t\t\t<h2 class=\"elementor-heading-title elementor-size-default\">Seguridad de los datos<\/h2>\t\t\t\t<\/div>\n\t\t\t\t<\/div>\n\t\t\t\t<div class=\"elementor-element elementor-element-c3245ca elementor-widget elementor-widget-text-editor\" data-id=\"c3245ca\" data-element_type=\"widget\" data-widget_type=\"text-editor.default\">\n\t\t\t\t<div class=\"elementor-widget-container\">\n\t\t\t\t\t\t\t\t\t<p>Aplicamos s\u00f3lidas medidas t\u00e9cnicas y organizativas, como el cifrado y los controles de acceso, para proteger sus datos de accesos no autorizados, p\u00e9rdidas o usos indebidos. Nuestras instalaciones cumplen las normas del sector para garantizar la seguridad de los datos.<\/p>\t\t\t\t\t\t\t\t<\/div>\n\t\t\t\t<\/div>\n\t\t\t\t<div class=\"elementor-element elementor-element-e24bb3b elementor-widget elementor-widget-heading\" data-id=\"e24bb3b\" data-element_type=\"widget\" data-widget_type=\"heading.default\">\n\t\t\t\t<div class=\"elementor-widget-container\">\n\t\t\t\t\t<h2 class=\"elementor-heading-title elementor-size-default\">Actualizaciones de esta pol\u00edtica<\/h2>\t\t\t\t<\/div>\n\t\t\t\t<\/div>\n\t\t\t\t<div class=\"elementor-element elementor-element-e024183 elementor-widget elementor-widget-text-editor\" data-id=\"e024183\" data-element_type=\"widget\" data-widget_type=\"text-editor.default\">\n\t\t\t\t<div class=\"elementor-widget-container\">\n\t\t\t\t\t\t\t\t\t<p>Podemos actualizar esta pol\u00edtica de privacidad para reflejar cambios en nuestras pr\u00e1cticas o requisitos legales. Las actualizaciones se publicar\u00e1n en nuestro sitio web, y le notificaremos los cambios significativos por correo electr\u00f3nico o mediante un aviso en el sitio web. Esta pol\u00edtica se actualiz\u00f3 por \u00faltima vez el 22 de julio de 2025.<\/p>\t\t\t\t\t\t\t\t<\/div>\n\t\t\t\t<\/div>\n\t\t\t\t<div class=\"elementor-element elementor-element-b3e77f3 elementor-widget elementor-widget-heading\" data-id=\"b3e77f3\" data-element_type=\"widget\" data-widget_type=\"heading.default\">\n\t\t\t\t<div class=\"elementor-widget-container\">\n\t\t\t\t\t<h2 class=\"elementor-heading-title elementor-size-default\">Contacte con nosotros<\/h2>\t\t\t\t<\/div>\n\t\t\t\t<\/div>\n\t\t\t\t<div class=\"elementor-element elementor-element-a0a15d0 elementor-widget elementor-widget-text-editor\" data-id=\"a0a15d0\" data-element_type=\"widget\" data-widget_type=\"text-editor.default\">\n\t\t\t\t<div class=\"elementor-widget-container\">\n\t\t\t\t\t\t\t\t\t<p>Si tiene preguntas o dudas sobre esta pol\u00edtica de privacidad o sus datos, p\u00f3ngase en contacto con nuestro responsable de protecci\u00f3n de datos en privacy@factoria-agro.ua o en nuestro domicilio social: Factoria-Agro, Vyshgorod, st.Novopromyslova,1., regi\u00f3n de Kyiv 07301 Ucrania<\/p>\t\t\t\t\t\t\t\t<\/div>\n\t\t\t\t<\/div>\n\t\t\t\t<\/div>\n\t\t\t\t\t<\/div>\n\t\t\t\t<\/div>\n\t\t\t\t<\/div>","protected":false},"excerpt":{"rendered":"<p>Privacy Policy Who we are Factoria-Agro is a leading Ukrainian producer of premium mustard, flaxseed, and coriander ingredients, exporting to over 100 countries. Our website address is: https:\/\/factoria-agro.ua\/en. What Personal Data We Collect and Why When you interact with our website, such as submitting a contact form or requesting product information, we may collect personal [&hellip;]<\/p>","protected":false},"author":4,"featured_media":0,"parent":0,"menu_order":0,"comment_status":"closed","ping_status":"closed","template":"","meta":{"_acf_changed":false,"footnotes":""},"class_list":["post-30","page","type-page","status-publish","hentry"],"acf":[],"_links":{"self":[{"href":"https:\/\/factoria-agro.ua\/es\/wp-json\/wp\/v2\/pages\/30","targetHints":{"allow":["GET"]}}],"collection":[{"href":"https:\/\/factoria-agro.ua\/es\/wp-json\/wp\/v2\/pages"}],"about":[{"href":"https:\/\/factoria-agro.ua\/es\/wp-json\/wp\/v2\/types\/page"}],"author":[{"embeddable":true,"href":"https:\/\/factoria-agro.ua\/es\/wp-json\/wp\/v2\/users\/4"}],"replies":[{"embeddable":true,"href":"https:\/\/factoria-agro.ua\/es\/wp-json\/wp\/v2\/comments?post=30"}],"version-history":[{"count":6,"href":"https:\/\/factoria-agro.ua\/es\/wp-json\/wp\/v2\/pages\/30\/revisions"}],"predecessor-version":[{"id":2021,"href":"https:\/\/factoria-agro.ua\/es\/wp-json\/wp\/v2\/pages\/30\/revisions\/2021"}],"wp:attachment":[{"href":"https:\/\/factoria-agro.ua\/es\/wp-json\/wp\/v2\/media?parent=30"}],"curies":[{"name":"wp","href":"https:\/\/api.w.org\/{rel}","templated":true}]}}