{"id":305,"date":"2025-06-18T14:51:00","date_gmt":"2025-06-18T14:51:00","guid":{"rendered":"https:\/\/factoria-agro.ua\/?page_id=305"},"modified":"2025-07-04T15:17:34","modified_gmt":"2025-07-04T15:17:34","slug":"values","status":"publish","type":"page","link":"https:\/\/factoria-agro.ua\/es\/values\/","title":{"rendered":"Values"},"content":{"rendered":"<div data-elementor-type=\"wp-page\" data-elementor-id=\"305\" class=\"elementor elementor-305\" data-elementor-post-type=\"page\">\n\t\t\t\t<div class=\"elementor-element elementor-element-bb50ef5 e-flex e-con-boxed e-con e-parent\" data-id=\"bb50ef5\" data-element_type=\"container\" data-settings=\"{&quot;background_background&quot;:&quot;classic&quot;}\">\n\t\t\t\t\t<div class=\"e-con-inner\">\n\t\t<div class=\"elementor-element elementor-element-8a52463 e-con-full e-flex e-con e-child\" data-id=\"8a52463\" data-element_type=\"container\">\n\t\t\t\t<div class=\"elementor-element elementor-element-6d6cd1d elementor-widget elementor-widget-heading\" data-id=\"6d6cd1d\" data-element_type=\"widget\" data-widget_type=\"heading.default\">\n\t\t\t\t<div class=\"elementor-widget-container\">\n\t\t\t\t\t<h1 class=\"elementor-heading-title elementor-size-default\">NUESTROS VALORES<\/h1>\t\t\t\t<\/div>\n\t\t\t\t<\/div>\n\t\t\t\t<\/div>\n\t\t\t\t\t<\/div>\n\t\t\t\t<\/div>\n\t\t<div class=\"elementor-element elementor-element-0f39625 e-flex e-con-boxed e-con e-parent\" data-id=\"0f39625\" data-element_type=\"container\">\n\t\t\t\t\t<div class=\"e-con-inner\">\n\t\t<div class=\"elementor-element elementor-element-18259cf e-con-full animated-fast e-flex elementor-invisible e-con e-child\" data-id=\"18259cf\" data-element_type=\"container\" data-settings=\"{&quot;animation&quot;:&quot;fadeInUp&quot;}\">\n\t\t\t\t<div class=\"elementor-element elementor-element-7bb840d elementor-widget elementor-widget-button\" data-id=\"7bb840d\" data-element_type=\"widget\" data-widget_type=\"button.default\">\n\t\t\t\t<div class=\"elementor-widget-container\">\n\t\t\t\t\t\t\t\t\t<div class=\"elementor-button-wrapper\">\n\t\t\t\t\t<a class=\"elementor-button elementor-size-sm\" role=\"button\">\n\t\t\t\t\t\t<span class=\"elementor-button-content-wrapper\">\n\t\t\t\t\t\t\t\t\t<span class=\"elementor-button-text\">Acerca de Factoria<\/span>\n\t\t\t\t\t<\/span>\n\t\t\t\t\t<\/a>\n\t\t\t\t<\/div>\n\t\t\t\t\t\t\t\t<\/div>\n\t\t\t\t<\/div>\n\t\t\t\t<div class=\"elementor-element elementor-element-4272bfc elementor-widget elementor-widget-heading\" data-id=\"4272bfc\" data-element_type=\"widget\" data-widget_type=\"heading.default\">\n\t\t\t\t<div class=\"elementor-widget-container\">\n\t\t\t\t\t<h3 class=\"elementor-heading-title elementor-size-default\">Valores y principios<\/h3>\t\t\t\t<\/div>\n\t\t\t\t<\/div>\n\t\t\t\t<\/div>\n\t\t<div class=\"elementor-element elementor-element-e2be91e e-con-full animated-fast e-flex elementor-invisible e-con e-child\" data-id=\"e2be91e\" data-element_type=\"container\" data-settings=\"{&quot;animation&quot;:&quot;fadeInUp&quot;}\">\n\t\t\t\t<div class=\"elementor-element elementor-element-8a46dd5 elementor-widget__width-initial elementor-widget elementor-widget-text-editor\" data-id=\"8a46dd5\" data-element_type=\"widget\" data-widget_type=\"text-editor.default\">\n\t\t\t\t<div class=\"elementor-widget-container\">\n\t\t\t\t\t\t\t\t\t<p>Nuestra misi\u00f3n principal es extraer valor de las semillas oleaginosas protegiendo cuidadosamente el medio ambiente, y ofrecer a nuestros clientes productos alimenticios naturales e ingredientes de la m\u00e1xima calidad.<\/p>\t\t\t\t\t\t\t\t<\/div>\n\t\t\t\t<\/div>\n\t\t\t\t<div class=\"elementor-element elementor-element-92a47c7 custom-button elementor-widget elementor-widget-button\" data-id=\"92a47c7\" data-element_type=\"widget\" data-widget_type=\"button.default\">\n\t\t\t\t<div class=\"elementor-widget-container\">\n\t\t\t\t\t\t\t\t\t<div class=\"elementor-button-wrapper\">\n\t\t\t\t\t<a class=\"elementor-button elementor-button-link elementor-size-sm\" href=\"#\">\n\t\t\t\t\t\t<span class=\"elementor-button-content-wrapper\">\n\t\t\t\t\t\t<span class=\"elementor-button-icon\">\n\t\t\t\t<svg xmlns=\"http:\/\/www.w3.org\/2000\/svg\" width=\"25\" height=\"25\" viewbox=\"0 0 25 25\" fill=\"none\"><path d=\"M12.8093 2.75C10.881 2.75 8.9959 3.32183 7.39252 4.39317C5.78914 5.46452 4.53946 6.98726 3.80151 8.76884C3.06355 10.5504 2.87047 12.5108 3.24667 14.4021C3.62288 16.2934 4.55148 18.0307 5.91504 19.3943C7.2786 20.7579 9.01589 21.6865 10.9072 22.0627C12.7985 22.4389 14.7589 22.2458 16.5405 21.5078C18.3221 20.7699 19.8448 19.5202 20.9162 17.9168C21.9875 16.3134 22.5593 14.4284 22.5593 12.5C22.5566 9.91498 21.5285 7.43661 19.7006 5.60872C17.8727 3.78084 15.3944 2.75273 12.8093 2.75ZM17.09 13.0306L14.09 16.0306C13.9492 16.1714 13.7584 16.2504 13.5593 16.2504C13.3603 16.2504 13.1694 16.1714 13.0287 16.0306C12.888 15.8899 12.8089 15.699 12.8089 15.5C12.8089 15.301 12.888 15.1101 13.0287 14.9694L14.749 13.25H9.05933C8.86042 13.25 8.66965 13.171 8.529 13.0303C8.38835 12.8897 8.30933 12.6989 8.30933 12.5C8.30933 12.3011 8.38835 12.1103 8.529 11.9697C8.66965 11.829 8.86042 11.75 9.05933 11.75H14.749L13.0287 10.0306C12.888 9.88989 12.8089 9.69902 12.8089 9.5C12.8089 9.30098 12.888 9.11011 13.0287 8.96937C13.1694 8.82864 13.3603 8.74958 13.5593 8.74958C13.7584 8.74958 13.9492 8.82864 14.09 8.96937L17.09 11.9694C17.1597 12.039 17.215 12.1217 17.2528 12.2128C17.2905 12.3038 17.3099 12.4014 17.3099 12.5C17.3099 12.5986 17.2905 12.6962 17.2528 12.7872C17.215 12.8783 17.1597 12.961 17.09 13.0306Z\" fill=\"#FBC91A\"><\/path><\/svg>\t\t\t<\/span>\n\t\t\t\t\t\t\t\t\t<span class=\"elementor-button-text\">M\u00e1s informaci\u00f3n<\/span>\n\t\t\t\t\t<\/span>\n\t\t\t\t\t<\/a>\n\t\t\t\t<\/div>\n\t\t\t\t\t\t\t\t<\/div>\n\t\t\t\t<\/div>\n\t\t\t\t<\/div>\n\t\t<div class=\"elementor-element elementor-element-3e6f56d e-con-full e-flex e-con e-child\" data-id=\"3e6f56d\" data-element_type=\"container\">\n\t\t<div class=\"elementor-element elementor-element-a7c1713 e-con-full animated-fast e-flex elementor-invisible e-con e-child\" data-id=\"a7c1713\" data-element_type=\"container\" data-settings=\"{&quot;animation&quot;:&quot;fadeInRight&quot;}\">\n\t\t\t\t<div class=\"elementor-element elementor-element-8294d14 elementor-widget elementor-widget-image\" data-id=\"8294d14\" data-element_type=\"widget\" data-widget_type=\"image.default\">\n\t\t\t\t<div class=\"elementor-widget-container\">\n\t\t\t\t\t\t\t\t\t\t\t\t\t\t\t<img fetchpriority=\"high\" decoding=\"async\" width=\"1536\" height=\"738\" src=\"https:\/\/factoria-agro.ua\/wp-content\/uploads\/2025\/07\/interior-large-logistics-warehouse-ai-generative-scaled-e1751641855705-1536x738.jpg\" class=\"attachment-1536x1536 size-1536x1536 wp-image-1277\" alt=\"\" srcset=\"https:\/\/factoria-agro.ua\/wp-content\/uploads\/2025\/07\/interior-large-logistics-warehouse-ai-generative-scaled-e1751641855705-1536x738.jpg 1536w, https:\/\/factoria-agro.ua\/wp-content\/uploads\/2025\/07\/interior-large-logistics-warehouse-ai-generative-scaled-e1751641855705-300x144.jpg 300w, https:\/\/factoria-agro.ua\/wp-content\/uploads\/2025\/07\/interior-large-logistics-warehouse-ai-generative-scaled-e1751641855705-1024x492.jpg 1024w, https:\/\/factoria-agro.ua\/wp-content\/uploads\/2025\/07\/interior-large-logistics-warehouse-ai-generative-scaled-e1751641855705-768x369.jpg 768w, https:\/\/factoria-agro.ua\/wp-content\/uploads\/2025\/07\/interior-large-logistics-warehouse-ai-generative-scaled-e1751641855705-2048x984.jpg 2048w, https:\/\/factoria-agro.ua\/wp-content\/uploads\/2025\/07\/interior-large-logistics-warehouse-ai-generative-scaled-e1751641855705-600x288.jpg 600w\" sizes=\"(max-width: 1536px) 100vw, 1536px\" \/>\t\t\t\t\t\t\t\t\t\t\t\t\t\t\t<\/div>\n\t\t\t\t<\/div>\n\t\t\t\t<\/div>\n\t\t<div class=\"elementor-element elementor-element-1e125af e-con-full animated-fast e-flex elementor-invisible e-con e-child\" data-id=\"1e125af\" data-element_type=\"container\" data-settings=\"{&quot;animation&quot;:&quot;fadeInRight&quot;,&quot;animation_delay&quot;:200}\">\n\t\t\t\t<div class=\"elementor-element elementor-element-bc7850e elementor-widget elementor-widget-image\" data-id=\"bc7850e\" data-element_type=\"widget\" data-widget_type=\"image.default\">\n\t\t\t\t<div class=\"elementor-widget-container\">\n\t\t\t\t\t\t\t\t\t\t\t\t\t\t\t<img decoding=\"async\" width=\"1536\" height=\"878\" src=\"https:\/\/factoria-agro.ua\/wp-content\/uploads\/2025\/07\/metal-workers-use-machinery-craft-steel-generated-by-ai-1536x878.jpg\" class=\"attachment-1536x1536 size-1536x1536 wp-image-1276\" alt=\"\" srcset=\"https:\/\/factoria-agro.ua\/wp-content\/uploads\/2025\/07\/metal-workers-use-machinery-craft-steel-generated-by-ai-1536x878.jpg 1536w, https:\/\/factoria-agro.ua\/wp-content\/uploads\/2025\/07\/metal-workers-use-machinery-craft-steel-generated-by-ai-300x171.jpg 300w, https:\/\/factoria-agro.ua\/wp-content\/uploads\/2025\/07\/metal-workers-use-machinery-craft-steel-generated-by-ai-1024x585.jpg 1024w, https:\/\/factoria-agro.ua\/wp-content\/uploads\/2025\/07\/metal-workers-use-machinery-craft-steel-generated-by-ai-768x439.jpg 768w, https:\/\/factoria-agro.ua\/wp-content\/uploads\/2025\/07\/metal-workers-use-machinery-craft-steel-generated-by-ai-2048x1170.jpg 2048w, https:\/\/factoria-agro.ua\/wp-content\/uploads\/2025\/07\/metal-workers-use-machinery-craft-steel-generated-by-ai-600x343.jpg 600w\" sizes=\"(max-width: 1536px) 100vw, 1536px\" \/>\t\t\t\t\t\t\t\t\t\t\t\t\t\t\t<\/div>\n\t\t\t\t<\/div>\n\t\t\t\t<\/div>\n\t\t\t\t<\/div>\n\t\t\t\t\t<\/div>\n\t\t\t\t<\/div>\n\t\t<div class=\"elementor-element elementor-element-dc9f5b0 e-flex e-con-boxed e-con e-parent\" data-id=\"dc9f5b0\" data-element_type=\"container\" data-settings=\"{&quot;background_background&quot;:&quot;classic&quot;}\">\n\t\t\t\t\t<div class=\"e-con-inner\">\n\t\t<div class=\"elementor-element elementor-element-73e2aa5 e-con-full e-flex e-con e-child\" data-id=\"73e2aa5\" data-element_type=\"container\">\n\t\t\t\t<div class=\"elementor-element elementor-element-e1026e9 elementor-widget__width-initial elementor-widget elementor-widget-heading\" data-id=\"e1026e9\" data-element_type=\"widget\" data-widget_type=\"heading.default\">\n\t\t\t\t<div class=\"elementor-widget-container\">\n\t\t\t\t\t<h3 class=\"elementor-heading-title elementor-size-default\">A la hora de tomar decisiones, siempre nos basamos en los valores y principios que hemos seguido desde la creaci\u00f3n de nuestra empresa.<\/h3>\t\t\t\t<\/div>\n\t\t\t\t<\/div>\n\t\t\t\t<\/div>\n\t\t<div class=\"elementor-element elementor-element-2d2108a e-con-full e-flex e-con e-child\" data-id=\"2d2108a\" data-element_type=\"container\">\n\t\t<div class=\"elementor-element elementor-element-a31a602 e-grid e-con-full e-con e-child\" data-id=\"a31a602\" data-element_type=\"container\">\n\t\t<div class=\"elementor-element elementor-element-1d5ae1a e-con-full animated-fast e-flex elementor-invisible e-con e-child\" data-id=\"1d5ae1a\" data-element_type=\"container\" data-settings=\"{&quot;background_background&quot;:&quot;classic&quot;,&quot;animation&quot;:&quot;fadeInUp&quot;}\">\n\t\t\t\t<div class=\"elementor-element elementor-element-b124fea elementor-view-default elementor-position-top elementor-mobile-position-top elementor-widget elementor-widget-icon-box\" data-id=\"b124fea\" data-element_type=\"widget\" data-widget_type=\"icon-box.default\">\n\t\t\t\t<div class=\"elementor-widget-container\">\n\t\t\t\t\t\t\t<div class=\"elementor-icon-box-wrapper\">\n\n\t\t\t\t\t\t<div class=\"elementor-icon-box-icon\">\n\t\t\t\t<span  class=\"elementor-icon\">\n\t\t\t\t<svg xmlns=\"http:\/\/www.w3.org\/2000\/svg\" width=\"36\" height=\"36\" viewbox=\"0 0 36 36\" fill=\"none\"><path d=\"M34.1016 26.543C34.6172 26.543 35.0625 26.7246 35.4375 27.0879C35.8125 27.4512 36 27.8906 36 28.4062V34.1016C36 34.6172 35.8125 35.0625 35.4375 35.4375C35.0625 35.8125 34.6172 36 34.1016 36H28.4062C27.8906 36 27.4512 35.8125 27.0879 35.4375C26.7246 35.0625 26.543 34.6172 26.543 34.1016V28.4062C26.543 27.8906 26.7246 27.4512 27.0879 27.0879C27.4512 26.7246 27.8906 26.543 28.4062 26.543H34.1016ZM22.7461 0C23.7773 0 24.668 0.369141 25.418 1.10742C26.168 1.8457 26.543 2.74219 26.543 3.79688V22.7461C26.543 23.7773 26.168 24.668 25.418 25.418C24.668 26.168 23.7773 26.543 22.7461 26.543H3.79688C2.74219 26.543 1.8457 26.168 1.10742 25.418C0.369141 24.668 0 23.7773 0 22.7461V3.79688C0 2.74219 0.369141 1.8457 1.10742 1.10742C1.8457 0.369141 2.74219 0 3.79688 0H22.7461Z\" fill=\"#1F6306\"><\/path><\/svg>\t\t\t\t<\/span>\n\t\t\t<\/div>\n\t\t\t\n\t\t\t\t\t\t<div class=\"elementor-icon-box-content\">\n\n\t\t\t\t\t\t\t\t\t<h3 class=\"elementor-icon-box-title\">\n\t\t\t\t\t\t<span  >\n\t\t\t\t\t\t\tDesarrollo sostenible e innovaci\u00f3n\t\t\t\t\t\t<\/span>\n\t\t\t\t\t<\/h3>\n\t\t\t\t\n\t\t\t\t\t\t\t\t\t<p class=\"elementor-icon-box-description\">\n\t\t\t\t\t\tAprovechamos la tecnolog\u00eda avanzada y la experiencia interna para ofrecer una producci\u00f3n eficiente y personalizada, mejorando continuamente a trav\u00e9s de la innovaci\u00f3n, la investigaci\u00f3n y el desarrollo del personal.\t\t\t\t\t<\/p>\n\t\t\t\t\n\t\t\t<\/div>\n\t\t\t\n\t\t<\/div>\n\t\t\t\t\t\t<\/div>\n\t\t\t\t<\/div>\n\t\t\t\t<\/div>\n\t\t<div class=\"elementor-element elementor-element-8675b74 e-con-full animated-fast e-flex elementor-invisible e-con e-child\" data-id=\"8675b74\" data-element_type=\"container\" data-settings=\"{&quot;background_background&quot;:&quot;classic&quot;,&quot;animation&quot;:&quot;fadeInUp&quot;,&quot;animation_delay&quot;:200}\">\n\t\t\t\t<div class=\"elementor-element elementor-element-bae0d71 elementor-view-default elementor-position-top elementor-mobile-position-top elementor-widget elementor-widget-icon-box\" data-id=\"bae0d71\" data-element_type=\"widget\" data-widget_type=\"icon-box.default\">\n\t\t\t\t<div class=\"elementor-widget-container\">\n\t\t\t\t\t\t\t<div class=\"elementor-icon-box-wrapper\">\n\n\t\t\t\t\t\t<div class=\"elementor-icon-box-icon\">\n\t\t\t\t<span  class=\"elementor-icon\">\n\t\t\t\t<svg xmlns=\"http:\/\/www.w3.org\/2000\/svg\" width=\"36\" height=\"36\" viewbox=\"0 0 36 36\" fill=\"none\"><path d=\"M34.1016 26.543C34.6172 26.543 35.0625 26.7246 35.4375 27.0879C35.8125 27.4512 36 27.8906 36 28.4062V34.1016C36 34.6172 35.8125 35.0625 35.4375 35.4375C35.0625 35.8125 34.6172 36 34.1016 36H28.4062C27.8906 36 27.4512 35.8125 27.0879 35.4375C26.7246 35.0625 26.543 34.6172 26.543 34.1016V28.4062C26.543 27.8906 26.7246 27.4512 27.0879 27.0879C27.4512 26.7246 27.8906 26.543 28.4062 26.543H34.1016ZM22.7461 0C23.7773 0 24.668 0.369141 25.418 1.10742C26.168 1.8457 26.543 2.74219 26.543 3.79688V22.7461C26.543 23.7773 26.168 24.668 25.418 25.418C24.668 26.168 23.7773 26.543 22.7461 26.543H3.79688C2.74219 26.543 1.8457 26.168 1.10742 25.418C0.369141 24.668 0 23.7773 0 22.7461V3.79688C0 2.74219 0.369141 1.8457 1.10742 1.10742C1.8457 0.369141 2.74219 0 3.79688 0H22.7461Z\" fill=\"#1F6306\"><\/path><\/svg>\t\t\t\t<\/span>\n\t\t\t<\/div>\n\t\t\t\n\t\t\t\t\t\t<div class=\"elementor-icon-box-content\">\n\n\t\t\t\t\t\t\t\t\t<h3 class=\"elementor-icon-box-title\">\n\t\t\t\t\t\t<span  >\n\t\t\t\t\t\t\tCalidad del producto\t\t\t\t\t\t<\/span>\n\t\t\t\t\t<\/h3>\n\t\t\t\t\n\t\t\t\t\t\t\t\t\t<p class=\"elementor-icon-box-description\">\n\t\t\t\t\t\tDamos prioridad a la calidad del producto desde el origen. Nuestros especialistas seleccionan a mano materias primas de primera calidad en toda Ucrania, con estrictas pruebas de laboratorio que garantizan el control en cada fase de la producci\u00f3n.\t\t\t\t\t<\/p>\n\t\t\t\t\n\t\t\t<\/div>\n\t\t\t\n\t\t<\/div>\n\t\t\t\t\t\t<\/div>\n\t\t\t\t<\/div>\n\t\t\t\t<\/div>\n\t\t<div class=\"elementor-element elementor-element-938739a e-con-full animated-fast e-flex elementor-invisible e-con e-child\" data-id=\"938739a\" data-element_type=\"container\" data-settings=\"{&quot;background_background&quot;:&quot;classic&quot;,&quot;animation&quot;:&quot;fadeInUp&quot;,&quot;animation_delay&quot;:400}\">\n\t\t\t\t<div class=\"elementor-element elementor-element-96ec253 elementor-view-default elementor-position-top elementor-mobile-position-top elementor-widget elementor-widget-icon-box\" data-id=\"96ec253\" data-element_type=\"widget\" data-widget_type=\"icon-box.default\">\n\t\t\t\t<div class=\"elementor-widget-container\">\n\t\t\t\t\t\t\t<div class=\"elementor-icon-box-wrapper\">\n\n\t\t\t\t\t\t<div class=\"elementor-icon-box-icon\">\n\t\t\t\t<span  class=\"elementor-icon\">\n\t\t\t\t<svg xmlns=\"http:\/\/www.w3.org\/2000\/svg\" width=\"36\" height=\"36\" viewbox=\"0 0 36 36\" fill=\"none\"><path d=\"M34.1016 26.543C34.6172 26.543 35.0625 26.7246 35.4375 27.0879C35.8125 27.4512 36 27.8906 36 28.4062V34.1016C36 34.6172 35.8125 35.0625 35.4375 35.4375C35.0625 35.8125 34.6172 36 34.1016 36H28.4062C27.8906 36 27.4512 35.8125 27.0879 35.4375C26.7246 35.0625 26.543 34.6172 26.543 34.1016V28.4062C26.543 27.8906 26.7246 27.4512 27.0879 27.0879C27.4512 26.7246 27.8906 26.543 28.4062 26.543H34.1016ZM22.7461 0C23.7773 0 24.668 0.369141 25.418 1.10742C26.168 1.8457 26.543 2.74219 26.543 3.79688V22.7461C26.543 23.7773 26.168 24.668 25.418 25.418C24.668 26.168 23.7773 26.543 22.7461 26.543H3.79688C2.74219 26.543 1.8457 26.168 1.10742 25.418C0.369141 24.668 0 23.7773 0 22.7461V3.79688C0 2.74219 0.369141 1.8457 1.10742 1.10742C1.8457 0.369141 2.74219 0 3.79688 0H22.7461Z\" fill=\"#1F6306\"><\/path><\/svg>\t\t\t\t<\/span>\n\t\t\t<\/div>\n\t\t\t\n\t\t\t\t\t\t<div class=\"elementor-icon-box-content\">\n\n\t\t\t\t\t\t\t\t\t<h3 class=\"elementor-icon-box-title\">\n\t\t\t\t\t\t<span  >\n\t\t\t\t\t\t\tEnfoque orientado al cliente\t\t\t\t\t\t<\/span>\n\t\t\t\t\t<\/h3>\n\t\t\t\t\n\t\t\t\t\t\t\t\t\t<p class=\"elementor-icon-box-description\">\n\t\t\t\t\t\tLos clientes son nuestro mayor activo. Les escuchamos atentamente, nos adaptamos a sus necesidades y les ofrecemos soluciones a medida, desde especificaciones personalizadas hasta plazos flexibles y entregas puntuales.\t\t\t\t\t<\/p>\n\t\t\t\t\n\t\t\t<\/div>\n\t\t\t\n\t\t<\/div>\n\t\t\t\t\t\t<\/div>\n\t\t\t\t<\/div>\n\t\t\t\t<\/div>\n\t\t<div class=\"elementor-element elementor-element-2611560 e-con-full animated-fast e-flex elementor-invisible e-con e-child\" data-id=\"2611560\" data-element_type=\"container\" data-settings=\"{&quot;background_background&quot;:&quot;classic&quot;,&quot;animation&quot;:&quot;fadeInUp&quot;,&quot;animation_delay&quot;:600}\">\n\t\t\t\t<div class=\"elementor-element elementor-element-d904744 elementor-view-default elementor-position-top elementor-mobile-position-top elementor-widget elementor-widget-icon-box\" data-id=\"d904744\" data-element_type=\"widget\" data-widget_type=\"icon-box.default\">\n\t\t\t\t<div class=\"elementor-widget-container\">\n\t\t\t\t\t\t\t<div class=\"elementor-icon-box-wrapper\">\n\n\t\t\t\t\t\t<div class=\"elementor-icon-box-icon\">\n\t\t\t\t<span  class=\"elementor-icon\">\n\t\t\t\t<svg xmlns=\"http:\/\/www.w3.org\/2000\/svg\" width=\"36\" height=\"36\" viewbox=\"0 0 36 36\" fill=\"none\"><path d=\"M34.1016 26.543C34.6172 26.543 35.0625 26.7246 35.4375 27.0879C35.8125 27.4512 36 27.8906 36 28.4062V34.1016C36 34.6172 35.8125 35.0625 35.4375 35.4375C35.0625 35.8125 34.6172 36 34.1016 36H28.4062C27.8906 36 27.4512 35.8125 27.0879 35.4375C26.7246 35.0625 26.543 34.6172 26.543 34.1016V28.4062C26.543 27.8906 26.7246 27.4512 27.0879 27.0879C27.4512 26.7246 27.8906 26.543 28.4062 26.543H34.1016ZM22.7461 0C23.7773 0 24.668 0.369141 25.418 1.10742C26.168 1.8457 26.543 2.74219 26.543 3.79688V22.7461C26.543 23.7773 26.168 24.668 25.418 25.418C24.668 26.168 23.7773 26.543 22.7461 26.543H3.79688C2.74219 26.543 1.8457 26.168 1.10742 25.418C0.369141 24.668 0 23.7773 0 22.7461V3.79688C0 2.74219 0.369141 1.8457 1.10742 1.10742C1.8457 0.369141 2.74219 0 3.79688 0H22.7461Z\" fill=\"#1F6306\"><\/path><\/svg>\t\t\t\t<\/span>\n\t\t\t<\/div>\n\t\t\t\n\t\t\t\t\t\t<div class=\"elementor-icon-box-content\">\n\n\t\t\t\t\t\t\t\t\t<h3 class=\"elementor-icon-box-title\">\n\t\t\t\t\t\t<span  >\n\t\t\t\t\t\t\tConfianza e integridad\t\t\t\t\t\t<\/span>\n\t\t\t\t\t<\/h3>\n\t\t\t\t\n\t\t\t\t\t\t\t\t\t<p class=\"elementor-icon-box-description\">\n\t\t\t\t\t\tConstruimos relaciones abiertas y duraderas basadas en la confianza. Damos prioridad a la integridad frente a los beneficios a corto plazo y cumplimos nuestros compromisos.\t\t\t\t\t<\/p>\n\t\t\t\t\n\t\t\t<\/div>\n\t\t\t\n\t\t<\/div>\n\t\t\t\t\t\t<\/div>\n\t\t\t\t<\/div>\n\t\t\t\t<\/div>\n\t\t\t\t<\/div>\n\t\t\t\t<\/div>\n\t\t\t\t\t<\/div>\n\t\t\t\t<\/div>\n\t\t<div class=\"elementor-element elementor-element-461f495 e-flex e-con-boxed e-con e-parent\" data-id=\"461f495\" data-element_type=\"container\" data-settings=\"{&quot;background_background&quot;:&quot;classic&quot;}\">\n\t\t\t\t\t<div class=\"e-con-inner\">\n\t\t<div class=\"elementor-element elementor-element-588d8d1 e-con-full animated-fast e-flex elementor-invisible e-con e-child\" data-id=\"588d8d1\" data-element_type=\"container\" data-settings=\"{&quot;background_background&quot;:&quot;classic&quot;,&quot;animation&quot;:&quot;fadeInRight&quot;}\">\n\t\t\t\t<div class=\"elementor-element elementor-element-87e6473 elementor-widget__width-initial elementor-widget elementor-widget-heading\" data-id=\"87e6473\" data-element_type=\"widget\" data-widget_type=\"heading.default\">\n\t\t\t\t<div class=\"elementor-widget-container\">\n\t\t\t\t\t<h3 class=\"elementor-heading-title elementor-size-default\">Convi\u00e9rtase en nuestro socio<\/h3>\t\t\t\t<\/div>\n\t\t\t\t<\/div>\n\t\t\t\t<div class=\"elementor-element elementor-element-a7dec0f custom-button elementor-widget elementor-widget-button\" data-id=\"a7dec0f\" data-element_type=\"widget\" data-widget_type=\"button.default\">\n\t\t\t\t<div class=\"elementor-widget-container\">\n\t\t\t\t\t\t\t\t\t<div class=\"elementor-button-wrapper\">\n\t\t\t\t\t<a class=\"elementor-button elementor-button-link elementor-size-sm\" href=\"#\">\n\t\t\t\t\t\t<span class=\"elementor-button-content-wrapper\">\n\t\t\t\t\t\t<span class=\"elementor-button-icon\">\n\t\t\t\t<svg xmlns=\"http:\/\/www.w3.org\/2000\/svg\" width=\"25\" height=\"25\" viewbox=\"0 0 25 25\" fill=\"none\"><path d=\"M12.8093 2.75C10.881 2.75 8.9959 3.32183 7.39252 4.39317C5.78914 5.46452 4.53946 6.98726 3.80151 8.76884C3.06355 10.5504 2.87047 12.5108 3.24667 14.4021C3.62288 16.2934 4.55148 18.0307 5.91504 19.3943C7.2786 20.7579 9.01589 21.6865 10.9072 22.0627C12.7985 22.4389 14.7589 22.2458 16.5405 21.5078C18.3221 20.7699 19.8448 19.5202 20.9162 17.9168C21.9875 16.3134 22.5593 14.4284 22.5593 12.5C22.5566 9.91498 21.5285 7.43661 19.7006 5.60872C17.8727 3.78084 15.3944 2.75273 12.8093 2.75ZM17.09 13.0306L14.09 16.0306C13.9492 16.1714 13.7584 16.2504 13.5593 16.2504C13.3603 16.2504 13.1694 16.1714 13.0287 16.0306C12.888 15.8899 12.8089 15.699 12.8089 15.5C12.8089 15.301 12.888 15.1101 13.0287 14.9694L14.749 13.25H9.05933C8.86042 13.25 8.66965 13.171 8.529 13.0303C8.38835 12.8897 8.30933 12.6989 8.30933 12.5C8.30933 12.3011 8.38835 12.1103 8.529 11.9697C8.66965 11.829 8.86042 11.75 9.05933 11.75H14.749L13.0287 10.0306C12.888 9.88989 12.8089 9.69902 12.8089 9.5C12.8089 9.30098 12.888 9.11011 13.0287 8.96937C13.1694 8.82864 13.3603 8.74958 13.5593 8.74958C13.7584 8.74958 13.9492 8.82864 14.09 8.96937L17.09 11.9694C17.1597 12.039 17.215 12.1217 17.2528 12.2128C17.2905 12.3038 17.3099 12.4014 17.3099 12.5C17.3099 12.5986 17.2905 12.6962 17.2528 12.7872C17.215 12.8783 17.1597 12.961 17.09 13.0306Z\" fill=\"#FBC91A\"><\/path><\/svg>\t\t\t<\/span>\n\t\t\t\t\t\t\t\t\t<span class=\"elementor-button-text\">P\u00f3ngase en contacto con nosotros<\/span>\n\t\t\t\t\t<\/span>\n\t\t\t\t\t<\/a>\n\t\t\t\t<\/div>\n\t\t\t\t\t\t\t\t<\/div>\n\t\t\t\t<\/div>\n\t\t\t\t<\/div>\n\t\t\t\t\t<\/div>\n\t\t\t\t<\/div>\n\t\t\t\t<\/div>","protected":false},"excerpt":{"rendered":"<p>OUR VALUES About Factoria Values and Principles Our core mission is to extract value from oilseeds while carefully protecting the environment, and to provide our customers with natural food products and ingredients of the highest quality. Learn more When making decisions, we always draw on values and principles that we\u2019ve been following since our company\u2019s [&hellip;]<\/p>","protected":false},"author":4,"featured_media":0,"parent":0,"menu_order":0,"comment_status":"closed","ping_status":"closed","template":"","meta":{"_acf_changed":false,"footnotes":""},"class_list":["post-305","page","type-page","status-publish","hentry"],"acf":[],"_links":{"self":[{"href":"https:\/\/factoria-agro.ua\/es\/wp-json\/wp\/v2\/pages\/305","targetHints":{"allow":["GET"]}}],"collection":[{"href":"https:\/\/factoria-agro.ua\/es\/wp-json\/wp\/v2\/pages"}],"about":[{"href":"https:\/\/factoria-agro.ua\/es\/wp-json\/wp\/v2\/types\/page"}],"author":[{"embeddable":true,"href":"https:\/\/factoria-agro.ua\/es\/wp-json\/wp\/v2\/users\/4"}],"replies":[{"embeddable":true,"href":"https:\/\/factoria-agro.ua\/es\/wp-json\/wp\/v2\/comments?post=305"}],"version-history":[{"count":0,"href":"https:\/\/factoria-agro.ua\/es\/wp-json\/wp\/v2\/pages\/305\/revisions"}],"wp:attachment":[{"href":"https:\/\/factoria-agro.ua\/es\/wp-json\/wp\/v2\/media?parent=305"}],"curies":[{"name":"wp","href":"https:\/\/api.w.org\/{rel}","templated":true}]}}