{"id":32,"date":"2025-06-05T07:22:40","date_gmt":"2025-06-05T07:22:40","guid":{"rendered":"https:\/\/factoria-agro.ua\/?page_id=32"},"modified":"2025-06-25T18:38:18","modified_gmt":"2025-06-25T18:38:18","slug":"legal-cookie-policy","status":"publish","type":"page","link":"https:\/\/factoria-agro.ua\/es\/legal-cookie-policy\/","title":{"rendered":"Legal &#8211; Cookie Policy"},"content":{"rendered":"<div data-elementor-type=\"wp-page\" data-elementor-id=\"32\" class=\"elementor elementor-32\" data-elementor-post-type=\"page\">\n\t\t\t\t<div class=\"elementor-element elementor-element-c2f80b4 e-flex e-con-boxed e-con e-parent\" data-id=\"c2f80b4\" data-element_type=\"container\">\n\t\t\t\t\t<div class=\"e-con-inner\">\n\t\t<div class=\"elementor-element elementor-element-4115b2f e-con-full e-flex e-con e-child\" data-id=\"4115b2f\" data-element_type=\"container\">\n\t\t\t\t<div class=\"elementor-element elementor-element-4ba3059 elementor-widget elementor-widget-heading\" data-id=\"4ba3059\" data-element_type=\"widget\" data-widget_type=\"heading.default\">\n\t\t\t\t<div class=\"elementor-widget-container\">\n\t\t\t\t\t<h2 class=\"elementor-heading-title elementor-size-default\">Aviso legal - Pol\u00edtica de cookies<\/h2>\t\t\t\t<\/div>\n\t\t\t\t<\/div>\n\t\t\t\t<div class=\"elementor-element elementor-element-3548307 elementor-widget elementor-widget-heading\" data-id=\"3548307\" data-element_type=\"widget\" data-widget_type=\"heading.default\">\n\t\t\t\t<div class=\"elementor-widget-container\">\n\t\t\t\t\t<h2 class=\"elementor-heading-title elementor-size-default\">\u00bfQu\u00e9 son las cookies?<\/h2>\t\t\t\t<\/div>\n\t\t\t\t<\/div>\n\t\t\t\t<div class=\"elementor-element elementor-element-096356e elementor-widget elementor-widget-text-editor\" data-id=\"096356e\" data-element_type=\"widget\" data-widget_type=\"text-editor.default\">\n\t\t\t\t<div class=\"elementor-widget-container\">\n\t\t\t\t\t\t\t\t\t<p>Las cookies son peque\u00f1os archivos de texto que se colocan en su dispositivo para ayudar a los sitios web a funcionar eficazmente y proporcionar informaci\u00f3n al propietario del sitio. Se utilizan mucho para que los sitios web funcionen o lo hagan de forma m\u00e1s eficiente.<\/p>\t\t\t\t\t\t\t\t<\/div>\n\t\t\t\t<\/div>\n\t\t\t\t<div class=\"elementor-element elementor-element-e2baadb elementor-widget elementor-widget-heading\" data-id=\"e2baadb\" data-element_type=\"widget\" data-widget_type=\"heading.default\">\n\t\t\t\t<div class=\"elementor-widget-container\">\n\t\t\t\t\t<h2 class=\"elementor-heading-title elementor-size-default\">C\u00f3mo utilizamos las cookies<\/h2>\t\t\t\t<\/div>\n\t\t\t\t<\/div>\n\t\t\t\t<div class=\"elementor-element elementor-element-193f73e elementor-widget elementor-widget-text-editor\" data-id=\"193f73e\" data-element_type=\"widget\" data-widget_type=\"text-editor.default\">\n\t\t\t\t<div class=\"elementor-widget-container\">\n\t\t\t\t\t\t\t\t\t<p data-start=\"2115\" data-end=\"2133\">Utilizamos cookies para:<\/p><ul data-start=\"2134\" data-end=\"2305\"><li data-start=\"2134\" data-end=\"2178\"><p data-start=\"2136\" data-end=\"2178\">Mejorar la funcionalidad y el rendimiento del sitio<\/p><\/li><li data-start=\"2179\" data-end=\"2220\"><p data-start=\"2181\" data-end=\"2220\">Analizar el tr\u00e1fico del sitio y los patrones de uso<\/p><\/li><li data-start=\"2221\" data-end=\"2266\"><p data-start=\"2223\" data-end=\"2266\">Recuerda tus preferencias y datos de acceso<\/p><\/li><li data-start=\"2267\" data-end=\"2305\"><p data-start=\"2269\" data-end=\"2305\">Ofrezca contenidos publicitarios relevantes<\/p><\/li><\/ul>\t\t\t\t\t\t\t\t<\/div>\n\t\t\t\t<\/div>\n\t\t\t\t<div class=\"elementor-element elementor-element-a937c2a elementor-widget elementor-widget-heading\" data-id=\"a937c2a\" data-element_type=\"widget\" data-widget_type=\"heading.default\">\n\t\t\t\t<div class=\"elementor-widget-container\">\n\t\t\t\t\t<h2 class=\"elementor-heading-title elementor-size-default\">Tipos de cookies que utilizamos<\/h2>\t\t\t\t<\/div>\n\t\t\t\t<\/div>\n\t\t\t\t<div class=\"elementor-element elementor-element-d25896c elementor-widget elementor-widget-text-editor\" data-id=\"d25896c\" data-element_type=\"widget\" data-widget_type=\"text-editor.default\">\n\t\t\t\t<div class=\"elementor-widget-container\">\n\t\t\t\t\t\t\t\t\t<ul><li data-start=\"2342\" data-end=\"2399\"><p data-start=\"2344\" data-end=\"2399\"><strong data-start=\"2344\" data-end=\"2365\">Galletas esenciales<\/strong>: Necesario para el funcionamiento del sitio web.<\/p><\/li><li data-start=\"2400\" data-end=\"2482\"><p data-start=\"2402\" data-end=\"2482\"><strong data-start=\"2402\" data-end=\"2425\">Cookies de rendimiento<\/strong>: Nos ayudan a comprender c\u00f3mo interact\u00faan los visitantes con el sitio.<\/p><\/li><li data-start=\"2483\" data-end=\"2555\"><p data-start=\"2485\" data-end=\"2555\"><strong data-start=\"2485\" data-end=\"2510\">Cookies de funcionalidad<\/strong>: Recuerda las decisiones que tomas (por ejemplo, el lenguaje).<\/p><\/li><li data-start=\"2556\" data-end=\"2630\"><p data-start=\"2558\" data-end=\"2630\"><strong data-start=\"2558\" data-end=\"2581\">Cookies publicitarias<\/strong>: Ofrecer anuncios relevantes para usted y sus intereses.<\/p><\/li><\/ul>\t\t\t\t\t\t\t\t<\/div>\n\t\t\t\t<\/div>\n\t\t\t\t<div class=\"elementor-element elementor-element-f3191d1 elementor-widget elementor-widget-heading\" data-id=\"f3191d1\" data-element_type=\"widget\" data-widget_type=\"heading.default\">\n\t\t\t\t<div class=\"elementor-widget-container\">\n\t\t\t\t\t<h2 class=\"elementor-heading-title elementor-size-default\">Gesti\u00f3n de cookies<\/h2>\t\t\t\t<\/div>\n\t\t\t\t<\/div>\n\t\t\t\t<div class=\"elementor-element elementor-element-f08f61a elementor-widget elementor-widget-text-editor\" data-id=\"f08f61a\" data-element_type=\"widget\" data-widget_type=\"text-editor.default\">\n\t\t\t\t<div class=\"elementor-widget-container\">\n\t\t\t\t\t\t\t\t\t<p>Puede gestionar o eliminar las cookies en cualquier momento a trav\u00e9s de la configuraci\u00f3n de su navegador. Deshabilitar determinadas cookies puede afectar a su experiencia en nuestro sitio web.<\/p>\t\t\t\t\t\t\t\t<\/div>\n\t\t\t\t<\/div>\n\t\t\t\t<div class=\"elementor-element elementor-element-3afd4e7 elementor-widget elementor-widget-heading\" data-id=\"3afd4e7\" data-element_type=\"widget\" data-widget_type=\"heading.default\">\n\t\t\t\t<div class=\"elementor-widget-container\">\n\t\t\t\t\t<h2 class=\"elementor-heading-title elementor-size-default\">Cookies de terceros<\/h2>\t\t\t\t<\/div>\n\t\t\t\t<\/div>\n\t\t\t\t<div class=\"elementor-element elementor-element-6ab1934 elementor-widget elementor-widget-text-editor\" data-id=\"6ab1934\" data-element_type=\"widget\" data-widget_type=\"text-editor.default\">\n\t\t\t\t<div class=\"elementor-widget-container\">\n\t\t\t\t\t\t\t\t\t<p>Podemos permitir que servicios de terceros (como proveedores de an\u00e1lisis o publicidad) coloquen cookies. Estos proveedores son responsables de sus propias pol\u00edticas de cookies.<\/p>\t\t\t\t\t\t\t\t<\/div>\n\t\t\t\t<\/div>\n\t\t\t\t<div class=\"elementor-element elementor-element-5b87ee1 elementor-widget elementor-widget-heading\" data-id=\"5b87ee1\" data-element_type=\"widget\" data-widget_type=\"heading.default\">\n\t\t\t\t<div class=\"elementor-widget-container\">\n\t\t\t\t\t<h2 class=\"elementor-heading-title elementor-size-default\">Actualizaciones de esta pol\u00edtica<\/h2>\t\t\t\t<\/div>\n\t\t\t\t<\/div>\n\t\t\t\t<div class=\"elementor-element elementor-element-1a5fac5 elementor-widget elementor-widget-text-editor\" data-id=\"1a5fac5\" data-element_type=\"widget\" data-widget_type=\"text-editor.default\">\n\t\t\t\t<div class=\"elementor-widget-container\">\n\t\t\t\t\t\t\t\t\t<p>Podemos actualizar esta Pol\u00edtica de Cookies de vez en cuando. Cualquier cambio se publicar\u00e1 en esta p\u00e1gina con una fecha de revisi\u00f3n actualizada.<\/p>\t\t\t\t\t\t\t\t<\/div>\n\t\t\t\t<\/div>\n\t\t\t\t<\/div>\n\t\t\t\t\t<\/div>\n\t\t\t\t<\/div>\n\t\t\t\t<\/div>","protected":false},"excerpt":{"rendered":"<p>Legal \u2013 Cookie Policy What Are Cookies? Cookies are small text files that are placed on your device to help websites function effectively and provide information to the site owner. They are widely used to make websites work, or work more efficiently. How We Use Cookies We use cookies to: Improve site functionality and performance [&hellip;]<\/p>","protected":false},"author":4,"featured_media":0,"parent":0,"menu_order":0,"comment_status":"closed","ping_status":"closed","template":"","meta":{"_acf_changed":false,"footnotes":""},"class_list":["post-32","page","type-page","status-publish","hentry"],"acf":[],"_links":{"self":[{"href":"https:\/\/factoria-agro.ua\/es\/wp-json\/wp\/v2\/pages\/32","targetHints":{"allow":["GET"]}}],"collection":[{"href":"https:\/\/factoria-agro.ua\/es\/wp-json\/wp\/v2\/pages"}],"about":[{"href":"https:\/\/factoria-agro.ua\/es\/wp-json\/wp\/v2\/types\/page"}],"author":[{"embeddable":true,"href":"https:\/\/factoria-agro.ua\/es\/wp-json\/wp\/v2\/users\/4"}],"replies":[{"embeddable":true,"href":"https:\/\/factoria-agro.ua\/es\/wp-json\/wp\/v2\/comments?post=32"}],"version-history":[{"count":0,"href":"https:\/\/factoria-agro.ua\/es\/wp-json\/wp\/v2\/pages\/32\/revisions"}],"wp:attachment":[{"href":"https:\/\/factoria-agro.ua\/es\/wp-json\/wp\/v2\/media?parent=32"}],"curies":[{"name":"wp","href":"https:\/\/api.w.org\/{rel}","templated":true}]}}