{"id":3555,"date":"2025-11-28T13:43:31","date_gmt":"2025-11-28T13:43:31","guid":{"rendered":"https:\/\/factoria-agro.ua\/?page_id=3555"},"modified":"2025-11-28T14:05:35","modified_gmt":"2025-11-28T14:05:35","slug":"mustard","status":"publish","type":"page","link":"https:\/\/factoria-agro.ua\/es\/application\/mustard\/","title":{"rendered":"Mostaza"},"content":{"rendered":"<div data-elementor-type=\"wp-page\" data-elementor-id=\"3555\" class=\"elementor elementor-3555\" data-elementor-post-type=\"page\">\n\t\t\t\t<div class=\"elementor-element elementor-element-e83532d e-flex e-con-boxed e-con e-parent\" data-id=\"e83532d\" data-element_type=\"container\" data-settings=\"{&quot;background_background&quot;:&quot;classic&quot;}\">\n\t\t\t\t\t<div class=\"e-con-inner\">\n\t\t<div class=\"elementor-element elementor-element-30d6a2e e-con-full e-flex e-con e-child\" data-id=\"30d6a2e\" data-element_type=\"container\">\n\t\t\t\t<div class=\"elementor-element elementor-element-4e33832 elementor-widget elementor-widget-heading\" data-id=\"4e33832\" data-element_type=\"widget\" data-widget_type=\"heading.default\">\n\t\t\t\t<div class=\"elementor-widget-container\">\n\t\t\t\t\t<h1 class=\"elementor-heading-title elementor-size-default\">Mostaza<\/h1>\t\t\t\t<\/div>\n\t\t\t\t<\/div>\n\t\t\t\t<\/div>\n\t\t\t\t\t<\/div>\n\t\t\t\t<\/div>\n\t\t<div class=\"elementor-element elementor-element-a7b77fc e-flex e-con-boxed e-con e-parent\" data-id=\"a7b77fc\" data-element_type=\"container\">\n\t\t\t\t\t<div class=\"e-con-inner\">\n\t\t\t\t<div class=\"elementor-element elementor-element-f69eb3c elementor-widget elementor-widget-heading\" data-id=\"f69eb3c\" data-element_type=\"widget\" data-widget_type=\"heading.default\">\n\t\t\t\t<div class=\"elementor-widget-container\">\n\t\t\t\t\t<h2 class=\"elementor-heading-title elementor-size-default\">Mostaza: un ingrediente multifuncional \u00fanico<\/h2>\t\t\t\t<\/div>\n\t\t\t\t<\/div>\n\t\t\t\t<div class=\"elementor-element elementor-element-fc25437 elementor-widget elementor-widget-text-editor\" data-id=\"fc25437\" data-element_type=\"widget\" data-widget_type=\"text-editor.default\">\n\t\t\t\t<div class=\"elementor-widget-container\">\n\t\t\t\t\t\t\t\t\t<p>La mostaza es una de las especias m\u00e1s adaptables y multifuncionales que existen. Adem\u00e1s de su sabor caracter\u00edstico y sus beneficios nutricionales, desempe\u00f1a varias funciones esenciales en la producci\u00f3n de alimentos, como emulsionante, antioxidante, estabilizante, conservante, aglutinante e incluso una valiosa fuente de prote\u00ednas. Es un ingrediente clave que realza tanto el sabor como la textura de muchos alimentos cotidianos.<\/p><p>Seg\u00fan la aplicaci\u00f3n y la forma utilizada, la mostaza puede mejorar el color, el sabor y la estabilidad de una emulsi\u00f3n. Las distintas variedades de mostaza -amarilla, oriental y marr\u00f3n- ofrecen perfiles de sabor que van de suaves a picantes, lo que las hace adecuadas para una amplia gama de usos culinarios y cocinas de todo el mundo.<\/p><p>Adem\u00e1s, la mostaza aporta notables beneficios para la salud y la nutrici\u00f3n, ya que es baja en calor\u00edas y grasas y aporta antioxidantes y micronutrientes esenciales.<\/p>\t\t\t\t\t\t\t\t<\/div>\n\t\t\t\t<\/div>\n\t\t\t\t\t<\/div>\n\t\t\t\t<\/div>\n\t\t<div class=\"elementor-element elementor-element-8df6cad e-flex e-con-boxed elementor-invisible e-con e-parent\" data-id=\"8df6cad\" data-element_type=\"container\" data-settings=\"{&quot;background_background&quot;:&quot;classic&quot;,&quot;animation&quot;:&quot;fadeInLeft&quot;}\">\n\t\t\t\t\t<div class=\"e-con-inner\">\n\t\t<div class=\"elementor-element elementor-element-392c04e e-con-full e-flex e-con e-child\" data-id=\"392c04e\" data-element_type=\"container\">\n\t\t\t\t<div class=\"elementor-element elementor-element-ca5349b elementor-widget__width-initial elementor-widget elementor-widget-heading\" data-id=\"ca5349b\" data-element_type=\"widget\" data-widget_type=\"heading.default\">\n\t\t\t\t<div class=\"elementor-widget-container\">\n\t\t\t\t\t<h3 class=\"elementor-heading-title elementor-size-default\">Optimizar la textura con mostaza<\/h3>\t\t\t\t<\/div>\n\t\t\t\t<\/div>\n\t\t\t\t<\/div>\n\t\t<div class=\"elementor-element elementor-element-8a6bd4d e-con-full e-flex e-con e-child\" data-id=\"8a6bd4d\" data-element_type=\"container\">\n\t\t\t\t<div class=\"elementor-element elementor-element-7541b86 elementor-widget elementor-widget-text-editor\" data-id=\"7541b86\" data-element_type=\"widget\" data-widget_type=\"text-editor.default\">\n\t\t\t\t<div class=\"elementor-widget-container\">\n\t\t\t\t\t\t\t\t\t<p data-olk-copy-source=\"MessageBody\">La mostaza aporta una textura mejorada a sus f\u00f3rmulas. Los granos enteros o partidos aportan un agradable crujido a aderezos y salsas, mientras que nuestra harina de mostaza finamente molida crea marinadas y condimentos aterciopelados y suaves. Con su capacidad natural para espesar y retener la humedad, la mostaza tambi\u00e9n favorece la jugosidad y ayuda a evitar que se seque en aplicaciones como productos c\u00e1rnicos y quesos.<\/p>\t\t\t\t\t\t\t\t<\/div>\n\t\t\t\t<\/div>\n\t\t\t\t<div class=\"elementor-element elementor-element-7f8ebbf elementor-align-right elementor-widget elementor-widget-button\" data-id=\"7f8ebbf\" data-element_type=\"widget\" data-widget_type=\"button.default\">\n\t\t\t\t<div class=\"elementor-widget-container\">\n\t\t\t\t\t\t\t\t\t<div class=\"elementor-button-wrapper\">\n\t\t\t\t\t<a class=\"elementor-button elementor-button-link elementor-size-sm\" href=\"https:\/\/factoria-agro.ua\/es\/categoria-producto\/mustard\/\">\n\t\t\t\t\t\t<span class=\"elementor-button-content-wrapper\">\n\t\t\t\t\t\t\t\t\t<span class=\"elementor-button-text\">Descubra nuestras soluciones<\/span>\n\t\t\t\t\t<\/span>\n\t\t\t\t\t<\/a>\n\t\t\t\t<\/div>\n\t\t\t\t\t\t\t\t<\/div>\n\t\t\t\t<\/div>\n\t\t\t\t<\/div>\n\t\t\t\t\t<\/div>\n\t\t\t\t<\/div>\n\t\t<div class=\"elementor-element elementor-element-45cb62c e-flex e-con-boxed elementor-invisible e-con e-parent\" data-id=\"45cb62c\" data-element_type=\"container\" data-settings=\"{&quot;background_background&quot;:&quot;classic&quot;,&quot;animation&quot;:&quot;fadeInRight&quot;}\">\n\t\t\t\t\t<div class=\"e-con-inner\">\n\t\t<div class=\"elementor-element elementor-element-f82cd93 e-con-full e-flex e-con e-child\" data-id=\"f82cd93\" data-element_type=\"container\">\n\t\t\t\t<div class=\"elementor-element elementor-element-251d3e4 elementor-widget__width-initial elementor-widget elementor-widget-heading\" data-id=\"251d3e4\" data-element_type=\"widget\" data-widget_type=\"heading.default\">\n\t\t\t\t<div class=\"elementor-widget-container\">\n\t\t\t\t\t<h3 class=\"elementor-heading-title elementor-size-default\">Mejore el contenido de fibra con facilidad<\/h3>\t\t\t\t<\/div>\n\t\t\t\t<\/div>\n\t\t\t\t<\/div>\n\t\t<div class=\"elementor-element elementor-element-e3d5d03 e-con-full e-flex e-con e-child\" data-id=\"e3d5d03\" data-element_type=\"container\">\n\t\t\t\t<div class=\"elementor-element elementor-element-486dd49 elementor-widget elementor-widget-text-editor\" data-id=\"486dd49\" data-element_type=\"widget\" data-widget_type=\"text-editor.default\">\n\t\t\t\t<div class=\"elementor-widget-container\">\n\t\t\t\t\t\t\t\t\t<p data-olk-copy-source=\"MessageBody\">Con nuestros ingredientes de mostaza, puede aumentar de forma natural los niveles de fibra de sus productos, manteniendo intactos su sabor y sensaci\u00f3n en boca originales. Es una forma sencilla de desarrollar productos m\u00e1s saludables sin sacrificar la calidad y el sabor en los que conf\u00edan sus clientes.<\/p>\t\t\t\t\t\t\t\t<\/div>\n\t\t\t\t<\/div>\n\t\t\t\t<div class=\"elementor-element elementor-element-28ee091 elementor-align-right elementor-widget elementor-widget-button\" data-id=\"28ee091\" data-element_type=\"widget\" data-widget_type=\"button.default\">\n\t\t\t\t<div class=\"elementor-widget-container\">\n\t\t\t\t\t\t\t\t\t<div class=\"elementor-button-wrapper\">\n\t\t\t\t\t<a class=\"elementor-button elementor-button-link elementor-size-sm\" href=\"https:\/\/factoria-agro.ua\/es\/categoria-producto\/mustard\/\">\n\t\t\t\t\t\t<span class=\"elementor-button-content-wrapper\">\n\t\t\t\t\t\t\t\t\t<span class=\"elementor-button-text\">Descubra nuestras soluciones<\/span>\n\t\t\t\t\t<\/span>\n\t\t\t\t\t<\/a>\n\t\t\t\t<\/div>\n\t\t\t\t\t\t\t\t<\/div>\n\t\t\t\t<\/div>\n\t\t\t\t<\/div>\n\t\t\t\t\t<\/div>\n\t\t\t\t<\/div>\n\t\t<div class=\"elementor-element elementor-element-243e0d0 e-flex e-con-boxed elementor-invisible e-con e-parent\" data-id=\"243e0d0\" data-element_type=\"container\" data-settings=\"{&quot;background_background&quot;:&quot;classic&quot;,&quot;animation&quot;:&quot;fadeInLeft&quot;}\">\n\t\t\t\t\t<div class=\"e-con-inner\">\n\t\t<div class=\"elementor-element elementor-element-7668626 e-con-full e-flex e-con e-child\" data-id=\"7668626\" data-element_type=\"container\">\n\t\t\t\t<div class=\"elementor-element elementor-element-ddba971 elementor-widget__width-initial elementor-widget elementor-widget-heading\" data-id=\"ddba971\" data-element_type=\"widget\" data-widget_type=\"heading.default\">\n\t\t\t\t<div class=\"elementor-widget-container\">\n\t\t\t\t\t<h3 class=\"elementor-heading-title elementor-size-default\">Sabor y funcionalidad visual\n<\/h3>\t\t\t\t<\/div>\n\t\t\t\t<\/div>\n\t\t\t\t<\/div>\n\t\t<div class=\"elementor-element elementor-element-76f479b e-con-full e-flex e-con e-child\" data-id=\"76f479b\" data-element_type=\"container\">\n\t\t\t\t<div class=\"elementor-element elementor-element-78777ba elementor-widget elementor-widget-text-editor\" data-id=\"78777ba\" data-element_type=\"widget\" data-widget_type=\"text-editor.default\">\n\t\t\t\t<div class=\"elementor-widget-container\">\n\t\t\t\t\t\t\t\t\t<p data-olk-copy-source=\"MessageBody\">Las harinas de mostaza aportan tanto sabor como funcionalidad visual a las mostazas y salsas preparadas, con niveles de uso y tipos de mostaza que var\u00edan seg\u00fan la especificaci\u00f3n del producto. La mostaza es conocida por sus potentes propiedades moduladoras del sabor, que realzan el gusto general a\u00f1adiendo acidez, calor o profundidad, al tiempo que ayudan a equilibrar sistemas de sabor complejos. La mostaza puede calibrarse para obtener resultados sensoriales precisos, ya sea enriqueciendo las notas saladas, aportando acidez a las salsas o favoreciendo perfiles equilibrados en ali\u00f1os y marinados. Nuestras soluciones de mostaza permiten un ajuste controlado de la pungencia, la acidez y la intensidad del sabor para satisfacer los requisitos exactos de formulaci\u00f3n.<\/p>\t\t\t\t\t\t\t\t<\/div>\n\t\t\t\t<\/div>\n\t\t\t\t<div class=\"elementor-element elementor-element-b33fe37 elementor-align-right elementor-widget elementor-widget-button\" data-id=\"b33fe37\" data-element_type=\"widget\" data-widget_type=\"button.default\">\n\t\t\t\t<div class=\"elementor-widget-container\">\n\t\t\t\t\t\t\t\t\t<div class=\"elementor-button-wrapper\">\n\t\t\t\t\t<a class=\"elementor-button elementor-button-link elementor-size-sm\" href=\"https:\/\/factoria-agro.ua\/es\/categoria-producto\/mustard\/\">\n\t\t\t\t\t\t<span class=\"elementor-button-content-wrapper\">\n\t\t\t\t\t\t\t\t\t<span class=\"elementor-button-text\">Descubra nuestras soluciones<\/span>\n\t\t\t\t\t<\/span>\n\t\t\t\t\t<\/a>\n\t\t\t\t<\/div>\n\t\t\t\t\t\t\t\t<\/div>\n\t\t\t\t<\/div>\n\t\t\t\t<\/div>\n\t\t\t\t\t<\/div>\n\t\t\t\t<\/div>\n\t\t<div class=\"elementor-element elementor-element-4ef21cb e-flex e-con-boxed elementor-invisible e-con e-parent\" data-id=\"4ef21cb\" data-element_type=\"container\" data-settings=\"{&quot;background_background&quot;:&quot;classic&quot;,&quot;animation&quot;:&quot;fadeInRight&quot;}\">\n\t\t\t\t\t<div class=\"e-con-inner\">\n\t\t<div class=\"elementor-element elementor-element-2893658 e-con-full e-flex e-con e-child\" data-id=\"2893658\" data-element_type=\"container\">\n\t\t\t\t<div class=\"elementor-element elementor-element-97899de elementor-widget__width-initial elementor-widget elementor-widget-heading\" data-id=\"97899de\" data-element_type=\"widget\" data-widget_type=\"heading.default\">\n\t\t\t\t<div class=\"elementor-widget-container\">\n\t\t\t\t\t<h3 class=\"elementor-heading-title elementor-size-default\">Mostaza - Su fuente de prote\u00edna vegetal funcional\n\n<\/h3>\t\t\t\t<\/div>\n\t\t\t\t<\/div>\n\t\t\t\t<\/div>\n\t\t<div class=\"elementor-element elementor-element-c4140ef e-con-full e-flex e-con e-child\" data-id=\"c4140ef\" data-element_type=\"container\">\n\t\t\t\t<div class=\"elementor-element elementor-element-e512ff6 elementor-widget elementor-widget-text-editor\" data-id=\"e512ff6\" data-element_type=\"widget\" data-widget_type=\"text-editor.default\">\n\t\t\t\t<div class=\"elementor-widget-container\">\n\t\t\t\t\t\t\t\t\t<p data-olk-copy-source=\"MessageBody\">Hoy en d\u00eda, la mostaza se utiliza ampliamente en la producci\u00f3n de carne por sus valiosas propiedades funcionales. La mostaza amarilla desactivada (descalentada) proporciona una fuente de prote\u00ednas vegetales de sabor neutro que, en algunos casos, puede sustituir a las prote\u00ednas c\u00e1rnicas m\u00e1s caras. Su contenido en goma natural -que se encuentra en la capa de salvado de la semilla- ofrece un excelente rendimiento rentable en la fijaci\u00f3n del agua, comparable al de muchas gomas comerciales utilizadas en formulaciones.<\/p>\t\t\t\t\t\t\t\t<\/div>\n\t\t\t\t<\/div>\n\t\t\t\t<div class=\"elementor-element elementor-element-3b465a3 elementor-align-right elementor-widget elementor-widget-button\" data-id=\"3b465a3\" data-element_type=\"widget\" data-widget_type=\"button.default\">\n\t\t\t\t<div class=\"elementor-widget-container\">\n\t\t\t\t\t\t\t\t\t<div class=\"elementor-button-wrapper\">\n\t\t\t\t\t<a class=\"elementor-button elementor-button-link elementor-size-sm\" href=\"https:\/\/factoria-agro.ua\/es\/producto\/deheated-mustard-flour\/\">\n\t\t\t\t\t\t<span class=\"elementor-button-content-wrapper\">\n\t\t\t\t\t\t\t\t\t<span class=\"elementor-button-text\">Descubra nuestras soluciones<\/span>\n\t\t\t\t\t<\/span>\n\t\t\t\t\t<\/a>\n\t\t\t\t<\/div>\n\t\t\t\t\t\t\t\t<\/div>\n\t\t\t\t<\/div>\n\t\t\t\t<\/div>\n\t\t\t\t\t<\/div>\n\t\t\t\t<\/div>\n\t\t<div class=\"elementor-element elementor-element-796b0ae elementor-hidden-desktop elementor-hidden-laptop elementor-hidden-tablet_extra elementor-hidden-tablet elementor-hidden-mobile_extra elementor-hidden-mobile e-flex e-con-boxed e-con e-parent\" data-id=\"796b0ae\" data-element_type=\"container\">\n\t\t\t\t\t<div class=\"e-con-inner\">\n\t\t<div class=\"elementor-element elementor-element-b073b47 e-con-full e-flex e-con e-child\" data-id=\"b073b47\" data-element_type=\"container\" data-settings=\"{&quot;background_background&quot;:&quot;classic&quot;}\">\n\t\t\t\t<\/div>\n\t\t\t\t\t<\/div>\n\t\t\t\t<\/div>\n\t\t<div class=\"elementor-element elementor-element-9e8ad52 e-flex e-con-boxed elementor-invisible e-con e-parent\" data-id=\"9e8ad52\" data-element_type=\"container\" data-settings=\"{&quot;background_background&quot;:&quot;classic&quot;,&quot;animation&quot;:&quot;fadeInLeft&quot;}\">\n\t\t\t\t\t<div class=\"e-con-inner\">\n\t\t<div class=\"elementor-element elementor-element-92b5c49 e-con-full e-flex e-con e-child\" data-id=\"92b5c49\" data-element_type=\"container\">\n\t\t\t\t<div class=\"elementor-element elementor-element-ec5f5d7 elementor-widget__width-initial elementor-widget elementor-widget-heading\" data-id=\"ec5f5d7\" data-element_type=\"widget\" data-widget_type=\"heading.default\">\n\t\t\t\t<div class=\"elementor-widget-container\">\n\t\t\t\t\t<h3 class=\"elementor-heading-title elementor-size-default\">Aqu\u00ed para colaborar\n\n<\/h3>\t\t\t\t<\/div>\n\t\t\t\t<\/div>\n\t\t\t\t<\/div>\n\t\t<div class=\"elementor-element elementor-element-ec70418 e-con-full e-flex e-con e-child\" data-id=\"ec70418\" data-element_type=\"container\">\n\t\t\t\t<div class=\"elementor-element elementor-element-6463dac elementor-widget elementor-widget-text-editor\" data-id=\"6463dac\" data-element_type=\"widget\" data-widget_type=\"text-editor.default\">\n\t\t\t\t<div class=\"elementor-widget-container\">\n\t\t\t\t\t\t\t\t\t<p>Nuestro equipo puede personalizar nuestros ingredientes para adaptarlos a sus necesidades, desde el refinamiento de la textura hasta la mejora del sabor o los beneficios nutricionales a\u00f1adidos.<\/p>\t\t\t\t\t\t\t\t<\/div>\n\t\t\t\t<\/div>\n\t\t\t\t<div class=\"elementor-element elementor-element-eb382a2 custom-button elementor-widget elementor-widget-button\" data-id=\"eb382a2\" data-element_type=\"widget\" data-widget_type=\"button.default\">\n\t\t\t\t<div class=\"elementor-widget-container\">\n\t\t\t\t\t\t\t\t\t<div class=\"elementor-button-wrapper\">\n\t\t\t\t\t<a class=\"elementor-button elementor-button-link elementor-size-sm\" href=\"https:\/\/factoria-agro.ua\/es\/contact\/\">\n\t\t\t\t\t\t<span class=\"elementor-button-content-wrapper\">\n\t\t\t\t\t\t<span class=\"elementor-button-icon\">\n\t\t\t\t<svg xmlns=\"http:\/\/www.w3.org\/2000\/svg\" width=\"25\" height=\"25\" viewbox=\"0 0 25 25\" fill=\"none\"><path d=\"M12.8093 2.75C10.881 2.75 8.9959 3.32183 7.39252 4.39317C5.78914 5.46452 4.53946 6.98726 3.80151 8.76884C3.06355 10.5504 2.87047 12.5108 3.24667 14.4021C3.62288 16.2934 4.55148 18.0307 5.91504 19.3943C7.2786 20.7579 9.01589 21.6865 10.9072 22.0627C12.7985 22.4389 14.7589 22.2458 16.5405 21.5078C18.3221 20.7699 19.8448 19.5202 20.9162 17.9168C21.9875 16.3134 22.5593 14.4284 22.5593 12.5C22.5566 9.91498 21.5285 7.43661 19.7006 5.60872C17.8727 3.78084 15.3944 2.75273 12.8093 2.75ZM17.09 13.0306L14.09 16.0306C13.9492 16.1714 13.7584 16.2504 13.5593 16.2504C13.3603 16.2504 13.1694 16.1714 13.0287 16.0306C12.888 15.8899 12.8089 15.699 12.8089 15.5C12.8089 15.301 12.888 15.1101 13.0287 14.9694L14.749 13.25H9.05933C8.86042 13.25 8.66965 13.171 8.529 13.0303C8.38835 12.8897 8.30933 12.6989 8.30933 12.5C8.30933 12.3011 8.38835 12.1103 8.529 11.9697C8.66965 11.829 8.86042 11.75 9.05933 11.75H14.749L13.0287 10.0306C12.888 9.88989 12.8089 9.69902 12.8089 9.5C12.8089 9.30098 12.888 9.11011 13.0287 8.96937C13.1694 8.82864 13.3603 8.74958 13.5593 8.74958C13.7584 8.74958 13.9492 8.82864 14.09 8.96937L17.09 11.9694C17.1597 12.039 17.215 12.1217 17.2528 12.2128C17.2905 12.3038 17.3099 12.4014 17.3099 12.5C17.3099 12.5986 17.2905 12.6962 17.2528 12.7872C17.215 12.8783 17.1597 12.961 17.09 13.0306Z\" fill=\"#FBC91A\"><\/path><\/svg>\t\t\t<\/span>\n\t\t\t\t\t\t\t\t\t<span class=\"elementor-button-text\">Contacte con nuestro equipo<\/span>\n\t\t\t\t\t<\/span>\n\t\t\t\t\t<\/a>\n\t\t\t\t<\/div>\n\t\t\t\t\t\t\t\t<\/div>\n\t\t\t\t<\/div>\n\t\t\t\t<\/div>\n\t\t\t\t\t<\/div>\n\t\t\t\t<\/div>\n\t\t\t\t<\/div>","protected":false},"excerpt":{"rendered":"<p>Mustard Mustard \u2013 A Unique Multifunctional Ingredient Mustard is one of the most adaptable and multifunctional spices available. Beyond its distinctive flavour and nutritional benefits, it fulfils several essential roles in food production, acting as an emulsifier, antioxidant, stabiliser, preservative, binder, and even a valuable source of protein. It is a key ingredient that enhances [&hellip;]<\/p>","protected":false},"author":4,"featured_media":0,"parent":1014,"menu_order":0,"comment_status":"closed","ping_status":"closed","template":"","meta":{"_acf_changed":false,"footnotes":""},"class_list":["post-3555","page","type-page","status-publish","hentry"],"acf":[],"_links":{"self":[{"href":"https:\/\/factoria-agro.ua\/es\/wp-json\/wp\/v2\/pages\/3555","targetHints":{"allow":["GET"]}}],"collection":[{"href":"https:\/\/factoria-agro.ua\/es\/wp-json\/wp\/v2\/pages"}],"about":[{"href":"https:\/\/factoria-agro.ua\/es\/wp-json\/wp\/v2\/types\/page"}],"author":[{"embeddable":true,"href":"https:\/\/factoria-agro.ua\/es\/wp-json\/wp\/v2\/users\/4"}],"replies":[{"embeddable":true,"href":"https:\/\/factoria-agro.ua\/es\/wp-json\/wp\/v2\/comments?post=3555"}],"version-history":[{"count":7,"href":"https:\/\/factoria-agro.ua\/es\/wp-json\/wp\/v2\/pages\/3555\/revisions"}],"predecessor-version":[{"id":3565,"href":"https:\/\/factoria-agro.ua\/es\/wp-json\/wp\/v2\/pages\/3555\/revisions\/3565"}],"up":[{"embeddable":true,"href":"https:\/\/factoria-agro.ua\/es\/wp-json\/wp\/v2\/pages\/1014"}],"wp:attachment":[{"href":"https:\/\/factoria-agro.ua\/es\/wp-json\/wp\/v2\/media?parent=3555"}],"curies":[{"name":"wp","href":"https:\/\/api.w.org\/{rel}","templated":true}]}}