{"id":2062,"date":"2025-07-22T09:42:29","date_gmt":"2025-07-22T09:42:29","guid":{"rendered":"https:\/\/factoria-agro.ua\/?page_id=2062"},"modified":"2025-07-22T09:45:37","modified_gmt":"2025-07-22T09:45:37","slug":"appplication-laboratory-tests","status":"publish","type":"page","link":"https:\/\/factoria-agro.ua\/fr\/appplication-laboratory-tests\/","title":{"rendered":"Application pour les tests de laboratoire"},"content":{"rendered":"<div data-elementor-type=\"wp-page\" data-elementor-id=\"2062\" class=\"elementor elementor-2062\" data-elementor-post-type=\"page\">\n\t\t\t\t<div class=\"elementor-element elementor-element-9300b73 e-flex e-con-boxed e-con e-parent\" data-id=\"9300b73\" data-element_type=\"container\">\n\t\t\t\t\t<div class=\"e-con-inner\">\n\t\t<div class=\"elementor-element elementor-element-97964e8 e-con-full e-flex e-con e-child\" data-id=\"97964e8\" data-element_type=\"container\">\n\t\t\t\t<div class=\"elementor-element elementor-element-4e3ebc9 elementor-widget elementor-widget-heading\" data-id=\"4e3ebc9\" data-element_type=\"widget\" data-widget_type=\"heading.default\">\n\t\t\t\t<div class=\"elementor-widget-container\">\n\t\t\t\t\t<h1 class=\"elementor-heading-title elementor-size-default\">Application pour les tests de laboratoire<\/h1>\t\t\t\t<\/div>\n\t\t\t\t<\/div>\n\t\t\t\t<div class=\"elementor-element elementor-element-fd357a4 elementor-widget__width-initial elementor-widget elementor-widget-text-editor\" data-id=\"fd357a4\" data-element_type=\"widget\" data-widget_type=\"text-editor.default\">\n\t\t\t\t<div class=\"elementor-widget-container\">\n\t\t\t\t\t\t\t\t\t<p>Demander, tester, certifier<\/p>\t\t\t\t\t\t\t\t<\/div>\n\t\t\t\t<\/div>\n\t\t\t\t<div class=\"elementor-element elementor-element-974e0a4 elementor-widget__width-initial elementor-widget elementor-widget-text-editor\" data-id=\"974e0a4\" data-element_type=\"widget\" data-widget_type=\"text-editor.default\">\n\t\t\t\t<div class=\"elementor-widget-container\">\n\t\t\t\t\t\t\t\t\t<p>Factoria-Agro propose des tests de laboratoire pr\u00e9cis pour les produits \u00e0 base de moutarde, de lin et de coriandre gr\u00e2ce \u00e0 son laboratoire interne accr\u00e9dit\u00e9 par la NAAU \u00e0 Vyshgorod, dans la r\u00e9gion de Kiev. Conformes aux normes DSTU ISO 17025, nous garantissons des \u00e9valuations pr\u00e9cises de la qualit\u00e9 en termes de puret\u00e9, de teneur en huile et de s\u00e9curit\u00e9. Faites appel \u00e0 nous pour obtenir des services d'analyse fiables et professionnels. Demandez un test d\u00e8s aujourd'hui !<\/p>\t\t\t\t\t\t\t\t<\/div>\n\t\t\t\t<\/div>\n\t\t\t\t<div class=\"elementor-element elementor-element-cb0c773 elementor-widget-mobile__width-inherit elementor-view-default elementor-invisible elementor-widget elementor-widget-icon\" data-id=\"cb0c773\" data-element_type=\"widget\" data-settings=\"{&quot;motion_fx_motion_fx_scrolling&quot;:&quot;yes&quot;,&quot;motion_fx_scale_effect&quot;:&quot;yes&quot;,&quot;motion_fx_scale_speed&quot;:{&quot;unit&quot;:&quot;px&quot;,&quot;size&quot;:2,&quot;sizes&quot;:[]},&quot;motion_fx_devices&quot;:[&quot;desktop&quot;],&quot;_animation&quot;:&quot;fadeInLeft&quot;,&quot;_animation_tablet&quot;:&quot;none&quot;,&quot;_animation_mobile&quot;:&quot;none&quot;,&quot;motion_fx_scale_direction&quot;:&quot;out-in&quot;,&quot;motion_fx_scale_range&quot;:{&quot;unit&quot;:&quot;%&quot;,&quot;size&quot;:&quot;&quot;,&quot;sizes&quot;:{&quot;start&quot;:20,&quot;end&quot;:80}}}\" data-widget_type=\"icon.default\">\n\t\t\t\t<div class=\"elementor-widget-container\">\n\t\t\t\t\t\t\t<div class=\"elementor-icon-wrapper\">\n\t\t\t<div class=\"elementor-icon\">\n\t\t\t<svg xmlns=\"http:\/\/www.w3.org\/2000\/svg\" id=\"uuid-8bc35130-7b92-4aa7-845d-48aa6b596730\" viewbox=\"0 0 512 512\"><path id=\"uuid-9736d5e3-9c64-4bbb-a29e-84de0d8a84db\" d=\"M487.3,217.3l-28.6-13c-4.9-16.6-12-32.6-21.1-47.3l9.9-27.2c1.6-4.8.2-10-3.5-13.5l-39.3-36.8c-3.2-2.9-7.5-4.2-11.8-3.7-2.1-.2-4.2,0-6.1.5l-27,8.5c-15.6-8.2-32.1-14.5-49.2-18.8l-13.6-26.7c-2.5-4.5-7.4-7.3-12.6-7.1h-33.1s0,79.4,0,79.4h4.3c56.1-1.3,143.5,54.5,144.6,142.3.8,89.4-88.2,146-144.9,145.2h-3.7v79.4h32.9c5.2,0,10-2.7,12.6-7.1l13.6-26.7c17.1-4.2,33.6-10.6,49.2-18.8l27,8.5c2,.6,4.1.7,6.1.5,4.3.5,8.6-.8,11.8-3.7l39.6-37c3.7-3.4,5.1-8.7,3.5-13.5l-9.9-27.2c9.3-14.7,16.4-30.7,21.1-47.3l28.6-13c4.7-2,7.8-6.6,7.8-11.6v-52.4c-.2-5.1-3.3-9.6-8-11.6Z\"><\/path><path id=\"uuid-1d16da78-27bb-4bf9-9f7c-d4a3358ab1d4\" d=\"M279.6,224.4c-12.8-17.2-26.2-30.9-26.2-31.2-.8-.8-1.6-1.9-2.7-1.9s-1.9,1.3-2.7,1.9c0,.3-13.4,14-26.2,31.2-17.6,23.5-26.7,41.8-26.7,54.2,0,30.2,24.8,54.8,55.3,54.8s55.3-24.5,55.3-54.8c.5-12.4-8.6-30.7-26.2-54.2ZM256.4,315.4c-2.9.7-5.8,1.1-8.8,1.1-21.3,0-38.6-17-38.8-38.1,0-2.9.8-8.2,5.3-16.7.5-.8,1.9-3.4,2.7-3.2.8.3,1.1,3.4,1.1,4.2s-.3,1.6-.3,2.4c.1,22.6,16.3,42.1,38.8,46.6.8.3,2.9.8,3.2,1.9-.3.8-2.1,1.6-3.2,1.9Z\"><\/path><g id=\"uuid-e2e87206-d289-40de-b6ba-26fa94e999c9\"><path id=\"uuid-81eb25a7-33ec-4c60-adf8-3f148f11b7a0\" d=\"M139.8,438.7c-16.6-63.7-68.2-34.9-82.6-40.7,18.4,42.9,55.9,48.9,82.9,41q-.3,0-.3-.3ZM71.1,377.8l-.3-.3c25.9-68.8-40.4-72.7-49.7-86.8-11,50.8,19.8,78.6,50,87ZM143.8,458c29.4,30.4,62.6,24.6,82.9,9.8h-.3c-34.5-48.1-68.4-9-82.6-9.8ZM159.1,78.1c9.7,1.3,19.5-.2,28.3-4.2,7.1-3.5,13.3-8.7,17.9-15.1,2-2.9,3.7-6,5.1-9.3,1.1-2.9,1.1-4.2,2.1-6.6,1.4-2.9,3.5-5.5,6.1-7.4-7.9-.8-15.9-.1-23.5,2.1-7.2,1.9-18.7,5-27.3,15.9-5.6,7-8.7,15.7-8.8,24.6ZM185.8,92.2c32.9,23.8,43-8.5,51.6-10.8-25.4-13.5-43.8-2.9-51.6,10.8ZM49.7,283.9v-.5c48.4-59.8-15.2-83.6-20-100.3-27.5,46.6-7,83.3,20,100.8ZM62.3,194.8v-.3c62.8-34.4,17.4-76.4,19.5-92.1-40.1,30.2-35.8,68.2-19.5,92.3ZM103.2,128.9c0-.1.1-.3.3-.3,64.7-11.6,38-61.4,44.4-74.3-43.8,14.5-51.6,48.9-44.6,74.6Z\"><\/path><path id=\"uuid-7607d2ad-1452-4088-afcb-16930b9deb09\" d=\"M223.2,447.1c9.4-14.8,7.8-37-27-51.1,3.7,9-25.7,36.2,27,51.1ZM155.1,147.2c-9.6,1.3-17.9,2.6-23.5,4-13.4,2.9-17.1,4.8-19.2,6.1-5.2,3.1-9.8,7.3-13.4,12.2-10.7,15.6-4.5,34.1-3.5,37,4.5-.3,31.3-3.2,47.8-25.1,7.3-9.9,11.4-21.8,11.8-34.1ZM148.6,362.5c2.4,12.4-33.7,51.1,20.6,70.9v.3c12.8-21.2,14.7-52.1-20.6-71.2ZM209.3,110.4c-12.3,2.9-47.3-24.6-71.6,22.7h-.3c19.5,9,49.7,8.2,71.9-22.7ZM118.7,211.2c-7,14.8-71.1,27.8-33.7,90.2,0,.1-.1.3-.3.3,28.1-12.2,53.2-43.4,33.9-90.5ZM113.1,296.4c-1.1,16.1-59.9,54,2.7,95.5v.3c23-22.5,35.6-60.8-2.7-95.8Z\"><\/path><\/g><\/svg>\t\t\t<\/div>\n\t\t<\/div>\n\t\t\t\t\t\t<\/div>\n\t\t\t\t<\/div>\n\t\t\t\t<\/div>\n\t\t<div class=\"elementor-element elementor-element-b7954b0 e-con-full e-flex e-con e-child\" data-id=\"b7954b0\" data-element_type=\"container\">\n\t\t\t\t<div class=\"elementor-element elementor-element-9eec591 elementor-button-align-start vamtam-contact-form elementor-widget elementor-widget-form\" data-id=\"9eec591\" data-element_type=\"widget\" data-settings=\"{&quot;step_next_label&quot;:&quot;Next&quot;,&quot;step_previous_label&quot;:&quot;Previous&quot;,&quot;step_type&quot;:&quot;text&quot;,&quot;button_width&quot;:&quot;100&quot;}\" data-widget_type=\"form.default\">\n\t\t\t\t<div class=\"elementor-widget-container\">\n\t\t\t\t\t\t\t<form class=\"elementor-form\" method=\"post\" name=\"Request a Quote Form\" action=\"\">\n\t\t\t<input type=\"hidden\" name=\"post_id\" value=\"2062\"\/>\n\t\t\t<input type=\"hidden\" name=\"form_id\" value=\"9eec591\"\/>\n\t\t\t<input type=\"hidden\" name=\"referer_title\" value=\"\" \/>\n\n\t\t\t\n\t\t\t<div class=\"elementor-form-fields-wrapper elementor-labels-\">\n\t\t\t\t\t\t\t\t<div class=\"elementor-field-type-html elementor-field-group elementor-column elementor-field-group-field_45bc2e8 elementor-col-100\">\n\t\t\t\t\tInformations sur le contact\t\t\t\t<\/div>\n\t\t\t\t\t\t\t\t<div class=\"elementor-field-type-html elementor-field-group elementor-column elementor-field-group-field_7d8f3d5 elementor-col-100\">\n\t\t\t\t\t<div style=\" height: 1px; background-color: var( --e-global-color-vamtam_accent_7 );\"><\/div>\t\t\t\t<\/div>\n\t\t\t\t\t\t\t\t<div class=\"elementor-field-type-text elementor-field-group elementor-column elementor-field-group-first_name_request_form elementor-col-50 elementor-field-required\">\n\t\t\t\t\t\t\t\t\t\t\t\t<label for=\"form-field-first_name_request_form\" class=\"elementor-field-label elementor-screen-only\">\n\t\t\t\t\t\t\t\tPr\u00e9nom\t\t\t\t\t\t\t<\/label>\n\t\t\t\t\t\t\t\t\t\t\t\t\t\t<input size=\"1\" type=\"text\" name=\"form_fields[first_name_request_form]\" id=\"form-field-first_name_request_form\" class=\"elementor-field elementor-size-md  elementor-field-textual\" placeholder=\"Pr\u00e9nom\" required=\"required\" aria-required=\"true\">\n\t\t\t\t\t\t\t\t\t\t\t<\/div>\n\t\t\t\t\t\t\t\t<div class=\"elementor-field-type-text elementor-field-group elementor-column elementor-field-group-last_name_request_form elementor-col-50 elementor-field-required\">\n\t\t\t\t\t\t\t\t\t\t\t\t<label for=\"form-field-last_name_request_form\" class=\"elementor-field-label elementor-screen-only\">\n\t\t\t\t\t\t\t\tNom de famille\t\t\t\t\t\t\t<\/label>\n\t\t\t\t\t\t\t\t\t\t\t\t\t\t<input size=\"1\" type=\"text\" name=\"form_fields[last_name_request_form]\" id=\"form-field-last_name_request_form\" class=\"elementor-field elementor-size-md  elementor-field-textual\" placeholder=\"Nom de famille\" required=\"required\" aria-required=\"true\">\n\t\t\t\t\t\t\t\t\t\t\t<\/div>\n\t\t\t\t\t\t\t\t<div class=\"elementor-field-type-email elementor-field-group elementor-column elementor-field-group-email_request_form elementor-col-50 elementor-field-required\">\n\t\t\t\t\t\t\t\t\t\t\t\t<label for=\"form-field-email_request_form\" class=\"elementor-field-label elementor-screen-only\">\n\t\t\t\t\t\t\t\tAdresse \u00e9lectronique\t\t\t\t\t\t\t<\/label>\n\t\t\t\t\t\t\t\t\t\t\t\t\t\t<input size=\"1\" type=\"email\" name=\"form_fields[email_request_form]\" id=\"form-field-email_request_form\" class=\"elementor-field elementor-size-md  elementor-field-textual\" placeholder=\"Adresse \u00e9lectronique\" required=\"required\" aria-required=\"true\">\n\t\t\t\t\t\t\t\t\t\t\t<\/div>\n\t\t\t\t\t\t\t\t<div class=\"elementor-field-type-tel elementor-field-group elementor-column elementor-field-group-phone_request_form elementor-col-50 elementor-field-required\">\n\t\t\t\t\t\t\t\t\t\t\t\t<label for=\"form-field-phone_request_form\" class=\"elementor-field-label elementor-screen-only\">\n\t\t\t\t\t\t\t\tNum\u00e9ro de t\u00e9l\u00e9phone\t\t\t\t\t\t\t<\/label>\n\t\t\t\t\t\t\t\t<input size=\"1\" type=\"tel\" name=\"form_fields[phone_request_form]\" id=\"form-field-phone_request_form\" class=\"elementor-field elementor-size-md  elementor-field-textual\" placeholder=\"Num\u00e9ro de t\u00e9l\u00e9phone\" required=\"required\" aria-required=\"true\" pattern=\"[0-9()#&amp;+*-=.]+\" title=\"Only numbers and phone characters (#, -, *, etc) are accepted.\">\n\n\t\t\t\t\t\t<\/div>\n\t\t\t\t\t\t\t\t<div class=\"elementor-field-type-html elementor-field-group elementor-column elementor-field-group-field_1612187 elementor-col-100\">\n\t\t\t\t\t<div style=\"margin-top:20px;\"><\/div>\nAdresse\n\t\t\t\t<\/div>\n\t\t\t\t\t\t\t\t<div class=\"elementor-field-type-html elementor-field-group elementor-column elementor-field-group-field_33c1c48 elementor-col-100\">\n\t\t\t\t\t<div style=\" height: 1px; background-color: var( --e-global-color-vamtam_accent_7 );\"><\/div>\t\t\t\t<\/div>\n\t\t\t\t\t\t\t\t<div class=\"elementor-field-type-text elementor-field-group elementor-column elementor-field-group-address_request_form elementor-col-50 elementor-field-required\">\n\t\t\t\t\t\t\t\t\t\t\t\t<label for=\"form-field-address_request_form\" class=\"elementor-field-label elementor-screen-only\">\n\t\t\t\t\t\t\t\tAdresse\t\t\t\t\t\t\t<\/label>\n\t\t\t\t\t\t\t\t\t\t\t\t\t\t<input size=\"1\" type=\"text\" name=\"form_fields[address_request_form]\" id=\"form-field-address_request_form\" class=\"elementor-field elementor-size-md  elementor-field-textual\" placeholder=\"Adresse\" required=\"required\" aria-required=\"true\">\n\t\t\t\t\t\t\t\t\t\t\t<\/div>\n\t\t\t\t\t\t\t\t<div class=\"elementor-field-type-text elementor-field-group elementor-column elementor-field-group-city_request_form elementor-col-50 elementor-field-required\">\n\t\t\t\t\t\t\t\t\t\t\t\t<label for=\"form-field-city_request_form\" class=\"elementor-field-label elementor-screen-only\">\n\t\t\t\t\t\t\t\tVille\t\t\t\t\t\t\t<\/label>\n\t\t\t\t\t\t\t\t\t\t\t\t\t\t<input size=\"1\" type=\"text\" name=\"form_fields[city_request_form]\" id=\"form-field-city_request_form\" class=\"elementor-field elementor-size-md  elementor-field-textual\" placeholder=\"Ville\" required=\"required\" aria-required=\"true\">\n\t\t\t\t\t\t\t\t\t\t\t<\/div>\n\t\t\t\t\t\t\t\t<div class=\"elementor-field-type-select elementor-field-group elementor-column elementor-field-group-state_request_form elementor-col-50 elementor-field-required\">\n\t\t\t\t\t\t\t\t\t\t\t\t<label for=\"form-field-state_request_form\" class=\"elementor-field-label elementor-screen-only\">\n\t\t\t\t\t\t\t\t\u00c9tat\t\t\t\t\t\t\t<\/label>\n\t\t\t\t\t\t\t\t<div class=\"elementor-field elementor-select-wrapper remove-before\">\n\t\t\t<div class=\"select-caret-down-wrapper\">\n\t\t\t\t<i aria-hidden=\"true\" class=\"eicon-caret-down\"><\/i>\t\t\t<\/div>\n\t\t\t<select name=\"form_fields[state_request_form]\" id=\"form-field-state_request_form\" class=\"elementor-field-textual elementor-size-md\" required=\"required\" aria-required=\"true\">\n\t\t\t\t\t\t\t\t\t<option value=\"State\">\u00c9tat<\/option>\n\t\t\t\t\t\t\t\t\t<option value=\"Alabama\">Alabama<\/option>\n\t\t\t\t\t\t\t\t\t<option value=\"Alaska\">Alaska<\/option>\n\t\t\t\t\t\t\t\t\t<option value=\"American Samoa\">Samoa am\u00e9ricaines<\/option>\n\t\t\t\t\t\t\t\t\t<option value=\"Arizona\">Arizona<\/option>\n\t\t\t\t\t\t\t\t\t<option value=\"Arkansas\">Arkansas<\/option>\n\t\t\t\t\t\t\t\t\t<option value=\"California\">Californie<\/option>\n\t\t\t\t\t\t\t\t\t<option value=\"Colorado\">Colorado<\/option>\n\t\t\t\t\t\t\t\t\t<option value=\"Connecticut\">Connecticut<\/option>\n\t\t\t\t\t\t\t\t\t<option value=\"Delaware\">Delaware<\/option>\n\t\t\t\t\t\t\t\t\t<option value=\"District of Columbia\">District de Columbia<\/option>\n\t\t\t\t\t\t\t\t\t<option value=\"Florida\">Floride<\/option>\n\t\t\t\t\t\t\t\t\t<option value=\"Georgia\">G\u00e9orgie<\/option>\n\t\t\t\t\t\t\t\t\t<option value=\"Guam\">Guam<\/option>\n\t\t\t\t\t\t\t\t\t<option value=\"Hawaii\">Hawa\u00ef<\/option>\n\t\t\t\t\t\t\t\t\t<option value=\"Idaho\">Idaho<\/option>\n\t\t\t\t\t\t\t\t\t<option value=\"Illinois\">Illinois<\/option>\n\t\t\t\t\t\t\t\t\t<option value=\"Indiana\">Indiana<\/option>\n\t\t\t\t\t\t\t\t\t<option value=\"Iowa\">Iowa<\/option>\n\t\t\t\t\t\t\t\t\t<option value=\"Kansas\">Kansas<\/option>\n\t\t\t\t\t\t\t\t\t<option value=\"Kentucky\">Kentucky<\/option>\n\t\t\t\t\t\t\t\t\t<option value=\"Louisiana\">Louisiane<\/option>\n\t\t\t\t\t\t\t\t\t<option value=\"Maine\">Maine<\/option>\n\t\t\t\t\t\t\t\t\t<option value=\"Maryland\">Maryland<\/option>\n\t\t\t\t\t\t\t\t\t<option value=\"Massachusetts\">Massachusetts<\/option>\n\t\t\t\t\t\t\t\t\t<option value=\"Michigan\">Michigan<\/option>\n\t\t\t\t\t\t\t\t\t<option value=\"Minnesota\">Minnesota<\/option>\n\t\t\t\t\t\t\t\t\t<option value=\"Mississippi\">Mississippi<\/option>\n\t\t\t\t\t\t\t\t\t<option value=\"Missouri\">Missouri<\/option>\n\t\t\t\t\t\t\t\t\t<option value=\"Montana\">Montana<\/option>\n\t\t\t\t\t\t\t\t\t<option value=\"Nebraska\">Nebraska<\/option>\n\t\t\t\t\t\t\t\t\t<option value=\"Nevada\">Nevada<\/option>\n\t\t\t\t\t\t\t\t\t<option value=\"New Hampshire\">New Hampshire<\/option>\n\t\t\t\t\t\t\t\t\t<option value=\"New Jersey\">New Jersey<\/option>\n\t\t\t\t\t\t\t\t\t<option value=\"New Mexico\">Nouveau Mexique<\/option>\n\t\t\t\t\t\t\t\t\t<option value=\"New York\">New York (en anglais)<\/option>\n\t\t\t\t\t\t\t\t\t<option value=\"North Carolina\">Caroline du Nord<\/option>\n\t\t\t\t\t\t\t\t\t<option value=\"North Dakota\">Dakota du Nord<\/option>\n\t\t\t\t\t\t\t\t\t<option value=\"Northern Mariana Islands\">Mariannes du Nord (\u00celes)<\/option>\n\t\t\t\t\t\t\t\t\t<option value=\"Ohio\">Ohio<\/option>\n\t\t\t\t\t\t\t\t\t<option value=\"Oklahoma\">Oklahoma<\/option>\n\t\t\t\t\t\t\t\t\t<option value=\"Oregon\">Oregon<\/option>\n\t\t\t\t\t\t\t\t\t<option value=\"Pennsylvania\">Pennsylvanie<\/option>\n\t\t\t\t\t\t\t\t\t<option value=\"Puerto Rico\">Porto Rico<\/option>\n\t\t\t\t\t\t\t\t\t<option value=\"Rhode Island\">Rhode Island<\/option>\n\t\t\t\t\t\t\t\t\t<option value=\"South Carolina\">Caroline du Sud<\/option>\n\t\t\t\t\t\t\t\t\t<option value=\"South Dakota\">Dakota du Sud<\/option>\n\t\t\t\t\t\t\t\t\t<option value=\"Tennessee\">Tennessee<\/option>\n\t\t\t\t\t\t\t\t\t<option value=\"Texas\">Texas<\/option>\n\t\t\t\t\t\t\t\t\t<option value=\"U.S. Virgin Islands\">\u00celes Vierges am\u00e9ricaines<\/option>\n\t\t\t\t\t\t\t\t\t<option value=\"Utah\">Utah<\/option>\n\t\t\t\t\t\t\t\t\t<option value=\"Vermont\">Vermont<\/option>\n\t\t\t\t\t\t\t\t\t<option value=\"Virginia\">Virginie<\/option>\n\t\t\t\t\t\t\t\t\t<option value=\"Washington\">Washington<\/option>\n\t\t\t\t\t\t\t\t\t<option value=\"West Virginia\">Virginie occidentale<\/option>\n\t\t\t\t\t\t\t\t\t<option value=\"Wisconsin\">Wisconsin<\/option>\n\t\t\t\t\t\t\t\t\t<option value=\"Wyoming\">Wyoming<\/option>\n\t\t\t\t\t\t\t<\/select>\n\t\t<\/div>\n\t\t\t\t\t\t<\/div>\n\t\t\t\t\t\t\t\t<div class=\"elementor-field-type-text elementor-field-group elementor-column elementor-field-group-zip_code_request_form elementor-col-50 elementor-field-required\">\n\t\t\t\t\t\t\t\t\t\t\t\t<label for=\"form-field-zip_code_request_form\" class=\"elementor-field-label elementor-screen-only\">\n\t\t\t\t\t\t\t\tCode postal\t\t\t\t\t\t\t<\/label>\n\t\t\t\t\t\t\t\t\t\t\t\t\t\t<input size=\"1\" type=\"text\" name=\"form_fields[zip_code_request_form]\" id=\"form-field-zip_code_request_form\" class=\"elementor-field elementor-size-md  elementor-field-textual\" placeholder=\"Code postal\" required=\"required\" aria-required=\"true\">\n\t\t\t\t\t\t\t\t\t\t\t<\/div>\n\t\t\t\t\t\t\t\t<div class=\"elementor-field-type-html elementor-field-group elementor-column elementor-field-group-field_b4273dc elementor-col-100\">\n\t\t\t\t\t<div style=\"margin-top:20px;\"><\/div>\nInformations sur l'envoi\n\t\t\t\t<\/div>\n\t\t\t\t\t\t\t\t<div class=\"elementor-field-type-html elementor-field-group elementor-column elementor-field-group-field_1f702e4 elementor-col-100\">\n\t\t\t\t\t<div style=\" height: 1px; background-color: var( --e-global-color-vamtam_accent_7 );\"><\/div>\t\t\t\t<\/div>\n\t\t\t\t\t\t\t\t<div class=\"elementor-field-type-select elementor-field-group elementor-column elementor-field-group-equipment_type_request_form elementor-col-50 elementor-field-required\">\n\t\t\t\t\t\t\t\t\t\t\t\t<label for=\"form-field-equipment_type_request_form\" class=\"elementor-field-label elementor-screen-only\">\n\t\t\t\t\t\t\t\tType d'\u00e9quipement\t\t\t\t\t\t\t<\/label>\n\t\t\t\t\t\t\t\t<div class=\"elementor-field elementor-select-wrapper remove-before\">\n\t\t\t<div class=\"select-caret-down-wrapper\">\n\t\t\t\t<i aria-hidden=\"true\" class=\"eicon-caret-down\"><\/i>\t\t\t<\/div>\n\t\t\t<select name=\"form_fields[equipment_type_request_form]\" id=\"form-field-equipment_type_request_form\" class=\"elementor-field-textual elementor-size-md\" required=\"required\" aria-required=\"true\">\n\t\t\t\t\t\t\t\t\t<option value=\"Equipment type\">Type d'\u00e9quipement<\/option>\n\t\t\t\t\t\t\t\t\t<option value=\"Bulk\">En vrac<\/option>\n\t\t\t\t\t\t\t\t\t<option value=\"Drayage\">Transport de marchandises<\/option>\n\t\t\t\t\t\t\t\t\t<option value=\"Dry Van\">Fourgonnette s\u00e8che<\/option>\n\t\t\t\t\t\t\t\t\t<option value=\"Flatbed\">Plateau<\/option>\n\t\t\t\t\t\t\t\t\t<option value=\"Intermodal\">Intermodal<\/option>\n\t\t\t\t\t\t\t\t\t<option value=\"Temp Controlled\">Contr\u00f4le de la temp\u00e9rature<\/option>\n\t\t\t\t\t\t\t\t\t<option value=\"Drop Trailer\">Bande-annonce de la goutte d'eau<\/option>\n\t\t\t\t\t\t\t\t\t<option value=\"Other\">Autres<\/option>\n\t\t\t\t\t\t\t<\/select>\n\t\t<\/div>\n\t\t\t\t\t\t<\/div>\n\t\t\t\t\t\t\t\t<div class=\"elementor-field-type-date elementor-field-group elementor-column elementor-field-group-pick_up_date elementor-col-50 elementor-field-required\">\n\t\t\t\t\t\t\t\t\t\t\t\t<label for=\"form-field-pick_up_date\" class=\"elementor-field-label elementor-screen-only\">\n\t\t\t\t\t\t\t\tDate d'enl\u00e8vement\t\t\t\t\t\t\t<\/label>\n\t\t\t\t\t\t\n\t\t<input type=\"date\" name=\"form_fields[pick_up_date]\" id=\"form-field-pick_up_date\" class=\"elementor-field elementor-size-md  elementor-field-textual elementor-date-field\" placeholder=\"Date d&#039;enl\u00e8vement\" required=\"required\" aria-required=\"true\" pattern=\"[0-9]{4}-[0-9]{2}-[0-9]{2}\">\n\t\t\t\t\t\t<\/div>\n\t\t\t\t\t\t\t\t<div class=\"elementor-field-type-text elementor-field-group elementor-column elementor-field-group-origin_zip_code_request_form elementor-col-50 elementor-field-required\">\n\t\t\t\t\t\t\t\t\t\t\t\t<label for=\"form-field-origin_zip_code_request_form\" class=\"elementor-field-label elementor-screen-only\">\n\t\t\t\t\t\t\t\tOrigine Code postal\t\t\t\t\t\t\t<\/label>\n\t\t\t\t\t\t\t\t\t\t\t\t\t\t<input size=\"1\" type=\"text\" name=\"form_fields[origin_zip_code_request_form]\" id=\"form-field-origin_zip_code_request_form\" class=\"elementor-field elementor-size-md  elementor-field-textual\" placeholder=\"Origine Code postal\" required=\"required\" aria-required=\"true\">\n\t\t\t\t\t\t\t\t\t\t\t<\/div>\n\t\t\t\t\t\t\t\t<div class=\"elementor-field-type-text elementor-field-group elementor-column elementor-field-group-destination_zip_code_request_form elementor-col-50 elementor-field-required\">\n\t\t\t\t\t\t\t\t\t\t\t\t<label for=\"form-field-destination_zip_code_request_form\" class=\"elementor-field-label elementor-screen-only\">\n\t\t\t\t\t\t\t\tCode postal de destination\t\t\t\t\t\t\t<\/label>\n\t\t\t\t\t\t\t\t\t\t\t\t\t\t<input size=\"1\" type=\"text\" name=\"form_fields[destination_zip_code_request_form]\" id=\"form-field-destination_zip_code_request_form\" class=\"elementor-field elementor-size-md  elementor-field-textual\" placeholder=\"Code postal de destination\" required=\"required\" aria-required=\"true\">\n\t\t\t\t\t\t\t\t\t\t\t<\/div>\n\t\t\t\t\t\t\t\t<div class=\"elementor-field-type-textarea elementor-field-group elementor-column elementor-field-group-message_request_form elementor-col-100\">\n\t\t\t\t\t\t\t\t\t\t\t\t<label for=\"form-field-message_request_form\" class=\"elementor-field-label elementor-screen-only\">\n\t\t\t\t\t\t\t\tMessage\t\t\t\t\t\t\t<\/label>\n\t\t\t\t\t\t<textarea class=\"elementor-field-textual elementor-field  elementor-size-md\" name=\"form_fields[message_request_form]\" id=\"form-field-message_request_form\" rows=\"5\" placeholder=\"D\u00e9tails de la marchandise\/de l&#039;exp\u00e9dition \"><\/textarea>\t\t\t\t<\/div>\n\t\t\t\t\t\t\t\t<div class=\"elementor-field-type-text\">\n\t\t\t\t\t<input size=\"1\" type=\"text\" name=\"form_fields[field_d521de7]\" id=\"form-field-field_d521de7\" class=\"elementor-field elementor-size-md\" style=\"display:none !important;\">\t\t\t\t<\/div>\n\t\t\t\t\t\t\t\t<div class=\"elementor-field-group elementor-column elementor-field-type-submit elementor-col-100 e-form__buttons\">\n\t\t\t\t\t<button class=\"elementor-button elementor-size-md\" type=\"submit\">\n\t\t\t\t\t\t<span class=\"elementor-button-content-wrapper\">\n\t\t\t\t\t\t\t\t\t\t\t\t\t\t\t<span class=\"elementor-button-icon\">\n\t\t\t\t\t\t\t\t\t<i aria-hidden=\"true\" class=\"vamtamtheme- vamtam-theme-arrow-2\"><\/i>\t\t\t\t\t\t\t\t\t\t\t\t\t\t\t\t\t<\/span>\n\t\t\t\t\t\t\t\t\t\t\t\t\t\t\t\t\t\t\t\t\t\t<span class=\"elementor-button-text\">Obtenir un devis<\/span>\n\t\t\t\t\t\t\t\t\t\t\t\t\t<\/span>\n\t\t\t\t\t<\/button>\n\t\t\t\t<\/div>\n\t\t\t<\/div>\n\t\t<input type=\"hidden\" name=\"trp-form-language\" value=\"fr\"\/><\/form>\n\t\t\t\t\t\t<\/div>\n\t\t\t\t<\/div>\n\t\t\t\t<\/div>\n\t\t\t\t\t<\/div>\n\t\t\t\t<\/div>\n\t\t\t\t<\/div>","protected":false},"excerpt":{"rendered":"<p>Request, Test, Certify Factoria-Agro offers precise laboratory testing for mustard, flaxseed, and coriander products through our NAAU-accredited in-house laboratory in Vyshgorod, Kyiv region. Compliant with DSTU ISO 17025 standards, we ensure accurate quality assessments for purity, oil content, and safety. Partner with us for reliable, professional testing services. Request a test today!<\/p>","protected":false},"author":3,"featured_media":0,"parent":0,"menu_order":0,"comment_status":"closed","ping_status":"closed","template":"","meta":{"_acf_changed":false,"footnotes":""},"class_list":["post-2062","page","type-page","status-publish","hentry"],"acf":[],"_links":{"self":[{"href":"https:\/\/factoria-agro.ua\/fr\/wp-json\/wp\/v2\/pages\/2062","targetHints":{"allow":["GET"]}}],"collection":[{"href":"https:\/\/factoria-agro.ua\/fr\/wp-json\/wp\/v2\/pages"}],"about":[{"href":"https:\/\/factoria-agro.ua\/fr\/wp-json\/wp\/v2\/types\/page"}],"author":[{"embeddable":true,"href":"https:\/\/factoria-agro.ua\/fr\/wp-json\/wp\/v2\/users\/3"}],"replies":[{"embeddable":true,"href":"https:\/\/factoria-agro.ua\/fr\/wp-json\/wp\/v2\/comments?post=2062"}],"version-history":[{"count":10,"href":"https:\/\/factoria-agro.ua\/fr\/wp-json\/wp\/v2\/pages\/2062\/revisions"}],"predecessor-version":[{"id":2079,"href":"https:\/\/factoria-agro.ua\/fr\/wp-json\/wp\/v2\/pages\/2062\/revisions\/2079"}],"wp:attachment":[{"href":"https:\/\/factoria-agro.ua\/fr\/wp-json\/wp\/v2\/media?parent=2062"}],"curies":[{"name":"wp","href":"https:\/\/api.w.org\/{rel}","templated":true}]}}