{"id":30,"date":"2025-06-05T07:22:24","date_gmt":"2025-06-05T07:22:24","guid":{"rendered":"https:\/\/factoria-agro.ua\/?page_id=30"},"modified":"2025-07-22T08:54:04","modified_gmt":"2025-07-22T08:54:04","slug":"legal-privacy-policy","status":"publish","type":"page","link":"https:\/\/factoria-agro.ua\/fr\/legal-privacy-policy\/","title":{"rendered":"Legal &#8211; Privacy Policy"},"content":{"rendered":"<div data-elementor-type=\"wp-page\" data-elementor-id=\"30\" class=\"elementor elementor-30\" data-elementor-post-type=\"page\">\n\t\t\t\t<div class=\"elementor-element elementor-element-2427e3a e-flex e-con-boxed e-con e-parent\" data-id=\"2427e3a\" data-element_type=\"container\">\n\t\t\t\t\t<div class=\"e-con-inner\">\n\t\t<div class=\"elementor-element elementor-element-68da33d e-con-full e-flex e-con e-child\" data-id=\"68da33d\" data-element_type=\"container\">\n\t\t\t\t<div class=\"elementor-element elementor-element-7b393aa elementor-widget elementor-widget-heading\" data-id=\"7b393aa\" data-element_type=\"widget\" data-widget_type=\"heading.default\">\n\t\t\t\t<div class=\"elementor-widget-container\">\n\t\t\t\t\t<h2 class=\"elementor-heading-title elementor-size-default\">Politique de confidentialit\u00e9<\/h2>\t\t\t\t<\/div>\n\t\t\t\t<\/div>\n\t\t\t\t<div class=\"elementor-element elementor-element-653c81e elementor-widget elementor-widget-heading\" data-id=\"653c81e\" data-element_type=\"widget\" data-widget_type=\"heading.default\">\n\t\t\t\t<div class=\"elementor-widget-container\">\n\t\t\t\t\t<h2 class=\"elementor-heading-title elementor-size-default\">Qui sommes-nous ?<\/h2>\t\t\t\t<\/div>\n\t\t\t\t<\/div>\n\t\t\t\t<div class=\"elementor-element elementor-element-7f43441 elementor-widget elementor-widget-text-editor\" data-id=\"7f43441\" data-element_type=\"widget\" data-widget_type=\"text-editor.default\">\n\t\t\t\t<div class=\"elementor-widget-container\">\n\t\t\t\t\t\t\t\t\t<p>Factoria-Agro est l'un des principaux producteurs ukrainiens de moutarde, de graines de lin et d'ingr\u00e9dients de coriandre de qualit\u00e9 sup\u00e9rieure, exportant dans plus de 100 pays. L'adresse de notre site web est la suivante : https:\/\/factoria-agro.ua\/en.<\/p>\t\t\t\t\t\t\t\t<\/div>\n\t\t\t\t<\/div>\n\t\t\t\t<div class=\"elementor-element elementor-element-d9e8677 elementor-widget elementor-widget-heading\" data-id=\"d9e8677\" data-element_type=\"widget\" data-widget_type=\"heading.default\">\n\t\t\t\t<div class=\"elementor-widget-container\">\n\t\t\t\t\t<h2 class=\"elementor-heading-title elementor-size-default\">Quelles sont les donn\u00e9es personnelles que nous collectons et pourquoi ?<\/h2>\t\t\t\t<\/div>\n\t\t\t\t<\/div>\n\t\t\t\t<div class=\"elementor-element elementor-element-47aff39 elementor-widget elementor-widget-text-editor\" data-id=\"47aff39\" data-element_type=\"widget\" data-widget_type=\"text-editor.default\">\n\t\t\t\t<div class=\"elementor-widget-container\">\n\t\t\t\t\t\t\t\t\t<p>Lorsque vous interagissez avec notre site web, par exemple en soumettant un formulaire de contact ou en demandant des informations sur un produit, nous pouvons collecter des donn\u00e9es personnelles, notamment votre nom, votre adresse \u00e9lectronique, les coordonn\u00e9es de votre entreprise et votre num\u00e9ro de t\u00e9l\u00e9phone. Ces donn\u00e9es sont collect\u00e9es pour r\u00e9pondre \u00e0 vos demandes, fournir des \u00e9chantillons de produits, n\u00e9gocier des contrats ou faciliter les partenariats commerciaux. Nous recueillons ces informations sur la base de votre consentement ou pour remplir nos obligations contractuelles.<\/p><p>Nous pouvons \u00e9galement collecter des donn\u00e9es techniques, telles que votre adresse IP et la cha\u00eene de l'agent utilisateur du navigateur, afin d'assurer la fonctionnalit\u00e9 et la s\u00e9curit\u00e9 du site web, y compris la d\u00e9tection des spams. Ces donn\u00e9es sont trait\u00e9es pour prot\u00e9ger nos int\u00e9r\u00eats l\u00e9gitimes dans le maintien d'une pr\u00e9sence en ligne s\u00fbre et efficace.<\/p>\t\t\t\t\t\t\t\t<\/div>\n\t\t\t\t<\/div>\n\t\t\t\t<div class=\"elementor-element elementor-element-e71d374 elementor-widget elementor-widget-heading\" data-id=\"e71d374\" data-element_type=\"widget\" data-widget_type=\"heading.default\">\n\t\t\t\t<div class=\"elementor-widget-container\">\n\t\t\t\t\t<h2 class=\"elementor-heading-title elementor-size-default\">Cookies<\/h2>\t\t\t\t<\/div>\n\t\t\t\t<\/div>\n\t\t\t\t<div class=\"elementor-element elementor-element-133bfeb elementor-widget elementor-widget-text-editor\" data-id=\"133bfeb\" data-element_type=\"widget\" data-widget_type=\"text-editor.default\">\n\t\t\t\t<div class=\"elementor-widget-container\">\n\t\t\t\t\t\t\t\t\t<p>Nous utilisons des cookies pour am\u00e9liorer votre exp\u00e9rience sur notre site web. Il s'agit notamment de<\/p><p>Cookies essentiels : Il s'agit de cookies temporaires destin\u00e9s \u00e0 assurer la fonctionnalit\u00e9 du site web, par exemple en d\u00e9terminant si votre navigateur accepte les cookies. Ils ne contiennent aucune donn\u00e9e personnelle et sont supprim\u00e9s lorsque vous fermez votre navigateur.<\/p><p>Cookies analytiques : Nous pouvons utiliser des cookies pour collecter des donn\u00e9es anonymes sur l'utilisation du site web afin d'am\u00e9liorer nos services. Vous pouvez refuser ces cookies via les param\u00e8tres de votre navigateur.<\/p><p>Pour plus de d\u00e9tails, veuillez consulter notre avis sur les cookies sur notre site web.<\/p>\t\t\t\t\t\t\t\t<\/div>\n\t\t\t\t<\/div>\n\t\t\t\t<div class=\"elementor-element elementor-element-f9f2630 elementor-widget elementor-widget-heading\" data-id=\"f9f2630\" data-element_type=\"widget\" data-widget_type=\"heading.default\">\n\t\t\t\t<div class=\"elementor-widget-container\">\n\t\t\t\t\t<h2 class=\"elementor-heading-title elementor-size-default\">Partage de donn\u00e9es avec des tiers<\/h2>\t\t\t\t<\/div>\n\t\t\t\t<\/div>\n\t\t\t\t<div class=\"elementor-element elementor-element-5057401 elementor-widget elementor-widget-text-editor\" data-id=\"5057401\" data-element_type=\"widget\" data-widget_type=\"text-editor.default\">\n\t\t\t\t<div class=\"elementor-widget-container\">\n\t\t\t\t\t\t\t\t\t<p>Nous pouvons partager vos donn\u00e9es personnelles avec<\/p><p>Partenaires logistiques : Pour faciliter la livraison des produits, nous partageons les donn\u00e9es n\u00e9cessaires (par exemple, le nom de l'entreprise, l'adresse de livraison) avec nos fournisseurs logistiques de confiance, qui sont contractuellement tenus de prot\u00e9ger vos donn\u00e9es.<\/p><p>Autorit\u00e9s l\u00e9gales : Nous pouvons divulguer des donn\u00e9es si la loi l'exige, par exemple pour nous conformer aux r\u00e9glementations douani\u00e8res ou aux obligations l\u00e9gales dans les juridictions o\u00f9 nous op\u00e9rons.<\/p><p>Nous ne vendons ni ne partageons vos donn\u00e9es personnelles \u00e0 des fins de marketing ou avec des tiers au-del\u00e0 de ce qui est n\u00e9cessaire aux op\u00e9rations commerciales.<\/p>\t\t\t\t\t\t\t\t<\/div>\n\t\t\t\t<\/div>\n\t\t\t\t<div class=\"elementor-element elementor-element-a40e1a2 elementor-widget elementor-widget-heading\" data-id=\"a40e1a2\" data-element_type=\"widget\" data-widget_type=\"heading.default\">\n\t\t\t\t<div class=\"elementor-widget-container\">\n\t\t\t\t\t<h2 class=\"elementor-heading-title elementor-size-default\">Contenu int\u00e9gr\u00e9 d'autres sites web<\/h2>\t\t\t\t<\/div>\n\t\t\t\t<\/div>\n\t\t\t\t<div class=\"elementor-element elementor-element-fec4f78 elementor-widget elementor-widget-text-editor\" data-id=\"fec4f78\" data-element_type=\"widget\" data-widget_type=\"text-editor.default\">\n\t\t\t\t<div class=\"elementor-widget-container\">\n\t\t\t\t\t\t\t\t\t<p>Notre site web peut inclure du contenu int\u00e9gr\u00e9 (par exemple, des cartes ou des vid\u00e9os) provenant de fournisseurs tiers. Ces fournisseurs peuvent collecter des donn\u00e9es, utiliser des cookies ou suivre les interactions comme si vous visitiez directement leur site web. Nous vous recommandons de consulter les politiques de confidentialit\u00e9 de ces tiers.<\/p>\t\t\t\t\t\t\t\t<\/div>\n\t\t\t\t<\/div>\n\t\t\t\t<div class=\"elementor-element elementor-element-4313883 elementor-widget elementor-widget-heading\" data-id=\"4313883\" data-element_type=\"widget\" data-widget_type=\"heading.default\">\n\t\t\t\t<div class=\"elementor-widget-container\">\n\t\t\t\t\t<h2 class=\"elementor-heading-title elementor-size-default\">Dur\u00e9e de conservation des donn\u00e9es<\/h2>\t\t\t\t<\/div>\n\t\t\t\t<\/div>\n\t\t\t\t<div class=\"elementor-element elementor-element-45906d8 elementor-widget elementor-widget-text-editor\" data-id=\"45906d8\" data-element_type=\"widget\" data-widget_type=\"text-editor.default\">\n\t\t\t\t<div class=\"elementor-widget-container\">\n\t\t\t\t\t\t\t\t\t<p>Nous conservons les donn\u00e9es personnelles collect\u00e9es par le biais de formulaires de contact ou d'interactions commerciales uniquement pendant la dur\u00e9e n\u00e9cessaire \u00e0 la r\u00e9alisation de l'objectif de la collecte (par exemple, r\u00e9pondre \u00e0 des demandes de renseignements, ex\u00e9cuter des contrats) ou pour nous conformer \u00e0 des obligations l\u00e9gales. Les donn\u00e9es qui ne sont plus n\u00e9cessaires sont supprim\u00e9es en toute s\u00e9curit\u00e9 ou rendues anonymes.<\/p>\t\t\t\t\t\t\t\t<\/div>\n\t\t\t\t<\/div>\n\t\t\t\t<div class=\"elementor-element elementor-element-3b21ac8 elementor-widget elementor-widget-heading\" data-id=\"3b21ac8\" data-element_type=\"widget\" data-widget_type=\"heading.default\">\n\t\t\t\t<div class=\"elementor-widget-container\">\n\t\t\t\t\t<h2 class=\"elementor-heading-title elementor-size-default\">Vos droits en mati\u00e8re de protection des donn\u00e9es<\/h2>\t\t\t\t<\/div>\n\t\t\t\t<\/div>\n\t\t\t\t<div class=\"elementor-element elementor-element-039266e elementor-widget elementor-widget-text-editor\" data-id=\"039266e\" data-element_type=\"widget\" data-widget_type=\"text-editor.default\">\n\t\t\t\t<div class=\"elementor-widget-container\">\n\t\t\t\t\t\t\t\t\t<p>En vertu des lois applicables en mati\u00e8re de protection des donn\u00e9es, telles que le GDPR, vous pouvez b\u00e9n\u00e9ficier des droits suivants :<\/p><p>Acc\u00e8s : Demander une copie des donn\u00e9es personnelles que nous d\u00e9tenons \u00e0 votre sujet.<\/p><p>Rectification : Demander la correction de donn\u00e9es inexactes.<\/p><p>Effacement : Demander la suppression de vos donn\u00e9es, sauf si nous sommes tenus de les conserver \u00e0 des fins juridiques ou administratives.<\/p><p>Objection : S'opposer au traitement de vos donn\u00e9es \u00e0 des fins sp\u00e9cifiques.<\/p><p>Portabilit\u00e9 des donn\u00e9es : Demandez vos donn\u00e9es dans un format structur\u00e9 et lisible par une machine.<\/p><p>Restreindre le traitement : Demander la limitation du traitement de vos donn\u00e9es.<\/p><p>Pour exercer ces droits, contactez notre d\u00e9l\u00e9gu\u00e9 \u00e0 la protection des donn\u00e9es \u00e0 l'adresse privacy@factoria-agro.ua. Nous r\u00e9pondrons dans les d\u00e9lais requis par la loi (g\u00e9n\u00e9ralement 30 jours en vertu du GDPR).<\/p>\t\t\t\t\t\t\t\t<\/div>\n\t\t\t\t<\/div>\n\t\t\t\t<div class=\"elementor-element elementor-element-338b3c7 elementor-widget elementor-widget-heading\" data-id=\"338b3c7\" data-element_type=\"widget\" data-widget_type=\"heading.default\">\n\t\t\t\t<div class=\"elementor-widget-container\">\n\t\t\t\t\t<h2 class=\"elementor-heading-title elementor-size-default\">O\u00f9 vos donn\u00e9es sont-elles envoy\u00e9es ?\n<\/h2>\t\t\t\t<\/div>\n\t\t\t\t<\/div>\n\t\t\t\t<div class=\"elementor-element elementor-element-0b54b88 elementor-widget elementor-widget-text-editor\" data-id=\"0b54b88\" data-element_type=\"widget\" data-widget_type=\"text-editor.default\">\n\t\t\t\t<div class=\"elementor-widget-container\">\n\t\t\t\t\t\t\t\t\t<p>Vos donn\u00e9es peuvent \u00eatre trait\u00e9es ou stock\u00e9es sur des serveurs en Ukraine, dans l'UE ou dans d'autres juridictions o\u00f9 op\u00e8rent nos partenaires logistiques, conform\u00e9ment aux lois applicables en mati\u00e8re de protection des donn\u00e9es. Nous utilisons des clauses contractuelles standard ou d'autres m\u00e9canismes juridiques pour garantir la s\u00e9curit\u00e9 des transferts internationaux de donn\u00e9es.<\/p>\t\t\t\t\t\t\t\t<\/div>\n\t\t\t\t<\/div>\n\t\t\t\t<div class=\"elementor-element elementor-element-3de9153 elementor-widget elementor-widget-heading\" data-id=\"3de9153\" data-element_type=\"widget\" data-widget_type=\"heading.default\">\n\t\t\t\t<div class=\"elementor-widget-container\">\n\t\t\t\t\t<h2 class=\"elementor-heading-title elementor-size-default\">S\u00e9curit\u00e9 des donn\u00e9es<\/h2>\t\t\t\t<\/div>\n\t\t\t\t<\/div>\n\t\t\t\t<div class=\"elementor-element elementor-element-c3245ca elementor-widget elementor-widget-text-editor\" data-id=\"c3245ca\" data-element_type=\"widget\" data-widget_type=\"text-editor.default\">\n\t\t\t\t<div class=\"elementor-widget-container\">\n\t\t\t\t\t\t\t\t\t<p>Nous mettons en \u0153uvre des mesures techniques et organisationnelles solides, telles que le cryptage et les contr\u00f4les d'acc\u00e8s, afin de prot\u00e9ger vos donn\u00e9es contre tout acc\u00e8s non autoris\u00e9, toute perte ou toute utilisation abusive. Nos installations sont conformes aux normes de l'industrie pour garantir la s\u00e9curit\u00e9 des donn\u00e9es.<\/p>\t\t\t\t\t\t\t\t<\/div>\n\t\t\t\t<\/div>\n\t\t\t\t<div class=\"elementor-element elementor-element-e24bb3b elementor-widget elementor-widget-heading\" data-id=\"e24bb3b\" data-element_type=\"widget\" data-widget_type=\"heading.default\">\n\t\t\t\t<div class=\"elementor-widget-container\">\n\t\t\t\t\t<h2 class=\"elementor-heading-title elementor-size-default\">Mises \u00e0 jour de la pr\u00e9sente politique<\/h2>\t\t\t\t<\/div>\n\t\t\t\t<\/div>\n\t\t\t\t<div class=\"elementor-element elementor-element-e024183 elementor-widget elementor-widget-text-editor\" data-id=\"e024183\" data-element_type=\"widget\" data-widget_type=\"text-editor.default\">\n\t\t\t\t<div class=\"elementor-widget-container\">\n\t\t\t\t\t\t\t\t\t<p>Nous pouvons mettre \u00e0 jour cette politique de confidentialit\u00e9 pour refl\u00e9ter les changements dans nos pratiques ou les exigences l\u00e9gales. Les mises \u00e0 jour seront publi\u00e9es sur notre site web et nous vous informerons des changements importants par courrier \u00e9lectronique ou par une notification sur le site web. Cette politique a \u00e9t\u00e9 mise \u00e0 jour pour la derni\u00e8re fois le 22 juillet 2025.<\/p>\t\t\t\t\t\t\t\t<\/div>\n\t\t\t\t<\/div>\n\t\t\t\t<div class=\"elementor-element elementor-element-b3e77f3 elementor-widget elementor-widget-heading\" data-id=\"b3e77f3\" data-element_type=\"widget\" data-widget_type=\"heading.default\">\n\t\t\t\t<div class=\"elementor-widget-container\">\n\t\t\t\t\t<h2 class=\"elementor-heading-title elementor-size-default\">Nous contacter<\/h2>\t\t\t\t<\/div>\n\t\t\t\t<\/div>\n\t\t\t\t<div class=\"elementor-element elementor-element-a0a15d0 elementor-widget elementor-widget-text-editor\" data-id=\"a0a15d0\" data-element_type=\"widget\" data-widget_type=\"text-editor.default\">\n\t\t\t\t<div class=\"elementor-widget-container\">\n\t\t\t\t\t\t\t\t\t<p>Pour toute question ou pr\u00e9occupation concernant cette politique de confidentialit\u00e9 ou vos donn\u00e9es, veuillez contacter notre d\u00e9l\u00e9gu\u00e9 \u00e0 la protection des donn\u00e9es \u00e0 l'adresse privacy@factoria-agro.ua ou \u00e0 notre si\u00e8ge social : Factoria-Agro, Vyshgorod, st.Novopromyslova,1, Kyiv region 07301 Ukraine<\/p>\t\t\t\t\t\t\t\t<\/div>\n\t\t\t\t<\/div>\n\t\t\t\t<\/div>\n\t\t\t\t\t<\/div>\n\t\t\t\t<\/div>\n\t\t\t\t<\/div>","protected":false},"excerpt":{"rendered":"<p>Privacy Policy Who we are Factoria-Agro is a leading Ukrainian producer of premium mustard, flaxseed, and coriander ingredients, exporting to over 100 countries. Our website address is: https:\/\/factoria-agro.ua\/en. What Personal Data We Collect and Why When you interact with our website, such as submitting a contact form or requesting product information, we may collect personal [&hellip;]<\/p>","protected":false},"author":4,"featured_media":0,"parent":0,"menu_order":0,"comment_status":"closed","ping_status":"closed","template":"","meta":{"_acf_changed":false,"footnotes":""},"class_list":["post-30","page","type-page","status-publish","hentry"],"acf":[],"_links":{"self":[{"href":"https:\/\/factoria-agro.ua\/fr\/wp-json\/wp\/v2\/pages\/30","targetHints":{"allow":["GET"]}}],"collection":[{"href":"https:\/\/factoria-agro.ua\/fr\/wp-json\/wp\/v2\/pages"}],"about":[{"href":"https:\/\/factoria-agro.ua\/fr\/wp-json\/wp\/v2\/types\/page"}],"author":[{"embeddable":true,"href":"https:\/\/factoria-agro.ua\/fr\/wp-json\/wp\/v2\/users\/4"}],"replies":[{"embeddable":true,"href":"https:\/\/factoria-agro.ua\/fr\/wp-json\/wp\/v2\/comments?post=30"}],"version-history":[{"count":6,"href":"https:\/\/factoria-agro.ua\/fr\/wp-json\/wp\/v2\/pages\/30\/revisions"}],"predecessor-version":[{"id":2021,"href":"https:\/\/factoria-agro.ua\/fr\/wp-json\/wp\/v2\/pages\/30\/revisions\/2021"}],"wp:attachment":[{"href":"https:\/\/factoria-agro.ua\/fr\/wp-json\/wp\/v2\/media?parent=30"}],"curies":[{"name":"wp","href":"https:\/\/api.w.org\/{rel}","templated":true}]}}