{"id":32,"date":"2025-06-05T07:22:40","date_gmt":"2025-06-05T07:22:40","guid":{"rendered":"https:\/\/factoria-agro.ua\/?page_id=32"},"modified":"2025-06-25T18:38:18","modified_gmt":"2025-06-25T18:38:18","slug":"legal-cookie-policy","status":"publish","type":"page","link":"https:\/\/factoria-agro.ua\/fr\/legal-cookie-policy\/","title":{"rendered":"Legal &#8211; Cookie Policy"},"content":{"rendered":"<div data-elementor-type=\"wp-page\" data-elementor-id=\"32\" class=\"elementor elementor-32\" data-elementor-post-type=\"page\">\n\t\t\t\t<div class=\"elementor-element elementor-element-c2f80b4 e-flex e-con-boxed e-con e-parent\" data-id=\"c2f80b4\" data-element_type=\"container\">\n\t\t\t\t\t<div class=\"e-con-inner\">\n\t\t<div class=\"elementor-element elementor-element-4115b2f e-con-full e-flex e-con e-child\" data-id=\"4115b2f\" data-element_type=\"container\">\n\t\t\t\t<div class=\"elementor-element elementor-element-4ba3059 elementor-widget elementor-widget-heading\" data-id=\"4ba3059\" data-element_type=\"widget\" data-widget_type=\"heading.default\">\n\t\t\t\t<div class=\"elementor-widget-container\">\n\t\t\t\t\t<h2 class=\"elementor-heading-title elementor-size-default\">Mentions l\u00e9gales - Politique en mati\u00e8re de cookies<\/h2>\t\t\t\t<\/div>\n\t\t\t\t<\/div>\n\t\t\t\t<div class=\"elementor-element elementor-element-3548307 elementor-widget elementor-widget-heading\" data-id=\"3548307\" data-element_type=\"widget\" data-widget_type=\"heading.default\">\n\t\t\t\t<div class=\"elementor-widget-container\">\n\t\t\t\t\t<h2 class=\"elementor-heading-title elementor-size-default\">Qu'est-ce qu'un cookie ?<\/h2>\t\t\t\t<\/div>\n\t\t\t\t<\/div>\n\t\t\t\t<div class=\"elementor-element elementor-element-096356e elementor-widget elementor-widget-text-editor\" data-id=\"096356e\" data-element_type=\"widget\" data-widget_type=\"text-editor.default\">\n\t\t\t\t<div class=\"elementor-widget-container\">\n\t\t\t\t\t\t\t\t\t<p>Les cookies sont de petits fichiers texte plac\u00e9s sur votre appareil pour aider les sites web \u00e0 fonctionner efficacement et fournir des informations au propri\u00e9taire du site. Ils sont largement utilis\u00e9s pour faire fonctionner les sites web ou les rendre plus efficaces.<\/p>\t\t\t\t\t\t\t\t<\/div>\n\t\t\t\t<\/div>\n\t\t\t\t<div class=\"elementor-element elementor-element-e2baadb elementor-widget elementor-widget-heading\" data-id=\"e2baadb\" data-element_type=\"widget\" data-widget_type=\"heading.default\">\n\t\t\t\t<div class=\"elementor-widget-container\">\n\t\t\t\t\t<h2 class=\"elementor-heading-title elementor-size-default\">Comment nous utilisons les cookies<\/h2>\t\t\t\t<\/div>\n\t\t\t\t<\/div>\n\t\t\t\t<div class=\"elementor-element elementor-element-193f73e elementor-widget elementor-widget-text-editor\" data-id=\"193f73e\" data-element_type=\"widget\" data-widget_type=\"text-editor.default\">\n\t\t\t\t<div class=\"elementor-widget-container\">\n\t\t\t\t\t\t\t\t\t<p data-start=\"2115\" data-end=\"2133\">Nous utilisons des cookies pour :<\/p><ul data-start=\"2134\" data-end=\"2305\"><li data-start=\"2134\" data-end=\"2178\"><p data-start=\"2136\" data-end=\"2178\">Am\u00e9liorer la fonctionnalit\u00e9 et les performances du site<\/p><\/li><li data-start=\"2179\" data-end=\"2220\"><p data-start=\"2181\" data-end=\"2220\">Analyser le trafic sur le site et les sch\u00e9mas d'utilisation<\/p><\/li><li data-start=\"2221\" data-end=\"2266\"><p data-start=\"2223\" data-end=\"2266\">M\u00e9moriser vos pr\u00e9f\u00e9rences et vos donn\u00e9es de connexion<\/p><\/li><li data-start=\"2267\" data-end=\"2305\"><p data-start=\"2269\" data-end=\"2305\">Fournir un contenu publicitaire pertinent<\/p><\/li><\/ul>\t\t\t\t\t\t\t\t<\/div>\n\t\t\t\t<\/div>\n\t\t\t\t<div class=\"elementor-element elementor-element-a937c2a elementor-widget elementor-widget-heading\" data-id=\"a937c2a\" data-element_type=\"widget\" data-widget_type=\"heading.default\">\n\t\t\t\t<div class=\"elementor-widget-container\">\n\t\t\t\t\t<h2 class=\"elementor-heading-title elementor-size-default\">Types de cookies que nous utilisons<\/h2>\t\t\t\t<\/div>\n\t\t\t\t<\/div>\n\t\t\t\t<div class=\"elementor-element elementor-element-d25896c elementor-widget elementor-widget-text-editor\" data-id=\"d25896c\" data-element_type=\"widget\" data-widget_type=\"text-editor.default\">\n\t\t\t\t<div class=\"elementor-widget-container\">\n\t\t\t\t\t\t\t\t\t<ul><li data-start=\"2342\" data-end=\"2399\"><p data-start=\"2344\" data-end=\"2399\"><strong data-start=\"2344\" data-end=\"2365\">Biscuits essentiels<\/strong>: N\u00e9cessaire au fonctionnement du site web.<\/p><\/li><li data-start=\"2400\" data-end=\"2482\"><p data-start=\"2402\" data-end=\"2482\"><strong data-start=\"2402\" data-end=\"2425\">Cookies de performance<\/strong>: Nous aident \u00e0 comprendre comment les visiteurs interagissent avec le site.<\/p><\/li><li data-start=\"2483\" data-end=\"2555\"><p data-start=\"2485\" data-end=\"2555\"><strong data-start=\"2485\" data-end=\"2510\">Cookies de fonctionnalit\u00e9<\/strong>: Se souvenir des choix que l'on fait (par exemple, la langue).<\/p><\/li><li data-start=\"2556\" data-end=\"2630\"><p data-start=\"2558\" data-end=\"2630\"><strong data-start=\"2558\" data-end=\"2581\">Cookies publicitaires<\/strong>: Diffuser des publicit\u00e9s adapt\u00e9es \u00e0 vous et \u00e0 vos centres d'int\u00e9r\u00eat.<\/p><\/li><\/ul>\t\t\t\t\t\t\t\t<\/div>\n\t\t\t\t<\/div>\n\t\t\t\t<div class=\"elementor-element elementor-element-f3191d1 elementor-widget elementor-widget-heading\" data-id=\"f3191d1\" data-element_type=\"widget\" data-widget_type=\"heading.default\">\n\t\t\t\t<div class=\"elementor-widget-container\">\n\t\t\t\t\t<h2 class=\"elementor-heading-title elementor-size-default\">Gestion des cookies<\/h2>\t\t\t\t<\/div>\n\t\t\t\t<\/div>\n\t\t\t\t<div class=\"elementor-element elementor-element-f08f61a elementor-widget elementor-widget-text-editor\" data-id=\"f08f61a\" data-element_type=\"widget\" data-widget_type=\"text-editor.default\">\n\t\t\t\t<div class=\"elementor-widget-container\">\n\t\t\t\t\t\t\t\t\t<p>Vous pouvez g\u00e9rer ou supprimer les cookies \u00e0 tout moment via les param\u00e8tres de votre navigateur. La d\u00e9sactivation de certains cookies peut avoir un impact sur votre exp\u00e9rience sur notre site web.<\/p>\t\t\t\t\t\t\t\t<\/div>\n\t\t\t\t<\/div>\n\t\t\t\t<div class=\"elementor-element elementor-element-3afd4e7 elementor-widget elementor-widget-heading\" data-id=\"3afd4e7\" data-element_type=\"widget\" data-widget_type=\"heading.default\">\n\t\t\t\t<div class=\"elementor-widget-container\">\n\t\t\t\t\t<h2 class=\"elementor-heading-title elementor-size-default\">Cookies de tiers<\/h2>\t\t\t\t<\/div>\n\t\t\t\t<\/div>\n\t\t\t\t<div class=\"elementor-element elementor-element-6ab1934 elementor-widget elementor-widget-text-editor\" data-id=\"6ab1934\" data-element_type=\"widget\" data-widget_type=\"text-editor.default\">\n\t\t\t\t<div class=\"elementor-widget-container\">\n\t\t\t\t\t\t\t\t\t<p>Nous pouvons autoriser des services tiers (tels que des fournisseurs de services d'analyse ou de publicit\u00e9) \u00e0 placer des cookies. Ces fournisseurs sont responsables de leur propre politique en mati\u00e8re de cookies.<\/p>\t\t\t\t\t\t\t\t<\/div>\n\t\t\t\t<\/div>\n\t\t\t\t<div class=\"elementor-element elementor-element-5b87ee1 elementor-widget elementor-widget-heading\" data-id=\"5b87ee1\" data-element_type=\"widget\" data-widget_type=\"heading.default\">\n\t\t\t\t<div class=\"elementor-widget-container\">\n\t\t\t\t\t<h2 class=\"elementor-heading-title elementor-size-default\">Mises \u00e0 jour de la pr\u00e9sente politique<\/h2>\t\t\t\t<\/div>\n\t\t\t\t<\/div>\n\t\t\t\t<div class=\"elementor-element elementor-element-1a5fac5 elementor-widget elementor-widget-text-editor\" data-id=\"1a5fac5\" data-element_type=\"widget\" data-widget_type=\"text-editor.default\">\n\t\t\t\t<div class=\"elementor-widget-container\">\n\t\t\t\t\t\t\t\t\t<p>Nous pouvons mettre \u00e0 jour la pr\u00e9sente politique en mati\u00e8re de cookies de temps \u00e0 autre. Toute modification sera publi\u00e9e sur cette page avec une date de r\u00e9vision actualis\u00e9e.<\/p>\t\t\t\t\t\t\t\t<\/div>\n\t\t\t\t<\/div>\n\t\t\t\t<\/div>\n\t\t\t\t\t<\/div>\n\t\t\t\t<\/div>\n\t\t\t\t<\/div>","protected":false},"excerpt":{"rendered":"<p>Legal \u2013 Cookie Policy What Are Cookies? Cookies are small text files that are placed on your device to help websites function effectively and provide information to the site owner. They are widely used to make websites work, or work more efficiently. How We Use Cookies We use cookies to: Improve site functionality and performance [&hellip;]<\/p>","protected":false},"author":4,"featured_media":0,"parent":0,"menu_order":0,"comment_status":"closed","ping_status":"closed","template":"","meta":{"_acf_changed":false,"footnotes":""},"class_list":["post-32","page","type-page","status-publish","hentry"],"acf":[],"_links":{"self":[{"href":"https:\/\/factoria-agro.ua\/fr\/wp-json\/wp\/v2\/pages\/32","targetHints":{"allow":["GET"]}}],"collection":[{"href":"https:\/\/factoria-agro.ua\/fr\/wp-json\/wp\/v2\/pages"}],"about":[{"href":"https:\/\/factoria-agro.ua\/fr\/wp-json\/wp\/v2\/types\/page"}],"author":[{"embeddable":true,"href":"https:\/\/factoria-agro.ua\/fr\/wp-json\/wp\/v2\/users\/4"}],"replies":[{"embeddable":true,"href":"https:\/\/factoria-agro.ua\/fr\/wp-json\/wp\/v2\/comments?post=32"}],"version-history":[{"count":0,"href":"https:\/\/factoria-agro.ua\/fr\/wp-json\/wp\/v2\/pages\/32\/revisions"}],"wp:attachment":[{"href":"https:\/\/factoria-agro.ua\/fr\/wp-json\/wp\/v2\/media?parent=32"}],"curies":[{"name":"wp","href":"https:\/\/api.w.org\/{rel}","templated":true}]}}