{"id":3555,"date":"2025-11-28T13:43:31","date_gmt":"2025-11-28T13:43:31","guid":{"rendered":"https:\/\/factoria-agro.ua\/?page_id=3555"},"modified":"2025-11-28T14:05:35","modified_gmt":"2025-11-28T14:05:35","slug":"mustard","status":"publish","type":"page","link":"https:\/\/factoria-agro.ua\/fr\/application\/mustard\/","title":{"rendered":"Moutarde"},"content":{"rendered":"<div data-elementor-type=\"wp-page\" data-elementor-id=\"3555\" class=\"elementor elementor-3555\" data-elementor-post-type=\"page\">\n\t\t\t\t<div class=\"elementor-element elementor-element-e83532d e-flex e-con-boxed e-con e-parent\" data-id=\"e83532d\" data-element_type=\"container\" data-settings=\"{&quot;background_background&quot;:&quot;classic&quot;}\">\n\t\t\t\t\t<div class=\"e-con-inner\">\n\t\t<div class=\"elementor-element elementor-element-30d6a2e e-con-full e-flex e-con e-child\" data-id=\"30d6a2e\" data-element_type=\"container\">\n\t\t\t\t<div class=\"elementor-element elementor-element-4e33832 elementor-widget elementor-widget-heading\" data-id=\"4e33832\" data-element_type=\"widget\" data-widget_type=\"heading.default\">\n\t\t\t\t<div class=\"elementor-widget-container\">\n\t\t\t\t\t<h1 class=\"elementor-heading-title elementor-size-default\">Moutarde<\/h1>\t\t\t\t<\/div>\n\t\t\t\t<\/div>\n\t\t\t\t<\/div>\n\t\t\t\t\t<\/div>\n\t\t\t\t<\/div>\n\t\t<div class=\"elementor-element elementor-element-a7b77fc e-flex e-con-boxed e-con e-parent\" data-id=\"a7b77fc\" data-element_type=\"container\">\n\t\t\t\t\t<div class=\"e-con-inner\">\n\t\t\t\t<div class=\"elementor-element elementor-element-f69eb3c elementor-widget elementor-widget-heading\" data-id=\"f69eb3c\" data-element_type=\"widget\" data-widget_type=\"heading.default\">\n\t\t\t\t<div class=\"elementor-widget-container\">\n\t\t\t\t\t<h2 class=\"elementor-heading-title elementor-size-default\">La moutarde - Un ingr\u00e9dient unique et multifonctionnel<\/h2>\t\t\t\t<\/div>\n\t\t\t\t<\/div>\n\t\t\t\t<div class=\"elementor-element elementor-element-fc25437 elementor-widget elementor-widget-text-editor\" data-id=\"fc25437\" data-element_type=\"widget\" data-widget_type=\"text-editor.default\">\n\t\t\t\t<div class=\"elementor-widget-container\">\n\t\t\t\t\t\t\t\t\t<p>La moutarde est l'une des \u00e9pices les plus adaptables et les plus multifonctionnelles qui soient. Au-del\u00e0 de sa saveur distinctive et de ses avantages nutritionnels, elle remplit plusieurs r\u00f4les essentiels dans la production alimentaire, agissant comme \u00e9mulsifiant, antioxydant, stabilisateur, conservateur, liant et m\u00eame comme source pr\u00e9cieuse de prot\u00e9ines. C'est un ingr\u00e9dient cl\u00e9 qui rehausse \u00e0 la fois la saveur et la texture de nombreux aliments de tous les jours.<\/p><p>Selon l'application et la forme utilis\u00e9e, la moutarde peut am\u00e9liorer la couleur, le go\u00fbt et la stabilit\u00e9 d'une \u00e9mulsion. Les diff\u00e9rentes vari\u00e9t\u00e9s de moutarde - jaune, orientale et brune - offrent des profils de go\u00fbt allant de doux \u00e0 chaud et piquant, ce qui les rend adapt\u00e9es \u00e0 un large \u00e9ventail d'utilisations culinaires et de cuisines dans le monde entier.<\/p><p>En outre, la moutarde pr\u00e9sente des avantages notables sur le plan de la sant\u00e9 et de la nutrition, car elle est pauvre en calories et en graisses, tout en fournissant des antioxydants et des micronutriments essentiels.<\/p>\t\t\t\t\t\t\t\t<\/div>\n\t\t\t\t<\/div>\n\t\t\t\t\t<\/div>\n\t\t\t\t<\/div>\n\t\t<div class=\"elementor-element elementor-element-8df6cad e-flex e-con-boxed elementor-invisible e-con e-parent\" data-id=\"8df6cad\" data-element_type=\"container\" data-settings=\"{&quot;background_background&quot;:&quot;classic&quot;,&quot;animation&quot;:&quot;fadeInLeft&quot;}\">\n\t\t\t\t\t<div class=\"e-con-inner\">\n\t\t<div class=\"elementor-element elementor-element-392c04e e-con-full e-flex e-con e-child\" data-id=\"392c04e\" data-element_type=\"container\">\n\t\t\t\t<div class=\"elementor-element elementor-element-ca5349b elementor-widget__width-initial elementor-widget elementor-widget-heading\" data-id=\"ca5349b\" data-element_type=\"widget\" data-widget_type=\"heading.default\">\n\t\t\t\t<div class=\"elementor-widget-container\">\n\t\t\t\t\t<h3 class=\"elementor-heading-title elementor-size-default\">Optimiser la texture avec la moutarde<\/h3>\t\t\t\t<\/div>\n\t\t\t\t<\/div>\n\t\t\t\t<\/div>\n\t\t<div class=\"elementor-element elementor-element-8a6bd4d e-con-full e-flex e-con e-child\" data-id=\"8a6bd4d\" data-element_type=\"container\">\n\t\t\t\t<div class=\"elementor-element elementor-element-7541b86 elementor-widget elementor-widget-text-editor\" data-id=\"7541b86\" data-element_type=\"widget\" data-widget_type=\"text-editor.default\">\n\t\t\t\t<div class=\"elementor-widget-container\">\n\t\t\t\t\t\t\t\t\t<p data-olk-copy-source=\"MessageBody\">La moutarde apporte une texture am\u00e9lior\u00e9e \u00e0 vos formulations. Les graines enti\u00e8res ou cass\u00e9es apportent un croquant agr\u00e9able aux vinaigrettes et aux sauces, tandis que notre farine de moutarde finement moulue cr\u00e9e des marinades et des condiments velout\u00e9s et onctueux. Gr\u00e2ce \u00e0 sa capacit\u00e9 naturelle \u00e0 \u00e9paissir et \u00e0 retenir l'humidit\u00e9, la moutarde favorise \u00e9galement la jutosit\u00e9 et aide \u00e0 pr\u00e9venir le dess\u00e8chement dans des applications telles que les produits \u00e0 base de viande et de fromage.<\/p>\t\t\t\t\t\t\t\t<\/div>\n\t\t\t\t<\/div>\n\t\t\t\t<div class=\"elementor-element elementor-element-7f8ebbf elementor-align-right elementor-widget elementor-widget-button\" data-id=\"7f8ebbf\" data-element_type=\"widget\" data-widget_type=\"button.default\">\n\t\t\t\t<div class=\"elementor-widget-container\">\n\t\t\t\t\t\t\t\t\t<div class=\"elementor-button-wrapper\">\n\t\t\t\t\t<a class=\"elementor-button elementor-button-link elementor-size-sm\" href=\"https:\/\/factoria-agro.ua\/fr\/categorie-produit\/mustard\/\">\n\t\t\t\t\t\t<span class=\"elementor-button-content-wrapper\">\n\t\t\t\t\t\t\t\t\t<span class=\"elementor-button-text\">D\u00e9couvrez nos solutions<\/span>\n\t\t\t\t\t<\/span>\n\t\t\t\t\t<\/a>\n\t\t\t\t<\/div>\n\t\t\t\t\t\t\t\t<\/div>\n\t\t\t\t<\/div>\n\t\t\t\t<\/div>\n\t\t\t\t\t<\/div>\n\t\t\t\t<\/div>\n\t\t<div class=\"elementor-element elementor-element-45cb62c e-flex e-con-boxed elementor-invisible e-con e-parent\" data-id=\"45cb62c\" data-element_type=\"container\" data-settings=\"{&quot;background_background&quot;:&quot;classic&quot;,&quot;animation&quot;:&quot;fadeInRight&quot;}\">\n\t\t\t\t\t<div class=\"e-con-inner\">\n\t\t<div class=\"elementor-element elementor-element-f82cd93 e-con-full e-flex e-con e-child\" data-id=\"f82cd93\" data-element_type=\"container\">\n\t\t\t\t<div class=\"elementor-element elementor-element-251d3e4 elementor-widget__width-initial elementor-widget elementor-widget-heading\" data-id=\"251d3e4\" data-element_type=\"widget\" data-widget_type=\"heading.default\">\n\t\t\t\t<div class=\"elementor-widget-container\">\n\t\t\t\t\t<h3 class=\"elementor-heading-title elementor-size-default\">Am\u00e9liorer le contenu en fibre optique en toute simplicit\u00e9<\/h3>\t\t\t\t<\/div>\n\t\t\t\t<\/div>\n\t\t\t\t<\/div>\n\t\t<div class=\"elementor-element elementor-element-e3d5d03 e-con-full e-flex e-con e-child\" data-id=\"e3d5d03\" data-element_type=\"container\">\n\t\t\t\t<div class=\"elementor-element elementor-element-486dd49 elementor-widget elementor-widget-text-editor\" data-id=\"486dd49\" data-element_type=\"widget\" data-widget_type=\"text-editor.default\">\n\t\t\t\t<div class=\"elementor-widget-container\">\n\t\t\t\t\t\t\t\t\t<p data-olk-copy-source=\"MessageBody\">Gr\u00e2ce \u00e0 nos ingr\u00e9dients \u00e0 base de moutarde, vous pouvez augmenter naturellement la teneur en fibres de vos produits, tout en conservant leur saveur et leur texture originales. C'est un moyen simple de d\u00e9velopper des produits meilleurs pour la sant\u00e9 sans sacrifier la qualit\u00e9 et le go\u00fbt auxquels vos clients font confiance.<\/p>\t\t\t\t\t\t\t\t<\/div>\n\t\t\t\t<\/div>\n\t\t\t\t<div class=\"elementor-element elementor-element-28ee091 elementor-align-right elementor-widget elementor-widget-button\" data-id=\"28ee091\" data-element_type=\"widget\" data-widget_type=\"button.default\">\n\t\t\t\t<div class=\"elementor-widget-container\">\n\t\t\t\t\t\t\t\t\t<div class=\"elementor-button-wrapper\">\n\t\t\t\t\t<a class=\"elementor-button elementor-button-link elementor-size-sm\" href=\"https:\/\/factoria-agro.ua\/fr\/categorie-produit\/mustard\/\">\n\t\t\t\t\t\t<span class=\"elementor-button-content-wrapper\">\n\t\t\t\t\t\t\t\t\t<span class=\"elementor-button-text\">D\u00e9couvrez nos solutions<\/span>\n\t\t\t\t\t<\/span>\n\t\t\t\t\t<\/a>\n\t\t\t\t<\/div>\n\t\t\t\t\t\t\t\t<\/div>\n\t\t\t\t<\/div>\n\t\t\t\t<\/div>\n\t\t\t\t\t<\/div>\n\t\t\t\t<\/div>\n\t\t<div class=\"elementor-element elementor-element-243e0d0 e-flex e-con-boxed elementor-invisible e-con e-parent\" data-id=\"243e0d0\" data-element_type=\"container\" data-settings=\"{&quot;background_background&quot;:&quot;classic&quot;,&quot;animation&quot;:&quot;fadeInLeft&quot;}\">\n\t\t\t\t\t<div class=\"e-con-inner\">\n\t\t<div class=\"elementor-element elementor-element-7668626 e-con-full e-flex e-con e-child\" data-id=\"7668626\" data-element_type=\"container\">\n\t\t\t\t<div class=\"elementor-element elementor-element-ddba971 elementor-widget__width-initial elementor-widget elementor-widget-heading\" data-id=\"ddba971\" data-element_type=\"widget\" data-widget_type=\"heading.default\">\n\t\t\t\t<div class=\"elementor-widget-container\">\n\t\t\t\t\t<h3 class=\"elementor-heading-title elementor-size-default\">Saveur et fonctionnalit\u00e9 visuelle\n<\/h3>\t\t\t\t<\/div>\n\t\t\t\t<\/div>\n\t\t\t\t<\/div>\n\t\t<div class=\"elementor-element elementor-element-76f479b e-con-full e-flex e-con e-child\" data-id=\"76f479b\" data-element_type=\"container\">\n\t\t\t\t<div class=\"elementor-element elementor-element-78777ba elementor-widget elementor-widget-text-editor\" data-id=\"78777ba\" data-element_type=\"widget\" data-widget_type=\"text-editor.default\">\n\t\t\t\t<div class=\"elementor-widget-container\">\n\t\t\t\t\t\t\t\t\t<p data-olk-copy-source=\"MessageBody\">Les farines de moutarde contribuent \u00e0 la fois \u00e0 la saveur et \u00e0 la fonctionnalit\u00e9 visuelle des moutardes et des sauces pr\u00e9par\u00e9es, les niveaux d'utilisation et les types de moutarde variant en fonction des sp\u00e9cifications du produit. La moutarde est reconnue pour ses fortes propri\u00e9t\u00e9s de modulation de la saveur, am\u00e9liorant le go\u00fbt g\u00e9n\u00e9ral en ajoutant de l'acidit\u00e9, de la chaleur ou de la profondeur, tout en aidant \u00e0 \u00e9quilibrer des syst\u00e8mes de saveurs complexes. Qu'il s'agisse d'enrichir les notes sal\u00e9es, de donner du piquant aux sauces ou d'\u00e9quilibrer les profils dans les vinaigrettes et les marinades, la moutarde peut \u00eatre calibr\u00e9e pour fournir des r\u00e9sultats sensoriels pr\u00e9cis. Nos solutions de moutarde permettent un ajustement contr\u00f4l\u00e9 du piquant, de l'acidit\u00e9 et de l'intensit\u00e9 de la saveur pour r\u00e9pondre aux exigences exactes de la formulation.<\/p>\t\t\t\t\t\t\t\t<\/div>\n\t\t\t\t<\/div>\n\t\t\t\t<div class=\"elementor-element elementor-element-b33fe37 elementor-align-right elementor-widget elementor-widget-button\" data-id=\"b33fe37\" data-element_type=\"widget\" data-widget_type=\"button.default\">\n\t\t\t\t<div class=\"elementor-widget-container\">\n\t\t\t\t\t\t\t\t\t<div class=\"elementor-button-wrapper\">\n\t\t\t\t\t<a class=\"elementor-button elementor-button-link elementor-size-sm\" href=\"https:\/\/factoria-agro.ua\/fr\/categorie-produit\/mustard\/\">\n\t\t\t\t\t\t<span class=\"elementor-button-content-wrapper\">\n\t\t\t\t\t\t\t\t\t<span class=\"elementor-button-text\">D\u00e9couvrez nos solutions<\/span>\n\t\t\t\t\t<\/span>\n\t\t\t\t\t<\/a>\n\t\t\t\t<\/div>\n\t\t\t\t\t\t\t\t<\/div>\n\t\t\t\t<\/div>\n\t\t\t\t<\/div>\n\t\t\t\t\t<\/div>\n\t\t\t\t<\/div>\n\t\t<div class=\"elementor-element elementor-element-4ef21cb e-flex e-con-boxed elementor-invisible e-con e-parent\" data-id=\"4ef21cb\" data-element_type=\"container\" data-settings=\"{&quot;background_background&quot;:&quot;classic&quot;,&quot;animation&quot;:&quot;fadeInRight&quot;}\">\n\t\t\t\t\t<div class=\"e-con-inner\">\n\t\t<div class=\"elementor-element elementor-element-2893658 e-con-full e-flex e-con e-child\" data-id=\"2893658\" data-element_type=\"container\">\n\t\t\t\t<div class=\"elementor-element elementor-element-97899de elementor-widget__width-initial elementor-widget elementor-widget-heading\" data-id=\"97899de\" data-element_type=\"widget\" data-widget_type=\"heading.default\">\n\t\t\t\t<div class=\"elementor-widget-container\">\n\t\t\t\t\t<h3 class=\"elementor-heading-title elementor-size-default\">La moutarde - Votre source de prot\u00e9ines v\u00e9g\u00e9tales fonctionnelles\n\n<\/h3>\t\t\t\t<\/div>\n\t\t\t\t<\/div>\n\t\t\t\t<\/div>\n\t\t<div class=\"elementor-element elementor-element-c4140ef e-con-full e-flex e-con e-child\" data-id=\"c4140ef\" data-element_type=\"container\">\n\t\t\t\t<div class=\"elementor-element elementor-element-e512ff6 elementor-widget elementor-widget-text-editor\" data-id=\"e512ff6\" data-element_type=\"widget\" data-widget_type=\"text-editor.default\">\n\t\t\t\t<div class=\"elementor-widget-container\">\n\t\t\t\t\t\t\t\t\t<p data-olk-copy-source=\"MessageBody\">Aujourd'hui, la moutarde est largement utilis\u00e9e dans la production de viande pour ses pr\u00e9cieuses propri\u00e9t\u00e9s fonctionnelles. La moutarde jaune d\u00e9sactiv\u00e9e (d\u00e9schauff\u00e9e) constitue une source de prot\u00e9ines v\u00e9g\u00e9tales au go\u00fbt neutre qui peut, dans certains cas, remplacer des prot\u00e9ines de viande plus co\u00fbteuses. Sa teneur en gomme naturelle - pr\u00e9sente dans la couche de son de la graine - offre une excellente capacit\u00e9 de liaison \u00e0 l'eau, comparable \u00e0 celle de nombreuses gommes commerciales utilis\u00e9es dans les formulations.<\/p>\t\t\t\t\t\t\t\t<\/div>\n\t\t\t\t<\/div>\n\t\t\t\t<div class=\"elementor-element elementor-element-3b465a3 elementor-align-right elementor-widget elementor-widget-button\" data-id=\"3b465a3\" data-element_type=\"widget\" data-widget_type=\"button.default\">\n\t\t\t\t<div class=\"elementor-widget-container\">\n\t\t\t\t\t\t\t\t\t<div class=\"elementor-button-wrapper\">\n\t\t\t\t\t<a class=\"elementor-button elementor-button-link elementor-size-sm\" href=\"https:\/\/factoria-agro.ua\/fr\/produit\/deheated-mustard-flour\/\">\n\t\t\t\t\t\t<span class=\"elementor-button-content-wrapper\">\n\t\t\t\t\t\t\t\t\t<span class=\"elementor-button-text\">D\u00e9couvrez nos solutions<\/span>\n\t\t\t\t\t<\/span>\n\t\t\t\t\t<\/a>\n\t\t\t\t<\/div>\n\t\t\t\t\t\t\t\t<\/div>\n\t\t\t\t<\/div>\n\t\t\t\t<\/div>\n\t\t\t\t\t<\/div>\n\t\t\t\t<\/div>\n\t\t<div class=\"elementor-element elementor-element-796b0ae elementor-hidden-desktop elementor-hidden-laptop elementor-hidden-tablet_extra elementor-hidden-tablet elementor-hidden-mobile_extra elementor-hidden-mobile e-flex e-con-boxed e-con e-parent\" data-id=\"796b0ae\" data-element_type=\"container\">\n\t\t\t\t\t<div class=\"e-con-inner\">\n\t\t<div class=\"elementor-element elementor-element-b073b47 e-con-full e-flex e-con e-child\" data-id=\"b073b47\" data-element_type=\"container\" data-settings=\"{&quot;background_background&quot;:&quot;classic&quot;}\">\n\t\t\t\t<\/div>\n\t\t\t\t\t<\/div>\n\t\t\t\t<\/div>\n\t\t<div class=\"elementor-element elementor-element-9e8ad52 e-flex e-con-boxed elementor-invisible e-con e-parent\" data-id=\"9e8ad52\" data-element_type=\"container\" data-settings=\"{&quot;background_background&quot;:&quot;classic&quot;,&quot;animation&quot;:&quot;fadeInLeft&quot;}\">\n\t\t\t\t\t<div class=\"e-con-inner\">\n\t\t<div class=\"elementor-element elementor-element-92b5c49 e-con-full e-flex e-con e-child\" data-id=\"92b5c49\" data-element_type=\"container\">\n\t\t\t\t<div class=\"elementor-element elementor-element-ec5f5d7 elementor-widget__width-initial elementor-widget elementor-widget-heading\" data-id=\"ec5f5d7\" data-element_type=\"widget\" data-widget_type=\"heading.default\">\n\t\t\t\t<div class=\"elementor-widget-container\">\n\t\t\t\t\t<h3 class=\"elementor-heading-title elementor-size-default\">Ici pour collaborer\n\n<\/h3>\t\t\t\t<\/div>\n\t\t\t\t<\/div>\n\t\t\t\t<\/div>\n\t\t<div class=\"elementor-element elementor-element-ec70418 e-con-full e-flex e-con e-child\" data-id=\"ec70418\" data-element_type=\"container\">\n\t\t\t\t<div class=\"elementor-element elementor-element-6463dac elementor-widget elementor-widget-text-editor\" data-id=\"6463dac\" data-element_type=\"widget\" data-widget_type=\"text-editor.default\">\n\t\t\t\t<div class=\"elementor-widget-container\">\n\t\t\t\t\t\t\t\t\t<p>Notre \u00e9quipe peut adapter nos ingr\u00e9dients \u00e0 vos besoins, qu'il s'agisse d'affiner la texture, de rehausser la saveur ou d'ajouter des avantages nutritionnels.<\/p>\t\t\t\t\t\t\t\t<\/div>\n\t\t\t\t<\/div>\n\t\t\t\t<div class=\"elementor-element elementor-element-eb382a2 custom-button elementor-widget elementor-widget-button\" data-id=\"eb382a2\" data-element_type=\"widget\" data-widget_type=\"button.default\">\n\t\t\t\t<div class=\"elementor-widget-container\">\n\t\t\t\t\t\t\t\t\t<div class=\"elementor-button-wrapper\">\n\t\t\t\t\t<a class=\"elementor-button elementor-button-link elementor-size-sm\" href=\"https:\/\/factoria-agro.ua\/fr\/contact\/\">\n\t\t\t\t\t\t<span class=\"elementor-button-content-wrapper\">\n\t\t\t\t\t\t<span class=\"elementor-button-icon\">\n\t\t\t\t<svg xmlns=\"http:\/\/www.w3.org\/2000\/svg\" width=\"25\" height=\"25\" viewbox=\"0 0 25 25\" fill=\"none\"><path d=\"M12.8093 2.75C10.881 2.75 8.9959 3.32183 7.39252 4.39317C5.78914 5.46452 4.53946 6.98726 3.80151 8.76884C3.06355 10.5504 2.87047 12.5108 3.24667 14.4021C3.62288 16.2934 4.55148 18.0307 5.91504 19.3943C7.2786 20.7579 9.01589 21.6865 10.9072 22.0627C12.7985 22.4389 14.7589 22.2458 16.5405 21.5078C18.3221 20.7699 19.8448 19.5202 20.9162 17.9168C21.9875 16.3134 22.5593 14.4284 22.5593 12.5C22.5566 9.91498 21.5285 7.43661 19.7006 5.60872C17.8727 3.78084 15.3944 2.75273 12.8093 2.75ZM17.09 13.0306L14.09 16.0306C13.9492 16.1714 13.7584 16.2504 13.5593 16.2504C13.3603 16.2504 13.1694 16.1714 13.0287 16.0306C12.888 15.8899 12.8089 15.699 12.8089 15.5C12.8089 15.301 12.888 15.1101 13.0287 14.9694L14.749 13.25H9.05933C8.86042 13.25 8.66965 13.171 8.529 13.0303C8.38835 12.8897 8.30933 12.6989 8.30933 12.5C8.30933 12.3011 8.38835 12.1103 8.529 11.9697C8.66965 11.829 8.86042 11.75 9.05933 11.75H14.749L13.0287 10.0306C12.888 9.88989 12.8089 9.69902 12.8089 9.5C12.8089 9.30098 12.888 9.11011 13.0287 8.96937C13.1694 8.82864 13.3603 8.74958 13.5593 8.74958C13.7584 8.74958 13.9492 8.82864 14.09 8.96937L17.09 11.9694C17.1597 12.039 17.215 12.1217 17.2528 12.2128C17.2905 12.3038 17.3099 12.4014 17.3099 12.5C17.3099 12.5986 17.2905 12.6962 17.2528 12.7872C17.215 12.8783 17.1597 12.961 17.09 13.0306Z\" fill=\"#FBC91A\"><\/path><\/svg>\t\t\t<\/span>\n\t\t\t\t\t\t\t\t\t<span class=\"elementor-button-text\">Contactez notre \u00e9quipe<\/span>\n\t\t\t\t\t<\/span>\n\t\t\t\t\t<\/a>\n\t\t\t\t<\/div>\n\t\t\t\t\t\t\t\t<\/div>\n\t\t\t\t<\/div>\n\t\t\t\t<\/div>\n\t\t\t\t\t<\/div>\n\t\t\t\t<\/div>\n\t\t\t\t<\/div>","protected":false},"excerpt":{"rendered":"<p>Mustard Mustard \u2013 A Unique Multifunctional Ingredient Mustard is one of the most adaptable and multifunctional spices available. Beyond its distinctive flavour and nutritional benefits, it fulfils several essential roles in food production, acting as an emulsifier, antioxidant, stabiliser, preservative, binder, and even a valuable source of protein. It is a key ingredient that enhances [&hellip;]<\/p>","protected":false},"author":4,"featured_media":0,"parent":1014,"menu_order":0,"comment_status":"closed","ping_status":"closed","template":"","meta":{"_acf_changed":false,"footnotes":""},"class_list":["post-3555","page","type-page","status-publish","hentry"],"acf":[],"_links":{"self":[{"href":"https:\/\/factoria-agro.ua\/fr\/wp-json\/wp\/v2\/pages\/3555","targetHints":{"allow":["GET"]}}],"collection":[{"href":"https:\/\/factoria-agro.ua\/fr\/wp-json\/wp\/v2\/pages"}],"about":[{"href":"https:\/\/factoria-agro.ua\/fr\/wp-json\/wp\/v2\/types\/page"}],"author":[{"embeddable":true,"href":"https:\/\/factoria-agro.ua\/fr\/wp-json\/wp\/v2\/users\/4"}],"replies":[{"embeddable":true,"href":"https:\/\/factoria-agro.ua\/fr\/wp-json\/wp\/v2\/comments?post=3555"}],"version-history":[{"count":7,"href":"https:\/\/factoria-agro.ua\/fr\/wp-json\/wp\/v2\/pages\/3555\/revisions"}],"predecessor-version":[{"id":3565,"href":"https:\/\/factoria-agro.ua\/fr\/wp-json\/wp\/v2\/pages\/3555\/revisions\/3565"}],"up":[{"embeddable":true,"href":"https:\/\/factoria-agro.ua\/fr\/wp-json\/wp\/v2\/pages\/1014"}],"wp:attachment":[{"href":"https:\/\/factoria-agro.ua\/fr\/wp-json\/wp\/v2\/media?parent=3555"}],"curies":[{"name":"wp","href":"https:\/\/api.w.org\/{rel}","templated":true}]}}